{"id":111183,"date":"2022-12-26T08:49:19","date_gmt":"2022-12-26T07:49:19","guid":{"rendered":"https:\/\/www.tierslivre.net\/ateliers\/?page_id=111183"},"modified":"2022-12-26T08:50:03","modified_gmt":"2022-12-26T07:50:03","slug":"cycles-recherche-sur-la-nouvelle","status":"publish","type":"page","link":"https:\/\/www.tierslivre.net\/ateliers\/atelier-index-sommaires\/cycles-recherche-sur-la-nouvelle\/","title":{"rendered":"#cycles | recherche sur la nouvelle"},"content":{"rendered":"\n<p>\u2022 acc\u00e8s au sommaire g\u00e9n\u00e9ral du cycle recherches sur la nouvelle<\/p>\n","protected":false},"excerpt":{"rendered":"<p>\u2022 acc\u00e8s au sommaire g\u00e9n\u00e9ral du cycle recherches sur la nouvelle<\/p>\n","protected":false},"author":1,"featured_media":0,"parent":65365,"menu_order":8,"comment_status":"closed","ping_status":"closed","template":"","meta":{"h5ap_radio_sources":[],"footnotes":""},"class_list":["post-111183","page","type-page","status-publish","hentry"],"_links":{"self":[{"href":"https:\/\/www.tierslivre.net\/ateliers\/wp-json\/wp\/v2\/pages\/111183","targetHints":{"allow":["GET"]}}],"collection":[{"href":"https:\/\/www.tierslivre.net\/ateliers\/wp-json\/wp\/v2\/pages"}],"about":[{"href":"https:\/\/www.tierslivre.net\/ateliers\/wp-json\/wp\/v2\/types\/page"}],"author":[{"embeddable":true,"href":"https:\/\/www.tierslivre.net\/ateliers\/wp-json\/wp\/v2\/users\/1"}],"replies":[{"embeddable":true,"href":"https:\/\/www.tierslivre.net\/ateliers\/wp-json\/wp\/v2\/comments?post=111183"}],"version-history":[{"count":1,"href":"https:\/\/www.tierslivre.net\/ateliers\/wp-json\/wp\/v2\/pages\/111183\/revisions"}],"predecessor-version":[{"id":111184,"href":"https:\/\/www.tierslivre.net\/ateliers\/wp-json\/wp\/v2\/pages\/111183\/revisions\/111184"}],"up":[{"embeddable":true,"href":"https:\/\/www.tierslivre.net\/ateliers\/wp-json\/wp\/v2\/pages\/65365"}],"wp:attachment":[{"href":"https:\/\/www.tierslivre.net\/ateliers\/wp-json\/wp\/v2\/media?parent=111183"}],"curies":[{"name":"wp","href":"https:\/\/api.w.org\/{rel}","templated":true}]}}