{"id":111560,"date":"2023-01-08T10:31:18","date_gmt":"2023-01-08T09:31:18","guid":{"rendered":"https:\/\/www.tierslivre.net\/ateliers\/?page_id=111560"},"modified":"2023-03-26T22:40:25","modified_gmt":"2023-03-26T20:40:25","slug":"le-double-voyage-sommaire","status":"publish","type":"page","link":"https:\/\/www.tierslivre.net\/ateliers\/atelier-index-sommaires\/le-double-voyage\/le-double-voyage-sommaire\/","title":{"rendered":"le double voyage, sommaire"},"content":{"rendered":"\n<p class=\"has-text-align-center has-small-font-size\">\u2022 <em>merci de veiller au bon choix des cat\u00e9gories<\/em> <em>lors de la mise en ligne de vos contributions!<\/em><br><em>\u2022 documents d&rsquo;appui : via le Patreon du site<br>\u2022 et n&rsquo;h\u00e9sitez pas \u00e0 <a href=\"https:\/\/www.tierslivre.net\/index_patreon.html\">nous rejoindre<\/a> ! <\/em><\/p>\n\n\n\n<p>_ <a href=\"https:\/\/www.tierslivre.net\/spip\/spip.php?article5214\">prologue, on prend le Transsib\u00e9rien ensemble<\/a>, et <a href=\"https:\/\/www.tierslivre.net\/ateliers\/category\/le_double_voyage-2\/00_prologue\/\">l&rsquo;ensemble des contributions<\/a><\/p>\n\n\n\n<p>_ #01, <a href=\"https:\/\/www.tierslivre.net\/spip\/spip.php?article5215\">la nuit d&rsquo;avant<\/a>, et <a href=\"https:\/\/www.tierslivre.net\/ateliers\/category\/le_double_voyage-2\/01_la_nuit_d_avant\/\">l&rsquo;ensemble des contributions<\/a><\/p>\n\n\n\n<p>_ #02, <a href=\"https:\/\/www.tierslivre.net\/spip\/spip.php?article5217\">l&rsquo;arriv\u00e9e dans la ville<\/a>, et <a href=\"https:\/\/www.tierslivre.net\/ateliers\/category\/le_double_voyage-2\/02_arrivee_dans_la_ville\/\">l&rsquo;ensemble des contributions<\/a><\/p>\n\n\n\n<p>_ #03, <a href=\"https:\/\/www.tierslivre.net\/spip\/spip.php?article5218\">Michaux, l&rsquo;impossible retour<\/a>, et <a href=\"https:\/\/www.tierslivre.net\/ateliers\/category\/le_double_voyage-2\/03_michaux_impossible_retour\/\">l&rsquo;ensemble des contributions<\/a><\/p>\n\n\n\n<p>_ #04, <a href=\"https:\/\/www.tierslivre.net\/spip\/spip.php?article5219\">halte sur la cosmoroute, Dunlop &amp; Cort\u00e1zar<\/a>, et <a href=\"https:\/\/www.tierslivre.net\/ateliers\/category\/le_double_voyage-2\/04_cortazar\/\">l&rsquo;ensemble des contributions<\/a><\/p>\n\n\n\n<p>_ #05, <a href=\"https:\/\/www.tierslivre.net\/spip\/spip.php?article5220\">hommage \u00e0 Nicolas Bouvier<\/a>, et <a href=\"https:\/\/www.tierslivre.net\/ateliers\/category\/le_double_voyage-2\/05_bouvier\/\">l&rsquo;ensemble des contributions<\/a><\/p>\n\n\n\n<p>_ #06, <a href=\"https:\/\/www.tierslivre.net\/spip\/spip.php?article5222\">Calvino &amp; Marco Pol, qui raconte \u00e0 qui ?<\/a>, et <a href=\"https:\/\/www.tierslivre.net\/ateliers\/category\/le_double_voyage-2\/06_calvino\/\">l&rsquo;ensemble des contributions<\/a><\/p>\n\n\n\n<p>_ #07, <a href=\"https:\/\/www.tierslivre.net\/spip\/spip.php?article5221\">un tout petit voyage, Pierre Bergounioux<\/a>, et <a href=\"https:\/\/www.tierslivre.net\/ateliers\/category\/le_double_voyage-2\/08_bergounioux\/\">l&rsquo;ensemble des contributions<\/a><\/p>\n\n\n\n<p>_ #08, <a href=\"https:\/\/www.tierslivre.net\/spip\/spip.php?article5223\">Nathalie Quintane, reconstitutions Colomb<\/a>, et <a href=\"https:\/\/www.tierslivre.net\/ateliers\/category\/le_double_voyage-2\/08_quintane_colomb\/\">l&rsquo;ensemble des contributions<\/a><\/p>\n\n\n\n<p>_ #09, <a href=\"https:\/\/www.tierslivre.net\/spip\/spip.php?article5228\">Wittig, elle raconte une histoire<\/a>, et <a href=\"https:\/\/www.tierslivre.net\/ateliers\/category\/le_double_voyage-2\/09_wittig\/\">l&rsquo;ensemble des contributions<\/a><\/p>\n\n\n\n<p>_ #10, <a href=\"https:\/\/www.tierslivre.net\/spip\/spip.php?article5230\">3 cartes postales &amp; 1 fiction, avec Street View<\/a>, et <a href=\"https:\/\/www.tierslivre.net\/ateliers\/category\/le_double_voyage-2\/10_street_view\/\">l&rsquo;ensemble des contributions<\/a><\/p>\n\n\n\n<p>_ #11, tout va de travers, amplifications c\u00e9liniennes<\/p>\n\n\n\n<p><\/p>\n\n\n\n<p><\/p>\n","protected":false},"excerpt":{"rendered":"<p>\u2022 merci de veiller au bon choix des cat\u00e9gories lors de la mise en ligne de vos contributions!\u2022 documents d&rsquo;appui : via le Patreon du site\u2022 et n&rsquo;h\u00e9sitez pas \u00e0 nous rejoindre ! _ prologue, on prend le Transsib\u00e9rien ensemble, et l&rsquo;ensemble des contributions _ #01, la nuit d&rsquo;avant, et l&rsquo;ensemble des contributions _ #02, l&rsquo;arriv\u00e9e dans la ville, et <a class=\"more-link\" href=\"https:\/\/www.tierslivre.net\/ateliers\/atelier-index-sommaires\/le-double-voyage\/le-double-voyage-sommaire\/\">Continuer la lecture<span class=\"screen-reader-text\">le double voyage, sommaire<\/span><span class=\"meta-nav\">&rarr;<\/span><\/a><\/p>\n","protected":false},"author":1,"featured_media":0,"parent":111558,"menu_order":1,"comment_status":"closed","ping_status":"closed","template":"","meta":{"h5ap_radio_sources":[],"footnotes":""},"class_list":["post-111560","page","type-page","status-publish","hentry"],"_links":{"self":[{"href":"https:\/\/www.tierslivre.net\/ateliers\/wp-json\/wp\/v2\/pages\/111560","targetHints":{"allow":["GET"]}}],"collection":[{"href":"https:\/\/www.tierslivre.net\/ateliers\/wp-json\/wp\/v2\/pages"}],"about":[{"href":"https:\/\/www.tierslivre.net\/ateliers\/wp-json\/wp\/v2\/types\/page"}],"author":[{"embeddable":true,"href":"https:\/\/www.tierslivre.net\/ateliers\/wp-json\/wp\/v2\/users\/1"}],"replies":[{"embeddable":true,"href":"https:\/\/www.tierslivre.net\/ateliers\/wp-json\/wp\/v2\/comments?post=111560"}],"version-history":[{"count":3,"href":"https:\/\/www.tierslivre.net\/ateliers\/wp-json\/wp\/v2\/pages\/111560\/revisions"}],"predecessor-version":[{"id":118070,"href":"https:\/\/www.tierslivre.net\/ateliers\/wp-json\/wp\/v2\/pages\/111560\/revisions\/118070"}],"up":[{"embeddable":true,"href":"https:\/\/www.tierslivre.net\/ateliers\/wp-json\/wp\/v2\/pages\/111558"}],"wp:attachment":[{"href":"https:\/\/www.tierslivre.net\/ateliers\/wp-json\/wp\/v2\/media?parent=111560"}],"curies":[{"name":"wp","href":"https:\/\/api.w.org\/{rel}","templated":true}]}}