{"id":121438,"date":"2023-05-09T19:30:14","date_gmt":"2023-05-09T17:30:14","guid":{"rendered":"https:\/\/www.tierslivre.net\/ateliers\/?page_id=121438"},"modified":"2023-05-31T08:02:22","modified_gmt":"2023-05-31T06:02:22","slug":"121438-2","status":"publish","type":"page","link":"https:\/\/www.tierslivre.net\/ateliers\/atelier-index-sommaires\/techniques\/121438-2\/","title":{"rendered":"index des autrices &amp; auteurs"},"content":{"rendered":"\n<p><strong>A<\/strong><\/p>\n\n\n\n<p>_ <a href=\"https:\/\/www.tierslivre.net\/ateliers\/author\/halbernhe\/\">Huguette Albernhe<\/a><\/p>\n\n\n\n<p><strong>B<\/strong><\/p>\n\n\n\n<p>_ <a href=\"https:\/\/www.tierslivre.net\/ateliers\/author\/pblanchon\/\">Patrick Blanchon<\/a><\/p>\n\n\n\n<p>_ <a href=\"https:\/\/www.tierslivre.net\/ateliers\/author\/mguenon\/\">Muriel Boussarie<\/a><\/p>\n\n\n\n<p>_ <a href=\"https:\/\/www.tierslivre.net\/ateliers\/author\/camillec\/\">Camille Br\u00e9chaire<\/a><\/p>\n\n\n\n<p>_ <a href=\"https:\/\/www.tierslivre.net\/ateliers\/author\/fbreton\/\">Fran\u00e7oise Breton<\/a><\/p>\n\n\n\n<p><strong>C<\/strong><\/p>\n\n\n\n<p>_ <a href=\"https:\/\/www.tierslivre.net\/ateliers\/author\/jeromece\/\">J\u00e9r\u00f4me C\u00e9<\/a><\/p>\n\n\n\n<p>_ <a href=\"https:\/\/www.tierslivre.net\/ateliers\/author\/brigetoun\/\">Brigitte C\u00e9l\u00e9rier<\/a><\/p>\n\n\n\n<p>_ <a href=\"https:\/\/www.tierslivre.net\/ateliers\/author\/isabellec\/\">Isabelle Charreau<\/a><\/p>\n\n\n\n<p>_ <a href=\"https:\/\/www.tierslivre.net\/ateliers\/author\/jluc-chovelon\/\">Jean-Luc Chovelon<\/a><\/p>\n\n\n\n<p>_ <a href=\"https:\/\/www.tierslivre.net\/ateliers\/author\/pierodebelleville\/\">Piero Cohen Hadria<\/a><\/p>\n\n\n\n<p><strong>D<\/strong><\/p>\n\n\n\n<p>_ <a href=\"https:\/\/www.tierslivre.net\/ateliers\/author\/idartiguelongue\/\">Isabelle Dartiguelongue<\/a><\/p>\n\n\n\n<p>_ <a href=\"https:\/\/www.tierslivre.net\/ateliers\/author\/adejardin\/\">Anne Dejardin<\/a><\/p>\n\n\n\n<p>_ <a href=\"https:\/\/www.tierslivre.net\/ateliers\/author\/cdeligny\/\">Christiane Deligny<\/a><\/p>\n\n\n\n<p>_ <a href=\"https:\/\/www.tierslivre.net\/ateliers\/author\/edellas\/\">Elise Dellas<\/a><\/p>\n\n\n\n<p>_ <a href=\"https:\/\/www.tierslivre.net\/ateliers\/author\/jderimay\/\">Juliette Derimay<\/a><\/p>\n\n\n\n<p>_ <a href=\"https:\/\/www.tierslivre.net\/ateliers\/author\/carolinediaz\/\">Caroline Diaz<\/a><\/p>\n\n\n\n<p>_ <a href=\"https:\/\/www.tierslivre.net\/ateliers\/author\/bernardd\/\">Bernard Dudoignon<\/a><\/p>\n\n\n\n<p><strong>E<\/strong><\/p>\n\n\n\n<p>_ <a href=\"https:\/\/www.tierslivre.net\/ateliers\/author\/fbreton\/\">Christine Eschenbrenner<\/a><\/p>\n\n\n\n<p>_ <a href=\"https:\/\/www.tierslivre.net\/ateliers\/author\/neuzen\/\">Nolwenn Euzen<\/a><\/p>\n\n\n\n<p><strong>F<\/strong><\/p>\n\n\n\n<p>_ <a href=\"https:\/\/www.tierslivre.net\/ateliers\/author\/vfrancey\/\">Vincent Francey<\/a><\/p>\n\n\n\n<p><strong>G<\/strong><\/p>\n\n\n\n<p>_ <a href=\"https:\/\/www.tierslivre.net\/ateliers\/author\/menilorac\/\">Marie-Caroline Gallot<\/a><\/p>\n\n\n\n<p>_ <a href=\"https:\/\/www.tierslivre.net\/ateliers\/author\/jmarigar\/\">Jean-Marie Garnier<\/a><\/p>\n\n\n\n<p>_ <a href=\"https:\/\/www.tierslivre.net\/ateliers\/author\/dgodardlivet\/\">Dani\u00e8le Godard-Livet<\/a><\/p>\n\n\n\n<p>_ <a href=\"https:\/\/www.tierslivre.net\/ateliers\/author\/bpelissou\/\">Betty Gomez<\/a><\/p>\n\n\n\n<p>_ <a href=\"https:\/\/www.tierslivre.net\/ateliers\/author\/jmgraas\/\">Jean-Marie Graas<\/a><\/p>\n\n\n\n<p>_ <a href=\"https:\/\/www.tierslivre.net\/ateliers\/author\/sophie-grail\/\">Sophie Grail<\/a><\/p>\n\n\n\n<p>_ <a href=\"https:\/\/www.tierslivre.net\/ateliers\/author\/fguillaumond\/\">Fran\u00e7oise Guillaumond<\/a><\/p>\n\n\n\n<p><strong>H<\/strong><\/p>\n\n\n\n<p>_ <a href=\"https:\/\/www.tierslivre.net\/ateliers\/author\/morgannm\/\">James Hardy<\/a><\/p>\n\n\n\n<p>_ <a href=\"https:\/\/www.tierslivre.net\/ateliers\/author\/jndrix\/\">Jen Hendrycks<\/a><\/p>\n\n\n\n<p>_ <a href=\"https:\/\/www.tierslivre.net\/ateliers\/author\/nholt\/\">Nathalie Holt<\/a><\/p>\n\n\n\n<p><strong>I<\/strong><\/p>\n\n\n\n<p>_ <a href=\"https:\/\/www.tierslivre.net\/ateliers\/author\/rinterlegator\/\">Raymonde Interlegator<\/a><\/p>\n\n\n\n<p><strong>K<\/strong><\/p>\n\n\n\n<p>_ <a href=\"https:\/\/www.tierslivre.net\/ateliers\/author\/ckoeckx\/\">Catherine Koeckx<\/a><\/p>\n\n\n\n<p><strong>M<\/strong><\/p>\n\n\n\n<p>_ <a href=\"https:\/\/www.tierslivre.net\/ateliers\/author\/isabelledm\/\">Isabelle de Montfort<\/a><\/p>\n\n\n\n<p>_ <a href=\"https:\/\/www.tierslivre.net\/ateliers\/author\/mariemoscardini\/\">Marie Moscardini<\/a><\/p>\n\n\n\n<p><strong>P<\/strong><br>_&nbsp;<a href=\"https:\/\/www.tierslivre.net\/ateliers\/author\/upandolfi\/\">Ugo Pandolfi<\/a><\/p>\n\n\n\n<p>_ <a href=\"https:\/\/www.tierslivre.net\/ateliers\/author\/mtpeyrin\/\">Marie-Th\u00e9r\u00e8se Peyrin<\/a><\/p>\n\n\n\n<p><strong>Q<\/strong><\/p>\n\n\n\n<p>_ <a href=\"https:\/\/www.tierslivre.net\/ateliers\/author\/gqueyrel\/\">G\u00e9raldine Queyrel<\/a><\/p>\n\n\n\n<p><strong>S<\/strong><\/p>\n\n\n\n<p>_ <a href=\"https:\/\/www.tierslivre.net\/ateliers\/author\/fsavarit\/\">Fabienne Savarit<\/a><\/p>\n\n\n\n<p>_ <a href=\"https:\/\/www.tierslivre.net\/ateliers\/author\/oscelo\/\">Olivia Sc\u00e9lo<\/a><\/p>\n\n\n\n<p>_ <a href=\"https:\/\/www.tierslivre.net\/ateliers\/author\/jseif\/\">Jad Seif<\/a><\/p>\n\n\n\n<p>_ <a href=\"https:\/\/www.tierslivre.net\/ateliers\/author\/cserre\/\">Catherine Serre<\/a><\/p>\n\n\n\n<p>_ <a href=\"https:\/\/www.tierslivre.net\/ateliers\/author\/laurent-stratos\/\">Laurent Stratos<\/a><\/p>\n\n\n\n<p><strong>T<\/strong><\/p>\n\n\n\n<p>_ <a href=\"https:\/\/www.tierslivre.net\/ateliers\/author\/marion\/\">Marion T.<\/a><\/p>\n\n\n\n<p>_ <a href=\"https:\/\/www.tierslivre.net\/ateliers\/author\/ftanneau\/\">Florent Tanneau<\/a><\/p>\n\n\n\n<p>_ <a href=\"https:\/\/www.tierslivre.net\/ateliers\/author\/ctestard\/\">Christophe Testard<\/a><\/p>\n\n\n\n<p>_ <a href=\"https:\/\/www.tierslivre.net\/ateliers\/author\/jacdeturenne\/\">Jacques de Turenne<\/a><\/p>\n\n\n\n<p><strong>V<\/strong><\/p>\n\n\n\n<p>_ <a href=\"https:\/\/www.tierslivre.net\/ateliers\/author\/lorenvi\/\">Laurent V.<\/a><\/p>\n\n\n\n<p>_ <a href=\"https:\/\/www.tierslivre.net\/ateliers\/author\/pvallens\/\">Perle Vallens<\/a><\/p>\n\n\n\n<p>_ <a href=\"https:\/\/www.tierslivre.net\/ateliers\/author\/svissac\/\">Solange Vissac<\/a><\/p>\n\n\n\n<p><strong>W<\/strong><\/p>\n\n\n\n<p>_ <a href=\"https:\/\/www.tierslivre.net\/ateliers\/?s=Simone+Wambeke.\">Wambeke, Simone<\/a><\/p>\n\n\n\n<p>_ <a href=\"https:\/\/www.tierslivre.net\/ateliers\/author\/wpaille\/\">Will<\/a><\/p>\n","protected":false},"excerpt":{"rendered":"<p>A _ Huguette Albernhe B _ Patrick Blanchon _ Muriel Boussarie _ Camille Br\u00e9chaire _ Fran\u00e7oise Breton C _ J\u00e9r\u00f4me C\u00e9 _ Brigitte C\u00e9l\u00e9rier _ Isabelle Charreau _ Jean-Luc Chovelon _ Piero Cohen Hadria D _ Isabelle Dartiguelongue _ Anne Dejardin _ Christiane Deligny _ Elise Dellas _ Juliette Derimay _ Caroline Diaz _ Bernard Dudoignon E _ Christine Eschenbrenner <a class=\"more-link\" href=\"https:\/\/www.tierslivre.net\/ateliers\/atelier-index-sommaires\/techniques\/121438-2\/\">Continuer la lecture<span class=\"screen-reader-text\">index des autrices &amp; auteurs<\/span><span class=\"meta-nav\">&rarr;<\/span><\/a><\/p>\n","protected":false},"author":1,"featured_media":0,"parent":119071,"menu_order":2,"comment_status":"closed","ping_status":"closed","template":"","meta":{"h5ap_radio_sources":[],"footnotes":""},"class_list":["post-121438","page","type-page","status-publish","hentry"],"_links":{"self":[{"href":"https:\/\/www.tierslivre.net\/ateliers\/wp-json\/wp\/v2\/pages\/121438","targetHints":{"allow":["GET"]}}],"collection":[{"href":"https:\/\/www.tierslivre.net\/ateliers\/wp-json\/wp\/v2\/pages"}],"about":[{"href":"https:\/\/www.tierslivre.net\/ateliers\/wp-json\/wp\/v2\/types\/page"}],"author":[{"embeddable":true,"href":"https:\/\/www.tierslivre.net\/ateliers\/wp-json\/wp\/v2\/users\/1"}],"replies":[{"embeddable":true,"href":"https:\/\/www.tierslivre.net\/ateliers\/wp-json\/wp\/v2\/comments?post=121438"}],"version-history":[{"count":3,"href":"https:\/\/www.tierslivre.net\/ateliers\/wp-json\/wp\/v2\/pages\/121438\/revisions"}],"predecessor-version":[{"id":122909,"href":"https:\/\/www.tierslivre.net\/ateliers\/wp-json\/wp\/v2\/pages\/121438\/revisions\/122909"}],"up":[{"embeddable":true,"href":"https:\/\/www.tierslivre.net\/ateliers\/wp-json\/wp\/v2\/pages\/119071"}],"wp:attachment":[{"href":"https:\/\/www.tierslivre.net\/ateliers\/wp-json\/wp\/v2\/media?parent=121438"}],"curies":[{"name":"wp","href":"https:\/\/api.w.org\/{rel}","templated":true}]}}