{"id":123174,"date":"2023-06-02T13:51:43","date_gmt":"2023-06-02T11:51:43","guid":{"rendered":"https:\/\/www.tierslivre.net\/ateliers\/?page_id=123174"},"modified":"2023-10-08T11:44:11","modified_gmt":"2023-10-08T09:44:11","slug":"ete-2023-le-sommaire","status":"publish","type":"page","link":"https:\/\/www.tierslivre.net\/ateliers\/atelier-index-sommaires\/ete-2023\/ete-2023-le-sommaire\/","title":{"rendered":"\u00e9t\u00e9 2023, le sommaire"},"content":{"rendered":"\n<p>Rappel : la participation au cycle suppose inscription Patreon niveau 2 de votre abonnement. <\/p>\n\n\n\n<p><strong>#00<\/strong> |&nbsp;<a href=\"https:\/\/www.tierslivre.net\/spip\/spip.php?article5243\">prologue, le roman<\/a>, et <a href=\"https:\/\/www.tierslivre.net\/ateliers\/category\/ete-2023-du-roman\/00-prologue\/\">l&rsquo;ensemble des contributions<\/a>; <\/p>\n\n\n\n<p><strong>#01<\/strong> | <a href=\"https:\/\/www.tierslivre.net\/spip\/spip.php?article5244\">Annie Dillard, le roman commence par en inventer l&rsquo;auteur<\/a>, et <a href=\"https:\/\/www.tierslivre.net\/ateliers\/category\/ete-2023-du-roman\/01-annie-dillard-commencer-par-inventer-lauteur\/\">l&rsquo;ensemble des contributions<\/a>;<\/p>\n\n\n\n<p>\u2013 et son post-scriptum : <a href=\"https:\/\/www.patreon.com\/posts\/ete2023-01bis-de-84543987\">d&rsquo;une sc\u00e8ne originelle de l&rsquo;\u00e9criture<\/a>, avec <a href=\"https:\/\/www.tierslivre.net\/ateliers\/category\/ete-2023-du-roman\/01bis-scene-originelle\/\">l&rsquo;ensemble des contributions<\/a>;<\/p>\n\n\n\n<p><strong>#02<\/strong> | <a href=\"https:\/\/www.tierslivre.net\/spip\/spip.php?article5245\">du lieu au personnage, Jane Sauti\u00e8re<\/a>, et <a href=\"https:\/\/www.tierslivre.net\/ateliers\/category\/ete-2023-du-roman\/02-jane-sautiere-du-lieu-au-personnage\/\">l&rsquo;ensemble des contributions<\/a>;<\/p>\n\n\n\n<p>\u2013 son post-scriptum, <a href=\"https:\/\/www.patreon.com\/posts\/ateliers-ete2023-84890309\">sous forme de jokari<\/a>, avec <a href=\"https:\/\/www.tierslivre.net\/ateliers\/category\/ete-2023-du-roman\/02bis-jokari\/\">l&rsquo;ensemble des contributions<\/a>;<\/p>\n\n\n\n<p><strong>#03<\/strong> | <a href=\"https:\/\/www.tierslivre.net\/spip\/spip.php?article5246\">Comme je l&rsquo;avais dit&#8230; Gertrude Stein<\/a>, et <a href=\"https:\/\/www.tierslivre.net\/ateliers\/category\/ete-2023-du-roman\/03_stein-americains\/\">l&rsquo;ensemble des contributions<\/a>;<\/p>\n\n\n\n<p>\u2013 son post-scriptum <a href=\"https:\/\/www.patreon.com\/posts\/ateliers-ete2023-85235668\">quatre par quatre (Gertrude Stein encore)<\/a>, avec <a href=\"https:\/\/www.tierslivre.net\/ateliers\/category\/ete-2023-du-roman\/03bis-quatre-par-quatre\/\">l&rsquo;ensemble des contributions<\/a>;<\/p>\n\n\n\n<p><strong>#04<\/strong> |&nbsp;<a href=\"https:\/\/www.tierslivre.net\/spip\/spip.php?article5247\">superposer les temps<\/a>, et <a href=\"https:\/\/www.tierslivre.net\/ateliers\/category\/ete-2023-du-roman\/04-superposer-le-temps\/\">l&rsquo;ensemble des contributions<\/a>;<\/p>\n\n\n\n<p>\u2013 son post-scriptum : <a href=\"https:\/\/www.patreon.com\/posts\/ateliers-ete2023-85607806\">dans la nuit de samedi \u00e0 dimanche<\/a> avec <a href=\"https:\/\/www.tierslivre.net\/ateliers\/category\/ete-2023-du-roman\/04bis-nicole-caligaris-du-samedi-au-dimanche\/\">l&rsquo;ensemble des contributions<\/a>;<\/p>\n\n\n\n<p><strong>#05<\/strong> | <a href=\"https:\/\/www.tierslivre.net\/spip\/spip.php?article5248\">ce qui \u00e9chappe (compressions du temps)<\/a>, et <a href=\"https:\/\/www.tierslivre.net\/ateliers\/category\/ete-2023-du-roman\/05-compressions-faulkner\/\">l&rsquo;ensemble des contributions<\/a>;<\/p>\n\n\n\n<p>\u2013 son post-scriptum: <a href=\"https:\/\/www.patreon.com\/posts\/ateliers-ete2023-85970273\">Sapo Sapo Sapo Sapo (quatre fois Sapo)<\/a>, avec <a href=\"https:\/\/www.tierslivre.net\/ateliers\/category\/ete-2023-du-roman\/05bis-sapo\/\">l&rsquo;ensemble des contributions<\/a>:<\/p>\n\n\n\n<p><strong>#06<\/strong> | <a href=\"https:\/\/www.tierslivre.net\/spip\/spip.php?article5249\">parlons argent (et Emmanuelle Pireyre)<\/a>, et <a href=\"https:\/\/www.tierslivre.net\/ateliers\/category\/ete-2023-du-roman\/06-argent\/\">l&rsquo;ensemble des contributions<\/a>;<\/p>\n\n\n\n<p>\u2013 son post-scriptum <a href=\"https:\/\/www.patreon.com\/posts\/ateliers-ete2023-86382119\">Novarina, l&rsquo;incantation des chiffres<\/a>, avec <a href=\"https:\/\/www.tierslivre.net\/ateliers\/category\/ete-2023-du-roman\/06bis-chiffres\/\">l&rsquo;ensemble des contributions<\/a>;<\/p>\n\n\n\n<p><strong>#07<\/strong> |&nbsp;<a href=\"https:\/\/www.tierslivre.net\/spip\/spip.php?article5250\">de la pr\u00e9paration du corps, Francesca Woodman<\/a>, et <a href=\"https:\/\/www.tierslivre.net\/ateliers\/category\/ete-2023-du-roman\/07-francesca-woodman\/\">l&rsquo;ensemble des contributions<\/a>;<\/p>\n\n\n\n<p>\u2013 son post-scriptum <a href=\"https:\/\/www.patreon.com\/posts\/ateliers-ete2023-86673240\">je n&rsquo;ai pas assez parl\u00e9 de cette odeur<\/a>, avec <a href=\"https:\/\/www.tierslivre.net\/ateliers\/category\/ete-2023-du-roman\/07bis-odeur\/\">l&rsquo;ensemble des contributions<\/a>;<\/p>\n\n\n\n<p><strong>#08<\/strong> | <a href=\"https:\/\/www.tierslivre.net\/spip\/spip.php?article5251\">le pied nu de Balzac (et un peu de Claude SImon aussi)<\/a>, et <a href=\"https:\/\/www.tierslivre.net\/spip\/spip.php?article5251\">l&rsquo;ensemble des contributions<\/a>;<\/p>\n\n\n\n<p>\u2013 son post-scriptum <a href=\"https:\/\/www.patreon.com\/posts\/ateliers-ete2023-87057689\">carte de Bretagne &amp; sardines \u00e0 l&rsquo;huile<\/a>, avec <a href=\"https:\/\/www.tierslivre.net\/ateliers\/category\/ete-2023-du-roman\/08bis-fractales-sardines-a-lhuile\/\">l&rsquo;ensemble des contributions<\/a>;<\/p>\n\n\n\n<p><strong>#09<\/strong> |&nbsp;<a href=\"http:\/\/\u00ab un secret de Stephen King \u00bb  #TiersLivre, ateliers d'\u00e9criture, cycle #\u00e9t\u00e92023 le #09  (et plus de 1000 contributions en ligne depuis le d\u00e9but de ce cycle, un peu abasourdi mais tr\u00e8s fier !)  https:\/\/www.tierslivre.net\/spip\/spip.php?article5252\">un secret de Stephen King<\/a>  et <a href=\"https:\/\/www.tierslivre.net\/ateliers\/category\/ete-2023-du-roman\/09-stephen-king-lieu\/\">l&rsquo;ensemble des contributions<\/a>;<\/p>\n\n\n\n<p>\u2013 son post-scriptum <a href=\"https:\/\/www.patreon.com\/posts\/ateliers-ete2023-87417318\">Stephen King, disjoindre le temps<\/a>, avec <a href=\"https:\/\/www.tierslivre.net\/ateliers\/category\/ete-2023-du-roman\/09bis-stephen-king-temps\/\">l&rsquo;ensemble des contributions<\/a>;<\/p>\n\n\n\n<p><strong>#10<\/strong> |&nbsp;<a href=\"https:\/\/www.patreon.com\/posts\/ateliers-ete2023-87944763\">le personnage ne vous appartient pas<\/a>, et<a href=\"https:\/\/www.tierslivre.net\/ateliers\/category\/ete-2023-du-roman\/10-personnage-sans-vous\/\"> l&rsquo;ensemble des contributions<\/a>;<\/p>\n\n\n\n<p>\u2013 son post-scriptum <a href=\"https:\/\/www.patreon.com\/posts\/ateliers-ete2023-88178793\">#10bis, le personnage contre l&rsquo;auteur<\/a>, avec <a href=\"https:\/\/www.tierslivre.net\/ateliers\/category\/ete-2023-du-roman\/10bis-le-personnage-et-lauteur\/\">l&rsquo;ensemble des contributions<\/a>;<\/p>\n\n\n\n<p><strong>#11<\/strong> | <a href=\"https:\/\/www.tierslivre.net\/spip\/spip.php?article5255\">Gertrude Stein, \u00e9crire en marche arri\u00e8re<\/a>, et <a href=\"https:\/\/www.tierslivre.net\/ateliers\/category\/ete-2023-du-roman\/11-stein-marche-arriere\/\">l&rsquo;ensemble des contributions<\/a><\/p>\n\n\n\n<p>\u2013 son post-scriptum <a href=\"https:\/\/www.patreon.com\/posts\/ateliers-ete2023-88842699\">#11bis, portrait du personnage en lecteur<\/a>, avec<a href=\"https:\/\/www.tierslivre.net\/ateliers\/category\/ete-2023-du-roman\/11bis-portrait-du-personnage-en-lecteur\/\"> l&rsquo;ensemble des contributions<\/a><\/p>\n\n\n\n<p><strong>#12<\/strong> | <a href=\"https:\/\/www.tierslivre.net\/spip\/spip.php?article5256\">Thomas Bernhard, le fauteuil \u00e0 oreilles<\/a>, et <a href=\"https:\/\/www.tierslivre.net\/ateliers\/category\/ete-2023-du-roman\/12-thomas-bernhard-fauteuil-a-oreilles\/\">l&rsquo;ensemble des contributions<\/a><\/p>\n\n\n\n<p>\u2013 son post-scriptum #12bis, <a href=\"https:\/\/www.patreon.com\/posts\/ateliers-ete2023-89215075\">Monologue encore, mais chauff\u00e9 au rouge<\/a> avec <a href=\"https:\/\/www.tierslivre.net\/ateliers\/category\/ete-2023-du-roman\/12bis-monologue-encore\/\">l&rsquo;ensemble des contributions<\/a><\/p>\n\n\n\n<p class=\"has-text-align-center has-small-font-size\">[fin du rythme avec 2 Propositions par semaine, on reprend l&rsquo;atelier hebdo&#8230; hebdo !]<\/p>\n\n\n\n<p><strong>#13<\/strong> |&nbsp;<a href=\"https:\/\/www.tierslivre.net\/spip\/spip.php?article5257\">nord sud est ouest, le syst\u00e8me Cendrars<\/a>, et <a href=\"https:\/\/www.tierslivre.net\/ateliers\/category\/ete-2023-du-roman\/13-cendrars\/\">l&rsquo;ensemble des contributions<\/a>;<\/p>\n\n\n\n<p><strong>#14<\/strong> |&nbsp;<a href=\"https:\/\/www.tierslivre.net\/spip\/spip.php?article5259\">immersion visuelle, Joy Sorman reste en gare<\/a>, et <a href=\"https:\/\/www.tierslivre.net\/ateliers\/category\/ete-2023-du-roman\/14-joy-sorman\/\">l&rsquo;ensemble des contributions<\/a><\/p>\n\n\n\n<p><strong>#15<\/strong> |\u00a0<a href=\"https:\/\/www.tierslivre.net\/spip\/spip.php?article5260\">Gracq, po\u00e9tique du r\u00e9cit<\/a>, et <a href=\"https:\/\/www.tierslivre.net\/ateliers\/category\/ete-2023-du-roman\/14-gracg-poetique-du-recit\/\">l&rsquo;ensemble des contributions<\/a>; <\/p>\n\n\n\n<p class=\"has-small-font-size\"><strong>#16<\/strong> | N<a href=\"https:\/\/www.tierslivre.net\/spip\/spip.php?article5261\">athalie Quintane r\u00eave de Las Vegas<\/a>, et <a href=\"https:\/\/www.tierslivre.net\/ateliers\/category\/ete-2023-du-roman\/16-quintane-a-las-vegas\/\">l&rsquo;ensemble des contributions<\/a>;<\/p>\n\n\n\n<p>\u2022 Et&#8230; pourquoi pas r\u00e9fl\u00e9chir ensemble \u00e0 la d\u00e9marche ? Merci \u00e0 N.H. de cette belle id\u00e9e de publier, avec le tag <a href=\"https:\/\/www.tierslivre.net\/ateliers\/category\/ete-2023-du-roman\/lire-les-autres-dire-la-demarche\/\">lire les autres, dire la d\u00e9marche<\/a>, d&rsquo;un espace parall\u00e8le de r\u00e9flexion sur le cycle en cours&#8230; <\/p>\n\n\n\n<p>\u2022 Remerciement d&rsquo;avance, aussi pour chacune de vos lectures, chacun de vos commentaires, c&rsquo;est si pr\u00e9cieux, si important&#8230; et aussi une mani\u00e8re de faire venir les lecteurs \u00e0 vos propres textes ! <\/p>\n\n\n\n<p><\/p>\n","protected":false},"excerpt":{"rendered":"<p>Rappel : la participation au cycle suppose inscription Patreon niveau 2 de votre abonnement. #00 |&nbsp;prologue, le roman, et l&rsquo;ensemble des contributions; #01 | Annie Dillard, le roman commence par en inventer l&rsquo;auteur, et l&rsquo;ensemble des contributions; \u2013 et son post-scriptum : d&rsquo;une sc\u00e8ne originelle de l&rsquo;\u00e9criture, avec l&rsquo;ensemble des contributions; #02 | du lieu au personnage, Jane Sauti\u00e8re, et <a class=\"more-link\" href=\"https:\/\/www.tierslivre.net\/ateliers\/atelier-index-sommaires\/ete-2023\/ete-2023-le-sommaire\/\">Continuer la lecture<span class=\"screen-reader-text\">\u00e9t\u00e9 2023, le sommaire<\/span><span class=\"meta-nav\">&rarr;<\/span><\/a><\/p>\n","protected":false},"author":1,"featured_media":0,"parent":123171,"menu_order":1,"comment_status":"closed","ping_status":"closed","template":"","meta":{"h5ap_radio_sources":[],"footnotes":""},"class_list":["post-123174","page","type-page","status-publish","hentry"],"_links":{"self":[{"href":"https:\/\/www.tierslivre.net\/ateliers\/wp-json\/wp\/v2\/pages\/123174","targetHints":{"allow":["GET"]}}],"collection":[{"href":"https:\/\/www.tierslivre.net\/ateliers\/wp-json\/wp\/v2\/pages"}],"about":[{"href":"https:\/\/www.tierslivre.net\/ateliers\/wp-json\/wp\/v2\/types\/page"}],"author":[{"embeddable":true,"href":"https:\/\/www.tierslivre.net\/ateliers\/wp-json\/wp\/v2\/users\/1"}],"replies":[{"embeddable":true,"href":"https:\/\/www.tierslivre.net\/ateliers\/wp-json\/wp\/v2\/comments?post=123174"}],"version-history":[{"count":3,"href":"https:\/\/www.tierslivre.net\/ateliers\/wp-json\/wp\/v2\/pages\/123174\/revisions"}],"predecessor-version":[{"id":137459,"href":"https:\/\/www.tierslivre.net\/ateliers\/wp-json\/wp\/v2\/pages\/123174\/revisions\/137459"}],"up":[{"embeddable":true,"href":"https:\/\/www.tierslivre.net\/ateliers\/wp-json\/wp\/v2\/pages\/123171"}],"wp:attachment":[{"href":"https:\/\/www.tierslivre.net\/ateliers\/wp-json\/wp\/v2\/media?parent=123174"}],"curies":[{"name":"wp","href":"https:\/\/api.w.org\/{rel}","templated":true}]}}