{"id":123185,"date":"2023-06-02T13:53:33","date_gmt":"2023-06-02T11:53:33","guid":{"rendered":"https:\/\/www.tierslivre.net\/ateliers\/?page_id=123185"},"modified":"2024-01-29T21:15:04","modified_gmt":"2024-01-29T20:15:04","slug":"comedies-humaines-index-des-autrices-auteurs","status":"publish","type":"page","link":"https:\/\/www.tierslivre.net\/ateliers\/atelier-index-sommaires\/ete-2023\/comedies-humaines-index-des-autrices-auteurs\/","title":{"rendered":"\u00e9t\u00e9 2023 | index des autrices &#038; auteurs"},"content":{"rendered":"\n<p>L&rsquo;index des autrices &amp; auteurs du cycle \u00e9t\u00e9 2023 sera rempli \u00e0 mesure de vos premi\u00e8res contributions ! Merci de signaler \u00e9ventuels oublis ! <\/p>\n\n\n\n<p>Et rappel : <a href=\"https:\/\/www.patreon.com\/posts\/annuaire-nos-83380525\">le r\u00e9pertoire des sites, blogs et r\u00e9seaux des abonn\u00e9\u00b7e\u00b7s du Tiers Livre<\/a><\/p>\n\n\n\n<p>. <\/p>\n\n\n\n<p><strong>A<\/strong><\/p>\n\n\n\n<p>_ <a href=\"https:\/\/www.tierslivre.net\/ateliers\/author\/maouezig\/\">Abgrall-Servettaz, Gwenn<\/a><\/p>\n\n\n\n<p>_ <a href=\"https:\/\/www.tierslivre.net\/ateliers\/author\/halbernhe\/\">Albernhe, Huguette<\/a><\/p>\n\n\n\n<p><strong>B<\/strong><\/p>\n\n\n\n<p>_ <a href=\"https:\/\/www.tierslivre.net\/ateliers\/author\/noellebb\/\">Baillon, No\u00eblle<\/a><\/p>\n\n\n\n<p>_ <a href=\"https:\/\/www.tierslivre.net\/ateliers\/author\/ibaldacchino\/\">Baldacchino, Isabelle<\/a><\/p>\n\n\n\n<p>_ <a href=\"https:\/\/www.tierslivre.net\/ateliers\/author\/pbalsi\/\">Balsi, Pietra<\/a><\/p>\n\n\n\n<p>_ <a href=\"https:\/\/www.tierslivre.net\/ateliers\/author\/hvbarroso\/\">Barroso, Helena<\/a><\/p>\n\n\n\n<p>_ <a href=\"https:\/\/www.tierslivre.net\/ateliers\/author\/alainb\/\">Bastard, Alain<\/a><\/p>\n\n\n\n<p>_ <a href=\"https:\/\/www.tierslivre.net\/ateliers\/author\/lbaudot\/\">Baudot, Laurence<\/a><\/p>\n\n\n\n<p>_ <a href=\"https:\/\/www.tierslivre.net\/ateliers\/author\/graciabp\/\">Bejjani, Gracia<\/a><\/p>\n\n\n\n<p>_ <a href=\"https:\/\/www.tierslivre.net\/ateliers\/author\/romainbv\/\">Bert Varlez, Romain<\/a><\/p>\n\n\n\n<p>_ <a href=\"https:\/\/www.tierslivre.net\/ateliers\/author\/pblanchon\/\">Blanchon, Patrick<\/a><\/p>\n\n\n\n<p>_ <a href=\"https:\/\/www.tierslivre.net\/ateliers\/author\/nbleusher\/\">Bleusher, Nicolas<\/a><\/p>\n\n\n\n<p>_ <a href=\"https:\/\/www.tierslivre.net\/ateliers\/author\/hboivin\/\">Boivin, H\u00e9l\u00e8ne<\/a><\/p>\n\n\n\n<p>_ <a href=\"https:\/\/www.tierslivre.net\/ateliers\/author\/sylviab\/\">Boumendil, Sylvia<\/a><\/p>\n\n\n\n<p>_ <a href=\"https:\/\/www.tierslivre.net\/ateliers\/author\/mguenon\/\">Boussarie, Muriel<\/a><\/p>\n\n\n\n<p>_ <a href=\"https:\/\/www.tierslivre.net\/ateliers\/author\/abrabant\/\">Brabant, Annick<\/a><\/p>\n\n\n\n<p>_ <a href=\"https:\/\/www.tierslivre.net\/ateliers\/author\/camillec\/\">Br\u00e9chaire, Camille<\/a><\/p>\n\n\n\n<p>_ <a href=\"https:\/\/www.tierslivre.net\/ateliers\/author\/fbreton\/\">Breton, Fran\u00e7oise<\/a><\/p>\n\n\n\n<p>_ <a href=\"https:\/\/www.tierslivre.net\/ateliers\/author\/khedidjabs\/\">BS, Khedidja<\/a><\/p>\n\n\n\n<p><strong>C<\/strong><\/p>\n\n\n\n<p>_ <a href=\"https:\/\/www.tierslivre.net\/ateliers\/author\/rcazanave\/\">Cazanave, Roselyne<\/a><\/p>\n\n\n\n<p>_ <a href=\"https:\/\/www.tierslivre.net\/ateliers\/author\/jeromece\/\">C\u00e9, J\u00e9r\u00f4me<\/a><\/p>\n\n\n\n<p>_ <a href=\"https:\/\/www.tierslivre.net\/ateliers\/author\/brigetoun\/\">C\u00e9l\u00e9rier, Brigitte<\/a><\/p>\n\n\n\n<p>_ <a href=\"https:\/\/www.tierslivre.net\/ateliers\/author\/isabellec\/\">Charreau, Isabelle<\/a><\/p>\n\n\n\n<p>_ <a href=\"https:\/\/www.tierslivre.net\/ateliers\/author\/jluc-chovelon\/\">Chovelon, Jean-Luc<\/a><\/p>\n\n\n\n<p>_ <a href=\"https:\/\/www.tierslivre.net\/ateliers\/author\/pierodebelleville\/\">Cohen Hadria, Piero<\/a><\/p>\n\n\n\n<p>_ <a href=\"https:\/\/www.tierslivre.net\/ateliers\/author\/ccolletin\/\">Colletin, Carine<\/a><\/p>\n\n\n\n<p>_ <a href=\"https:\/\/www.tierslivre.net\/ateliers\/author\/ecordoliani\/\">Cordoliani, Emmanuelle<\/a><\/p>\n\n\n\n<p>_ <a href=\"https:\/\/www.tierslivre.net\/ateliers\/author\/scornet\/\">Cornet, Sybille<\/a><\/p>\n\n\n\n<p>_ <a href=\"https:\/\/www.tierslivre.net\/ateliers\/author\/ecourtieu\/\">Courtieu, Emmanuel<\/a><\/p>\n\n\n\n<p><strong>D<\/strong><\/p>\n\n\n\n<p>_ <a href=\"https:\/\/www.tierslivre.net\/ateliers\/author\/idartiguelongue\/\">Dartiguelongue, Isabelle<\/a><\/p>\n\n\n\n<p>_ <a href=\"https:\/\/www.tierslivre.net\/ateliers\/author\/adejardin\/\">Dejardin, Anne<\/a><\/p>\n\n\n\n<p>_ <a href=\"https:\/\/www.tierslivre.net\/ateliers\/author\/edellas\/\">Dellas, Elvire<\/a><\/p>\n\n\n\n<p>_ <a href=\"https:\/\/www.tierslivre.net\/ateliers\/author\/jderimay\/\">Derimay, Juliette<\/a><\/p>\n\n\n\n<p>_ <a href=\"https:\/\/www.tierslivre.net\/ateliers\/author\/carolinediaz\/\">Diaz, Caroline<\/a><\/p>\n\n\n\n<p>_ <a href=\"https:\/\/www.tierslivre.net\/ateliers\/author\/l-diez\/\">Diez, Lisa<\/a><\/p>\n\n\n\n<p>_ <a href=\"https:\/\/www.tierslivre.net\/ateliers\/author\/claudine-dozoul\/\">Dozoul, Claudine<\/a><\/p>\n\n\n\n<p>_ <a href=\"https:\/\/www.tierslivre.net\/ateliers\/author\/ldipietro\/\">DP, Line<\/a><\/p>\n\n\n\n<p>_ <a href=\"https:\/\/www.tierslivre.net\/ateliers\/author\/bernardd\/\">Dudoignon, Bernard<\/a><\/p>\n\n\n\n<p><strong>E<\/strong><\/p>\n\n\n\n<p>_ <a href=\"https:\/\/www.tierslivre.net\/ateliers\/author\/cenuset\/\">Enuset, Claude<\/a><\/p>\n\n\n\n<p>_ <a href=\"https:\/\/www.tierslivre.net\/ateliers\/author\/ceschenbrenner\/\">Eschenbrenner, Christine<\/a><\/p>\n\n\n\n<p>_ <a href=\"https:\/\/www.tierslivre.net\/ateliers\/author\/mespinasse\/\">Espinasse, Monika<\/a><\/p>\n\n\n\n<p>_ <a href=\"https:\/\/www.tierslivre.net\/ateliers\/author\/dpaillard\/\">Estampes-Paillard, Dominique<\/a><\/p>\n\n\n\n<p>_ <a href=\"https:\/\/www.tierslivre.net\/ateliers\/author\/neuzen\/\">Euzen, Nolwenn<\/a><\/p>\n\n\n\n<p><strong>F<\/strong><\/p>\n\n\n\n<p>_ <a href=\"https:\/\/www.tierslivre.net\/ateliers\/author\/lchalon\/\">Francesca<\/a><\/p>\n\n\n\n<p>_ <a href=\"https:\/\/www.tierslivre.net\/ateliers\/author\/vfrancey\/\">Francey, Vincent<\/a><\/p>\n\n\n\n<p>_<a href=\"https:\/\/www.tierslivre.net\/ateliers\/author\/cathplee\/\"> Fran\u00e7ois, Brigitte<\/a><\/p>\n\n\n\n<p><strong>G<\/strong><\/p>\n\n\n\n<p>_ <a href=\"https:\/\/www.tierslivre.net\/ateliers\/author\/menilorac\/\">Gallot, Marie-Caroline<\/a><\/p>\n\n\n\n<p>_ <a href=\"https:\/\/www.tierslivre.net\/ateliers\/author\/ireneg\/\">Garmandia, Ir\u00e8ne<\/a><\/p>\n\n\n\n<p>_ <a href=\"https:\/\/www.tierslivre.net\/ateliers\/author\/jmarigar\/\">Garnier, Jean-Marie<\/a><\/p>\n\n\n\n<p>_ <a href=\"https:\/\/www.tierslivre.net\/ateliers\/author\/xgeorgin\/\">Georgin, Xavier<\/a><\/p>\n\n\n\n<p>_ <a href=\"https:\/\/www.tierslivre.net\/ateliers\/author\/dgodardlivet\/\">Godard-Livet, Dani\u00e8le<\/a><\/p>\n\n\n\n<p>_ <a href=\"https:\/\/www.tierslivre.net\/ateliers\/author\/reneec\/\">Gomez, Betty<\/a><\/p>\n\n\n\n<p>_ <a href=\"https:\/\/www.tierslivre.net\/ateliers\/author\/gildag\/\">Gonfier, Gilda<\/a><\/p>\n\n\n\n<p>_ <a href=\"https:\/\/www.tierslivre.net\/ateliers\/author\/jmgraas\/\">Graas, Jean-Marie<\/a><\/p>\n\n\n\n<p>_ <a href=\"https:\/\/www.tierslivre.net\/ateliers\/author\/sophie-grail\/\">Grail, Sophie<\/a><\/p>\n\n\n\n<p>_ <a href=\"https:\/\/www.tierslivre.net\/ateliers\/author\/fguillaumond\/\">Guillaumond, Fran\u00e7oise<\/a><\/p>\n\n\n\n<p><strong>H<\/strong><\/p>\n\n\n\n<p>_ <a href=\"https:\/\/www.tierslivre.net\/ateliers\/author\/morgannm\/\">Hardy, James<\/a><\/p>\n\n\n\n<p>_ <a href=\"https:\/\/www.tierslivre.net\/ateliers\/author\/amonrouzeau\/\">Hecate, Alexia<\/a><\/p>\n\n\n\n<p>_ <a href=\"https:\/\/www.tierslivre.net\/ateliers\/author\/jndrix\/\">Hendrycks, Jen<\/a><\/p>\n\n\n\n<p><a href=\"https:\/\/www.tierslivre.net\/ateliers\/author\/shertig\/\">_ Hertig, Sandrine<\/a><\/p>\n\n\n\n<p>_ <a href=\"https:\/\/www.tierslivre.net\/ateliers\/author\/thingrai\/\">Hingrai, Thibaut<\/a><\/p>\n\n\n\n<p>_ <a href=\"https:\/\/www.tierslivre.net\/ateliers\/author\/nholt\/\">Holt, Nathalie<\/a><\/p>\n\n\n\n<p>_ <a href=\"https:\/\/www.tierslivre.net\/ateliers\/author\/laure-humbel\/\">Humbel, Laure<\/a><\/p>\n\n\n\n<p>_ <a href=\"https:\/\/www.tierslivre.net\/ateliers\/author\/shutin\/\">Hutin, Sophie<\/a><\/p>\n\n\n\n<p><strong>I<\/strong><\/p>\n\n\n\n<p>_ <a href=\"https:\/\/www.tierslivre.net\/ateliers\/author\/rinterlegator\/\">Interlegator, Raymonde<\/a><\/p>\n\n\n\n<p><strong>J<\/strong><\/p>\n\n\n\n<p>_ <a href=\"https:\/\/www.tierslivre.net\/ateliers\/author\/cjeanney\/\">Jeanney, Christine<\/a><\/p>\n\n\n\n<p>K<\/p>\n\n\n\n<p>_ <a href=\"https:\/\/www.tierslivre.net\/ateliers\/author\/gauthierk\/\">Keyaerts, Gauthier<\/a><\/p>\n\n\n\n<p>_ <a href=\"https:\/\/www.tierslivre.net\/ateliers\/author\/ckoeckx\/\">Koeckx, Catherine<\/a><\/p>\n\n\n\n<p><strong>L<\/strong><\/p>\n\n\n\n<p>_ <a href=\"https:\/\/www.tierslivre.net\/ateliers\/author\/glamarre\/\">Lamarre, Guillaume<\/a><\/p>\n\n\n\n<p>_ <a href=\"https:\/\/www.tierslivre.net\/ateliers\/author\/slannoye\/\">Lannoye, St\u00e9phanie<\/a><\/p>\n\n\n\n<p>_ <a href=\"https:\/\/www.tierslivre.net\/ateliers\/author\/llaurent\/\">Laurent, Liliane<\/a><\/p>\n\n\n\n<p>_ <a href=\"https:\/\/www.tierslivre.net\/ateliers\/author\/pliotard\/\">Liotard, Philippe<\/a><\/p>\n\n\n\n<p><strong>M<\/strong><\/p>\n\n\n\n<p>_ <a href=\"https:\/\/www.tierslivre.net\/ateliers\/author\/emiliem\/\">Marot, \u00c9milie<\/a><\/p>\n\n\n\n<p>_ <a href=\"https:\/\/www.tierslivre.net\/ateliers\/author\/clarencem\/\">Massiani, Clarence<\/a><\/p>\n\n\n\n<p>_ <a href=\"https:\/\/www.tierslivre.net\/ateliers\/author\/anhmat\/\">Mat, Anh<\/a><\/p>\n\n\n\n<p>_ <a href=\"https:\/\/www.tierslivre.net\/ateliers\/author\/tristanmat\/\">Mat, Tristan<\/a><\/p>\n\n\n\n<p>_ <a href=\"https:\/\/www.tierslivre.net\/ateliers\/author\/isabelledm\/\">Montfort, Isabelle de<\/a><\/p>\n\n\n\n<p>_ <a href=\"https:\/\/www.tierslivre.net\/ateliers\/author\/mariemoscardini\/\">Moscardini, Marie<\/a><\/p>\n\n\n\n<p>_ <a href=\"https:\/\/www.tierslivre.net\/ateliers\/author\/vmuller\/\">M\u00fcller, V\u00e9ronique<\/a><\/p>\n\n\n\n<p><strong>P<\/strong><\/p>\n\n\n\n<p>_ <a href=\"https:\/\/www.tierslivre.net\/ateliers\/author\/upandolfi\/\">Pandolfi, Ugo<\/a><\/p>\n\n\n\n<p>_ <a href=\"https:\/\/www.tierslivre.net\/ateliers\/author\/mtpeyrin\/\">Peyrin, Marie-Th\u00e9r\u00e8se<\/a><\/p>\n\n\n\n<p>_ <a href=\"https:\/\/www.tierslivre.net\/ateliers\/author\/lpeyronnet\/\">Peyronnet, Laurent<\/a><\/p>\n\n\n\n<p>_ <a href=\"https:\/\/www.tierslivre.net\/ateliers\/author\/cathplee\/\">Pl\u00e9e, Catherine<\/a><\/p>\n\n\n\n<p><strong>Q<\/strong><\/p>\n\n\n\n<p>_ <a href=\"https:\/\/www.tierslivre.net\/ateliers\/author\/gqueyrel\/\">Queyrel, G\u00e9raldine<\/a><\/p>\n\n\n\n<p><strong>R<\/strong><\/p>\n\n\n\n<p>_ <a href=\"https:\/\/www.tierslivre.net\/ateliers\/author\/frenaud\/\">Renaud, Fran\u00e7oise<\/a><\/p>\n\n\n\n<p>_ <a href=\"https:\/\/www.tierslivre.net\/ateliers\/author\/sylvieroquesaublanc\/\">Roques, Sylvie<\/a><\/p>\n\n\n\n<p><strong>S<\/strong><\/p>\n\n\n\n<p>_ <a href=\"https:\/\/www.tierslivre.net\/ateliers\/author\/psahuc\/\">Sahuc Sa\u00fcc, Philippe<\/a><\/p>\n\n\n\n<p>_ <a href=\"https:\/\/www.tierslivre.net\/ateliers\/author\/michael-saludo\/\">Saludo, Micha\u00ebl<\/a><\/p>\n\n\n\n<p>_ <a href=\"https:\/\/www.tierslivre.net\/ateliers\/author\/fsavarit\/\">Savarit, Fabienne<\/a><\/p>\n\n\n\n<p>_ <a href=\"https:\/\/www.tierslivre.net\/ateliers\/author\/oscelo\/\">Sc\u00e9lo, Olivia<\/a><\/p>\n\n\n\n<p>_ <a href=\"https:\/\/www.tierslivre.net\/ateliers\/author\/eschaaff\/\">Schaaff, \u00c9lodie<\/a><\/p>\n\n\n\n<p>_ <a href=\"https:\/\/www.tierslivre.net\/ateliers\/author\/jseif\/\">Seif, Jad<\/a><\/p>\n\n\n\n<p>_ <a href=\"https:\/\/www.tierslivre.net\/ateliers\/author\/cserre\/\">Serre, Catherine<\/a><\/p>\n\n\n\n<p>_ <a href=\"https:\/\/www.tierslivre.net\/ateliers\/author\/laurent-stratos\/\">Stratos, Laurent<\/a><\/p>\n\n\n\n<p><strong>T<\/strong><\/p>\n\n\n\n<p>_ <a href=\"https:\/\/www.tierslivre.net\/ateliers\/author\/marion\/\">T, Marion<\/a><\/p>\n\n\n\n<p>_ <a href=\"https:\/\/www.tierslivre.net\/ateliers\/author\/ftanneau\/\">Tanneau, Florent<\/a><\/p>\n\n\n\n<p>_ <a href=\"https:\/\/www.tierslivre.net\/ateliers\/author\/nrodot\/\">Tarel, Pedro<\/a><\/p>\n\n\n\n<p>_ <a href=\"https:\/\/www.tierslivre.net\/ateliers\/author\/ctestard\/\">Testard, Christophe<\/a><\/p>\n\n\n\n<p>_ <a href=\"https:\/\/www.tierslivre.net\/ateliers\/author\/jtholome\/\">Tholom\u00e9, J\u00e9r\u00e9mie<\/a><\/p>\n\n\n\n<p>_ <a href=\"https:\/\/www.tierslivre.net\/ateliers\/author\/jacdeturenne\/\">Turenne, Jacques de<\/a><\/p>\n\n\n\n<p>_ <a href=\"https:\/\/www.tierslivre.net\/ateliers\/author\/marietutello\/\">Tutello, Marie<\/a><\/p>\n\n\n\n<p><strong>V<\/strong><\/p>\n\n\n\n<p>_ <a href=\"https:\/\/www.tierslivre.net\/ateliers\/author\/avanweddingen\/\">Vanweddingen, Anne<\/a><\/p>\n\n\n\n<p>_ <a href=\"https:\/\/www.tierslivre.net\/ateliers\/author\/cvinci\/\">Vinciguerra, C\u00e9cile<\/a><\/p>\n\n\n\n<p>_ <a href=\"https:\/\/www.tierslivre.net\/ateliers\/author\/svissac\/\">Vissac, Solange<\/a><\/p>\n\n\n\n<p><strong>W<\/strong><\/p>\n\n\n\n<p>_ <a href=\"https:\/\/www.tierslivre.net\/ateliers\/author\/swambeke\/\">Wambeke, Simone<\/a><\/p>\n\n\n\n<p>_ <a href=\"https:\/\/www.tierslivre.net\/ateliers\/author\/wpaille\/\">Will<\/a><\/p>\n\n\n\n<p><strong>Y<\/strong><\/p>\n\n\n\n<p>_ <a href=\"https:\/\/www.tierslivre.net\/ateliers\/author\/lgormit\/\">Ygarmaten, Lamya<\/a><\/p>\n","protected":false},"excerpt":{"rendered":"<p>L&rsquo;index des autrices &amp; auteurs du cycle \u00e9t\u00e9 2023 sera rempli \u00e0 mesure de vos premi\u00e8res contributions ! Merci de signaler \u00e9ventuels oublis ! Et rappel : le r\u00e9pertoire des sites, blogs et r\u00e9seaux des abonn\u00e9\u00b7e\u00b7s du Tiers Livre . A _ Abgrall-Servettaz, Gwenn _ Albernhe, Huguette B _ Baillon, No\u00eblle _ Baldacchino, Isabelle _ Balsi, Pietra _ Barroso, Helena <a class=\"more-link\" href=\"https:\/\/www.tierslivre.net\/ateliers\/atelier-index-sommaires\/ete-2023\/comedies-humaines-index-des-autrices-auteurs\/\">Continuer la lecture<span class=\"screen-reader-text\">\u00e9t\u00e9 2023 | index des autrices &#038; auteurs<\/span><span class=\"meta-nav\">&rarr;<\/span><\/a><\/p>\n","protected":false},"author":1,"featured_media":0,"parent":123171,"menu_order":2,"comment_status":"closed","ping_status":"closed","template":"","meta":{"h5ap_radio_sources":[],"footnotes":""},"class_list":["post-123185","page","type-page","status-publish","hentry"],"_links":{"self":[{"href":"https:\/\/www.tierslivre.net\/ateliers\/wp-json\/wp\/v2\/pages\/123185","targetHints":{"allow":["GET"]}}],"collection":[{"href":"https:\/\/www.tierslivre.net\/ateliers\/wp-json\/wp\/v2\/pages"}],"about":[{"href":"https:\/\/www.tierslivre.net\/ateliers\/wp-json\/wp\/v2\/types\/page"}],"author":[{"embeddable":true,"href":"https:\/\/www.tierslivre.net\/ateliers\/wp-json\/wp\/v2\/users\/1"}],"replies":[{"embeddable":true,"href":"https:\/\/www.tierslivre.net\/ateliers\/wp-json\/wp\/v2\/comments?post=123185"}],"version-history":[{"count":3,"href":"https:\/\/www.tierslivre.net\/ateliers\/wp-json\/wp\/v2\/pages\/123185\/revisions"}],"predecessor-version":[{"id":144134,"href":"https:\/\/www.tierslivre.net\/ateliers\/wp-json\/wp\/v2\/pages\/123185\/revisions\/144134"}],"up":[{"embeddable":true,"href":"https:\/\/www.tierslivre.net\/ateliers\/wp-json\/wp\/v2\/pages\/123171"}],"wp:attachment":[{"href":"https:\/\/www.tierslivre.net\/ateliers\/wp-json\/wp\/v2\/media?parent=123185"}],"curies":[{"name":"wp","href":"https:\/\/api.w.org\/{rel}","templated":true}]}}