{"id":137734,"date":"2023-10-15T10:03:53","date_gmt":"2023-10-15T08:03:53","guid":{"rendered":"https:\/\/www.tierslivre.net\/ateliers\/?page_id=137734"},"modified":"2025-06-30T09:14:16","modified_gmt":"2025-06-30T07:14:16","slug":"enfances","status":"publish","type":"page","link":"https:\/\/www.tierslivre.net\/ateliers\/atelier-index-sommaires\/enfances\/","title":{"rendered":"#2023 | le cycle \u00abenfances\u00bb"},"content":{"rendered":"\n<p>Cycle lanc\u00e9 le dimanche 15 octobre 2023, pr\u00e9vu jusqu&rsquo;au 15 d\u00e9cembre 2023.<\/p>\n\n\n\n<p><\/p>\n","protected":false},"excerpt":{"rendered":"<p>Cycle lanc\u00e9 le dimanche 15 octobre 2023, pr\u00e9vu jusqu&rsquo;au 15 d\u00e9cembre 2023.<\/p>\n","protected":false},"author":1,"featured_media":0,"parent":65365,"menu_order":1,"comment_status":"closed","ping_status":"closed","template":"","meta":{"h5ap_radio_sources":[],"footnotes":""},"class_list":["post-137734","page","type-page","status-publish","hentry"],"_links":{"self":[{"href":"https:\/\/www.tierslivre.net\/ateliers\/wp-json\/wp\/v2\/pages\/137734","targetHints":{"allow":["GET"]}}],"collection":[{"href":"https:\/\/www.tierslivre.net\/ateliers\/wp-json\/wp\/v2\/pages"}],"about":[{"href":"https:\/\/www.tierslivre.net\/ateliers\/wp-json\/wp\/v2\/types\/page"}],"author":[{"embeddable":true,"href":"https:\/\/www.tierslivre.net\/ateliers\/wp-json\/wp\/v2\/users\/1"}],"replies":[{"embeddable":true,"href":"https:\/\/www.tierslivre.net\/ateliers\/wp-json\/wp\/v2\/comments?post=137734"}],"version-history":[{"count":3,"href":"https:\/\/www.tierslivre.net\/ateliers\/wp-json\/wp\/v2\/pages\/137734\/revisions"}],"predecessor-version":[{"id":187542,"href":"https:\/\/www.tierslivre.net\/ateliers\/wp-json\/wp\/v2\/pages\/137734\/revisions\/187542"}],"up":[{"embeddable":true,"href":"https:\/\/www.tierslivre.net\/ateliers\/wp-json\/wp\/v2\/pages\/65365"}],"wp:attachment":[{"href":"https:\/\/www.tierslivre.net\/ateliers\/wp-json\/wp\/v2\/media?parent=137734"}],"curies":[{"name":"wp","href":"https:\/\/api.w.org\/{rel}","templated":true}]}}