{"id":137742,"date":"2023-10-15T10:14:44","date_gmt":"2023-10-15T08:14:44","guid":{"rendered":"https:\/\/www.tierslivre.net\/ateliers\/?page_id=137742"},"modified":"2024-01-29T21:13:17","modified_gmt":"2024-01-29T20:13:17","slug":"enfances-index-des-auteurs","status":"publish","type":"page","link":"https:\/\/www.tierslivre.net\/ateliers\/atelier-index-sommaires\/enfances\/enfances-index-des-auteurs\/","title":{"rendered":"#enfances | index des auteurs"},"content":{"rendered":"\n<p>[ajouts compl\u00e9t\u00e9s d\u00e8s votre premi\u00e8re contribution \u00e0 ce cycle, si retard ou erreur graphie merci me pr\u00e9venir par mail \u2013 fb]<\/p>\n\n\n\n<p><strong>A<\/strong><\/p>\n\n\n\n<p>_ <a href=\"https:\/\/www.tierslivre.net\/ateliers\/author\/halbernhe\/\">Huguette Albernhe<\/a><\/p>\n\n\n\n<p><strong>B<\/strong><\/p>\n\n\n\n<p>_ <a href=\"https:\/\/www.tierslivre.net\/ateliers\/author\/ibaldacchino\/\">Isabelle B.<\/a><\/p>\n\n\n\n<p>_ <a href=\"https:\/\/www.tierslivre.net\/ateliers\/author\/noellebb\/\">No\u00eblle Baillon<\/a><\/p>\n\n\n\n<p>_ <a href=\"https:\/\/www.tierslivre.net\/ateliers\/author\/graciabp\/\">Gracia Bejjani<\/a><\/p>\n\n\n\n<p>_ <a href=\"https:\/\/www.tierslivre.net\/ateliers\/author\/khedidjabs\/\">Khedidja Berassil<\/a><\/p>\n\n\n\n<p>_ <a href=\"https:\/\/www.tierslivre.net\/ateliers\/author\/romainbv\/\">Romain Bert-Varlez<\/a><\/p>\n\n\n\n<p>_ <a href=\"https:\/\/www.tierslivre.net\/ateliers\/author\/pblanchon\/\">Patrick Blanchon<\/a><\/p>\n\n\n\n<p>_ <a href=\"https:\/\/www.tierslivre.net\/ateliers\/author\/hboivin\/\">Boivin H\u00e9l\u00e8ne<\/a><\/p>\n\n\n\n<p>_ <a href=\"https:\/\/www.tierslivre.net\/ateliers\/author\/camillec\/\">Camille Br\u00e9chaire<\/a><\/p>\n\n\n\n<p>_ <a href=\"https:\/\/www.tierslivre.net\/ateliers\/author\/sbuttay\/\">St\u00e9phanie Buttay<\/a><\/p>\n\n\n\n<p><strong>C<\/strong><\/p>\n\n\n\n<p>_ <a href=\"https:\/\/www.tierslivre.net\/ateliers\/author\/jeromece\/\">J\u00e9r\u00f4me C\u00e9<\/a><\/p>\n\n\n\n<p>_ <a href=\"https:\/\/www.tierslivre.net\/ateliers\/author\/brigetoun\/\">Brigitte C\u00e9l\u00e9rier<\/a><\/p>\n\n\n\n<p>_ <a href=\"https:\/\/www.tierslivre.net\/ateliers\/author\/achanteraud\/\">Alain Chanteraud<\/a><\/p>\n\n\n\n<p>_ <a href=\"https:\/\/www.tierslivre.net\/ateliers\/author\/isabellec\/\">Isabelle Charreau<\/a><\/p>\n\n\n\n<p>_ <a href=\"https:\/\/www.tierslivre.net\/ateliers\/author\/pierodebelleville\/\">Piero Cohen Hadria<\/a><\/p>\n\n\n\n<p>_ <a href=\"https:\/\/www.tierslivre.net\/ateliers\/author\/ccolletin\/\">Carine Colletin<\/a><\/p>\n\n\n\n<p>_ <a href=\"https:\/\/www.tierslivre.net\/ateliers\/author\/ecordoliani\/\">Emmanuelle Cordoliani<\/a><\/p>\n\n\n\n<p><strong>D<\/strong><\/p>\n\n\n\n<p>_ <a href=\"https:\/\/www.tierslivre.net\/ateliers\/author\/adejardin\/\">Anne Dejardin<\/a><\/p>\n\n\n\n<p>_ <a href=\"https:\/\/www.tierslivre.net\/ateliers\/author\/cdeligny\/\">Christiane Deligny<\/a><\/p>\n\n\n\n<p>_ <a href=\"https:\/\/www.tierslivre.net\/ateliers\/author\/edellas\/\">Elvire Dellas<\/a><\/p>\n\n\n\n<p>_ J<a href=\"https:\/\/www.tierslivre.net\/ateliers\/author\/jderimay\/\">uliette Derimay<\/a><\/p>\n\n\n\n<p>_ <a href=\"https:\/\/www.tierslivre.net\/ateliers\/author\/carolinediaz\/\">Caroline Diaz<\/a><\/p>\n\n\n\n<p>_ <a href=\"https:\/\/www.tierslivre.net\/ateliers\/author\/claudine-dozoul\/\">Claudine Dozoul<\/a><\/p>\n\n\n\n<p>_ <a href=\"https:\/\/www.tierslivre.net\/ateliers\/author\/ldipietro\/\">Line DP<\/a><\/p>\n\n\n\n<p>_ <a href=\"https:\/\/www.tierslivre.net\/ateliers\/author\/bernardd\/\">Bernard Dudoignon<\/a><\/p>\n\n\n\n<p>_ <a href=\"https:\/\/www.tierslivre.net\/ateliers\/author\/asdumeige\/\">Anne-Sophie Dumeige<\/a><\/p>\n\n\n\n<p><strong>E<\/strong><\/p>\n\n\n\n<p>_ <a href=\"https:\/\/www.tierslivre.net\/ateliers\/author\/ceschenbrenner\/\">Christine Eschenbrenner<\/a><\/p>\n\n\n\n<p>_ <a href=\"https:\/\/www.tierslivre.net\/ateliers\/author\/mespinasse\/\">Monika Espinasse<\/a><\/p>\n\n\n\n<p><strong>F`<\/strong><\/p>\n\n\n\n<p>_ <a href=\"https:\/\/www.tierslivre.net\/ateliers\/author\/marinef\/\">Marine F\u00e9vrier<\/a><\/p>\n\n\n\n<p><strong>G<\/strong><\/p>\n\n\n\n<p>_ <a href=\"https:\/\/www.tierslivre.net\/ateliers\/author\/menilorac\/\">Marie-Caroline Gallot<\/a><\/p>\n\n\n\n<p>_ <a href=\"https:\/\/www.tierslivre.net\/ateliers\/author\/jmarigar\/\">Jean-Marie Garnier<\/a><\/p>\n\n\n\n<p>_ <a href=\"https:\/\/www.tierslivre.net\/ateliers\/author\/dgodardlivet\/\">Dani\u00e8le Godard-Livet<\/a><\/p>\n\n\n\n<p>_ <a href=\"https:\/\/www.tierslivre.net\/ateliers\/author\/reneec\/\">Betty Gomez<\/a><\/p>\n\n\n\n<p>_ <a href=\"https:\/\/www.tierslivre.net\/ateliers\/author\/gildag\/\">Gilda Gonfier<\/a><\/p>\n\n\n\n<p>_ <a href=\"https:\/\/www.tierslivre.net\/ateliers\/author\/jmgraas\/\">Jean-Marie Graas<\/a><\/p>\n\n\n\n<p>_ <a href=\"https:\/\/www.tierslivre.net\/ateliers\/author\/sophie-grail\/\">Sophie Grail<\/a><\/p>\n\n\n\n<p>_ <a href=\"https:\/\/www.tierslivre.net\/ateliers\/author\/fguillaumond\/\">Fran\u00e7oise Guillaumond<\/a><\/p>\n\n\n\n<p><strong>H<\/strong><\/p>\n\n\n\n<p>_ <a href=\"https:\/\/www.tierslivre.net\/ateliers\/author\/amonrouzeau\/\">Alexia H.<\/a><\/p>\n\n\n\n<p>_ <a href=\"https:\/\/www.tierslivre.net\/ateliers\/author\/cgeorgeh\/\">George H.<\/a><\/p>\n\n\n\n<p>_ <a href=\"https:\/\/www.tierslivre.net\/ateliers\/author\/shertig\/\">Sandrine Hertig<\/a><\/p>\n\n\n\n<p>_ <a href=\"https:\/\/www.tierslivre.net\/ateliers\/author\/nholt\/\">Nathalie Holt<\/a><\/p>\n\n\n\n<p><strong>I<\/strong><\/p>\n\n\n\n<p>_ <a href=\"https:\/\/www.tierslivre.net\/ateliers\/author\/rinterlegator\/\">Raymonde Interlegator<\/a><\/p>\n\n\n\n<p><strong>J<\/strong><\/p>\n\n\n\n<p>_ <a href=\"https:\/\/www.tierslivre.net\/ateliers\/author\/cjeanney\/\">Christine Jeanney<\/a><\/p>\n\n\n\n<p><strong>K<\/strong><\/p>\n\n\n\n<p>_ <a href=\"https:\/\/www.tierslivre.net\/ateliers\/author\/jkeating\/\">Juliette Keating<\/a><\/p>\n\n\n\n<p>_ <a href=\"https:\/\/www.tierslivre.net\/ateliers\/author\/gauthierk\/\">Gauthier Keyaerts<\/a><\/p>\n\n\n\n<p>_ <a href=\"https:\/\/www.tierslivre.net\/ateliers\/author\/ckoeckx\/\">Catherine Koeckx<\/a><\/p>\n\n\n\n<p><strong>L<\/strong><\/p>\n\n\n\n<p>_ <a href=\"https:\/\/www.tierslivre.net\/ateliers\/author\/slannoye\/\">St\u00e9phanie Lannoye<\/a><\/p>\n\n\n\n<p>_ <a href=\"https:\/\/www.tierslivre.net\/ateliers\/author\/pliotard\/\">Philippe Liotard<\/a><\/p>\n\n\n\n<p><strong>M<\/strong><\/p>\n\n\n\n<p>_ <a href=\"https:\/\/www.tierslivre.net\/ateliers\/author\/emiliem\/\">\u00c9milie Marot<\/a><\/p>\n\n\n\n<p>_ <a href=\"https:\/\/www.tierslivre.net\/ateliers\/author\/tristanmat\/\">Tristan Mat<\/a><\/p>\n\n\n\n<p>_ <a href=\"http:\/\/\u00ab du principe d'enroulement tourbillonnaire dans la composition du livre \u00bb  cha\u00eene 2, les carnets  https:\/\/www.youtube.com\/watch?v=4J36PubXlLM\">Montfort, Isabelle de<\/a><\/p>\n\n\n\n<p>_ <a href=\"https:\/\/www.tierslivre.net\/ateliers\/author\/mariemoscardini\/\">Moscardini, Marie<\/a><\/p>\n\n\n\n<p>_ <a href=\"https:\/\/www.tierslivre.net\/ateliers\/author\/vmuller\/\">V\u00e9ronique M\u00fcller<\/a><\/p>\n\n\n\n<p><strong>P<\/strong><\/p>\n\n\n\n<p>_ <a href=\"https:\/\/www.tierslivre.net\/ateliers\/author\/upandolfi\/\">Ugo Pandolfi<\/a><\/p>\n\n\n\n<p>_ <a href=\"https:\/\/www.tierslivre.net\/ateliers\/author\/cathplee\/\">Catherine Pl\u00e9e<\/a><\/p>\n\n\n\n<p><strong>Q<\/strong><\/p>\n\n\n\n<p>_ <a href=\"https:\/\/www.tierslivre.net\/ateliers\/author\/gqueyrel\/\">G\u00e9raldine Queyrel<\/a><\/p>\n\n\n\n<p><strong>R<\/strong><\/p>\n\n\n\n<p>_ <a href=\"https:\/\/www.tierslivre.net\/ateliers\/author\/frenaud\/\">Fran\u00e7oise Renaud<\/a><\/p>\n\n\n\n<p><strong>S<\/strong><\/p>\n\n\n\n<p>_ <a href=\"https:\/\/www.tierslivre.net\/ateliers\/author\/psahuc\/\">Philippe Sahuc Sa\u00fcc<\/a><\/p>\n\n\n\n<p>_ <a href=\"https:\/\/www.tierslivre.net\/ateliers\/author\/oscelo\/\">Olivia Sc\u00e9lo<\/a><\/p>\n\n\n\n<p>_ <a href=\"https:\/\/www.tierslivre.net\/ateliers\/author\/eschaaff\/\">Elodie Schaaff<\/a><\/p>\n\n\n\n<p>_ <a href=\"https:\/\/www.tierslivre.net\/ateliers\/author\/jseif\/\">Jad Seif<\/a><\/p>\n\n\n\n<p>_ <a href=\"https:\/\/www.tierslivre.net\/ateliers\/author\/cserre\/\">Catherine Serre<\/a><\/p>\n\n\n\n<p>_ <a href=\"https:\/\/www.tierslivre.net\/ateliers\/author\/laurent-stratos\/\">Laurent Stratos<\/a><\/p>\n\n\n\n<p><strong>T<\/strong><\/p>\n\n\n\n<p>_ <a href=\"https:\/\/www.tierslivre.net\/ateliers\/author\/camillet\/\">Camille T<\/a><\/p>\n\n\n\n<p>\u2013 <a href=\"https:\/\/www.tierslivre.net\/ateliers\/author\/marion\/\">Marion T<\/a><\/p>\n\n\n\n<p>_ <a href=\"https:\/\/www.tierslivre.net\/ateliers\/author\/nrodot\/\">Pedro Tarel<\/a><\/p>\n\n\n\n<p>_ <a href=\"https:\/\/www.tierslivre.net\/ateliers\/author\/ctestard\/\">Christophe Testard<\/a><\/p>\n\n\n\n<p>_ <a href=\"https:\/\/www.tierslivre.net\/ateliers\/author\/marietutello\/\">Marie Tutello<\/a><\/p>\n\n\n\n<p><strong>V<\/strong><\/p>\n\n\n\n<p>_ <a href=\"https:\/\/www.tierslivre.net\/ateliers\/author\/lorenvi\/\">Laurent V.<\/a><\/p>\n\n\n\n<p>_ <a href=\"https:\/\/www.tierslivre.net\/ateliers\/author\/pvallens\/\">Perle Vallens<\/a><\/p>\n\n\n\n<p>_ <a href=\"https:\/\/www.tierslivre.net\/ateliers\/author\/catherinevg\/\">Catherine Veillon-Guilloux<\/a><\/p>\n\n\n\n<p>_ <a href=\"https:\/\/www.tierslivre.net\/ateliers\/author\/svissac\/\">Solange Vissac<\/a><\/p>\n\n\n\n<p><strong>W<\/strong><\/p>\n\n\n\n<p>_ <a href=\"https:\/\/www.tierslivre.net\/ateliers\/author\/swambeke\/\">Simone Wambeke<\/a><\/p>\n\n\n\n<p>_ <a href=\"https:\/\/www.tierslivre.net\/ateliers\/author\/wpaille\/\">Will<\/a><\/p>\n","protected":false},"excerpt":{"rendered":"<p>[ajouts compl\u00e9t\u00e9s d\u00e8s votre premi\u00e8re contribution \u00e0 ce cycle, si retard ou erreur graphie merci me pr\u00e9venir par mail \u2013 fb] A _ Huguette Albernhe B _ Isabelle B. _ No\u00eblle Baillon _ Gracia Bejjani _ Khedidja Berassil _ Romain Bert-Varlez _ Patrick Blanchon _ Boivin H\u00e9l\u00e8ne _ Camille Br\u00e9chaire _ St\u00e9phanie Buttay C _ J\u00e9r\u00f4me C\u00e9 _ Brigitte C\u00e9l\u00e9rier <a class=\"more-link\" href=\"https:\/\/www.tierslivre.net\/ateliers\/atelier-index-sommaires\/enfances\/enfances-index-des-auteurs\/\">Continuer la lecture<span class=\"screen-reader-text\">#enfances | index des auteurs<\/span><span class=\"meta-nav\">&rarr;<\/span><\/a><\/p>\n","protected":false},"author":1,"featured_media":0,"parent":137734,"menu_order":2,"comment_status":"closed","ping_status":"closed","template":"","meta":{"h5ap_radio_sources":[],"footnotes":""},"class_list":["post-137742","page","type-page","status-publish","hentry"],"_links":{"self":[{"href":"https:\/\/www.tierslivre.net\/ateliers\/wp-json\/wp\/v2\/pages\/137742","targetHints":{"allow":["GET"]}}],"collection":[{"href":"https:\/\/www.tierslivre.net\/ateliers\/wp-json\/wp\/v2\/pages"}],"about":[{"href":"https:\/\/www.tierslivre.net\/ateliers\/wp-json\/wp\/v2\/types\/page"}],"author":[{"embeddable":true,"href":"https:\/\/www.tierslivre.net\/ateliers\/wp-json\/wp\/v2\/users\/1"}],"replies":[{"embeddable":true,"href":"https:\/\/www.tierslivre.net\/ateliers\/wp-json\/wp\/v2\/comments?post=137742"}],"version-history":[{"count":3,"href":"https:\/\/www.tierslivre.net\/ateliers\/wp-json\/wp\/v2\/pages\/137742\/revisions"}],"predecessor-version":[{"id":144132,"href":"https:\/\/www.tierslivre.net\/ateliers\/wp-json\/wp\/v2\/pages\/137742\/revisions\/144132"}],"up":[{"embeddable":true,"href":"https:\/\/www.tierslivre.net\/ateliers\/wp-json\/wp\/v2\/pages\/137734"}],"wp:attachment":[{"href":"https:\/\/www.tierslivre.net\/ateliers\/wp-json\/wp\/v2\/media?parent=137742"}],"curies":[{"name":"wp","href":"https:\/\/api.w.org\/{rel}","templated":true}]}}