{"id":143246,"date":"2024-01-18T10:39:40","date_gmt":"2024-01-18T09:39:40","guid":{"rendered":"https:\/\/www.tierslivre.net\/ateliers\/?page_id=143246"},"modified":"2024-03-11T13:38:55","modified_gmt":"2024-03-11T12:38:55","slug":"index-des-autrices%c2%b7auteurs","status":"publish","type":"page","link":"https:\/\/www.tierslivre.net\/ateliers\/atelier-index-sommaires\/gestesusages\/index-des-autrices%c2%b7auteurs\/","title":{"rendered":"index des autrices\u00b7auteurs"},"content":{"rendered":"\n<p><strong>A<\/strong><\/p>\n\n\n\n<p>_ <a href=\"https:\/\/www.tierslivre.net\/ateliers\/author\/halbernhe\/\">Huguette Albernhe<\/a><\/p>\n\n\n\n<p><strong>B<\/strong><\/p>\n\n\n\n<p>_ <a href=\"https:\/\/www.tierslivre.net\/ateliers\/author\/noellebb\/\">No\u00eblle Baillon<\/a><\/p>\n\n\n\n<p>_ <a href=\"https:\/\/www.tierslivre.net\/ateliers\/author\/khedidjabs\/\">Khedidja Berassil<\/a><\/p>\n\n\n\n<p>_ <a href=\"https:\/\/www.tierslivre.net\/ateliers\/author\/pblanchon\/\">Patrick Blanchon<\/a><\/p>\n\n\n\n<p>_ <a href=\"https:\/\/www.tierslivre.net\/ateliers\/author\/mguenon\/\">Muriel Boussarie<\/a><\/p>\n\n\n\n<p>_ <a href=\"https:\/\/www.tierslivre.net\/ateliers\/author\/cburgy\/\">Caroline Burgy<\/a><\/p>\n\n\n\n<p>_ <a href=\"https:\/\/www.tierslivre.net\/ateliers\/author\/sbuttay\/\">St\u00e9phanie Buttay<\/a><\/p>\n\n\n\n<p><strong>C<\/strong><\/p>\n\n\n\n<p>_ <a href=\"https:\/\/www.tierslivre.net\/ateliers\/author\/brigetoun\/\">Brigitte C\u00e9l\u00e9rier<\/a><\/p>\n\n\n\n<p>_ <a href=\"https:\/\/www.tierslivre.net\/ateliers\/author\/isabellec\/\">Isabelle Charreau<\/a><\/p>\n\n\n\n<p>_ <a href=\"https:\/\/www.tierslivre.net\/ateliers\/author\/jluc-chovelon\/\">Jean-Luc Chovelon<\/a><\/p>\n\n\n\n<p>_ <a href=\"https:\/\/www.tierslivre.net\/ateliers\/author\/pierodebelleville\/\">Piero Cohen-Hadria<\/a><\/p>\n\n\n\n<p>_ <a href=\"https:\/\/www.tierslivre.net\/ateliers\/author\/ecordoliani\/\">Emmanuelle Cordoliani<\/a><\/p>\n\n\n\n<p><strong>D<\/strong><\/p>\n\n\n\n<p>_ <a href=\"https:\/\/www.tierslivre.net\/ateliers\/author\/adejardin\/\">Anne Dejardin<\/a><\/p>\n\n\n\n<p>_ <a href=\"https:\/\/www.tierslivre.net\/ateliers\/author\/edellas\/\">Elise Dellas<\/a><\/p>\n\n\n\n<p>_ <a href=\"https:\/\/www.tierslivre.net\/ateliers\/author\/jderimay\/\">Juliette Derimay<\/a><\/p>\n\n\n\n<p>_ <a href=\"https:\/\/www.tierslivre.net\/ateliers\/author\/claudine-dozoul\/\">Claudine Dozoul<\/a><\/p>\n\n\n\n<p>_ <a href=\"https:\/\/www.tierslivre.net\/ateliers\/author\/bernardd\/\">Bernard Dudoignon<\/a><\/p>\n\n\n\n<p>_ <a href=\"https:\/\/www.tierslivre.net\/ateliers\/author\/cdumas\/\">Coralie Dumas<\/a><\/p>\n\n\n\n<p><strong>E<\/strong><\/p>\n\n\n\n<p>_ <a href=\"https:\/\/www.tierslivre.net\/ateliers\/author\/cenuset\/\">Claude Enuset<\/a><\/p>\n\n\n\n<p>_ <a href=\"https:\/\/www.tierslivre.net\/ateliers\/author\/ceschenbrenner\/\">Christine Eschenbrenner<\/a><\/p>\n\n\n\n<p>_ <a href=\"https:\/\/www.tierslivre.net\/ateliers\/author\/neuzen\/\">Nolwenn Euzen<\/a><\/p>\n\n\n\n<p><strong>F<\/strong><\/p>\n\n\n\n<p>_ <a href=\"https:\/\/www.tierslivre.net\/ateliers\/author\/lchalon\/\">Francesca<\/a><\/p>\n\n\n\n<p>_ <a href=\"https:\/\/www.tierslivre.net\/ateliers\/author\/vfrancey\/\">Vincent Francey<\/a><\/p>\n\n\n\n<p><strong>G<\/strong><\/p>\n\n\n\n<p>_ <a href=\"https:\/\/www.tierslivre.net\/ateliers\/author\/menilorac\/\">Marie-Caroline Gallot<\/a><\/p>\n\n\n\n<p>_ <a href=\"https:\/\/www.tierslivre.net\/ateliers\/author\/ireneg\/\">Ir\u00e8ne Garmendia<\/a><\/p>\n\n\n\n<p>_ <a href=\"https:\/\/www.tierslivre.net\/ateliers\/author\/jmarigar\/\">Jean-Marie Garnier<\/a><\/p>\n\n\n\n<p>_ <a href=\"https:\/\/www.tierslivre.net\/ateliers\/author\/dgodardlivet\/\">Dani\u00e8le Godard-Livet<\/a><\/p>\n\n\n\n<p>_ <a href=\"https:\/\/www.tierslivre.net\/ateliers\/author\/reneec\/\">Betty Gomez<\/a><\/p>\n\n\n\n<p>_ <a href=\"https:\/\/www.tierslivre.net\/ateliers\/author\/gildag\/\">Gilda Gonfier<\/a><\/p>\n\n\n\n<p>_ <a href=\"https:\/\/www.tierslivre.net\/ateliers\/author\/jmgraas\/\">Jean-Marie Graas<\/a><\/p>\n\n\n\n<p>_ <a href=\"https:\/\/www.tierslivre.net\/ateliers\/author\/sophie-grail\/\">Sophie Grail<\/a><\/p>\n\n\n\n<p>_ <a href=\"https:\/\/www.tierslivre.net\/ateliers\/author\/fguillaumond\/\">Fran\u00e7oise Guillaumond<\/a><\/p>\n\n\n\n<p><strong>H<\/strong><\/p>\n\n\n\n<p>_ <a href=\"https:\/\/www.tierslivre.net\/ateliers\/author\/shertig\/\">Sandrine Hertig<\/a><\/p>\n\n\n\n<p>_ <a href=\"https:\/\/www.tierslivre.net\/ateliers\/author\/nholt\/\">Nathalie Holt<\/a><\/p>\n\n\n\n<p>_ <a href=\"https:\/\/www.tierslivre.net\/ateliers\/author\/laure-humbel\/\">Laure Humbel<\/a><\/p>\n\n\n\n<p><strong>I<\/strong><\/p>\n\n\n\n<p>_ <a href=\"https:\/\/www.tierslivre.net\/ateliers\/author\/rinterlegator\/\">Raymonde Interlegator<\/a><\/p>\n\n\n\n<p><strong>J<\/strong><\/p>\n\n\n\n<p>_ <a href=\"https:\/\/www.tierslivre.net\/ateliers\/author\/cjeanney\/\">Christine Jeanney<\/a><\/p>\n\n\n\n<p><strong>L<\/strong><\/p>\n\n\n\n<p>_ <a href=\"https:\/\/www.tierslivre.net\/ateliers\/author\/slannoye\/\">St\u00e9phanie Lannoye<\/a><\/p>\n\n\n\n<p><strong>M<\/strong><\/p>\n\n\n\n<p>_ <a href=\"https:\/\/www.tierslivre.net\/ateliers\/author\/clarencem\/\">Clarence Massiani<\/a><\/p>\n\n\n\n<p>_ <a href=\"https:\/\/www.tierslivre.net\/ateliers\/author\/isabelledm\/\">Isabelle de Montfort<\/a><\/p>\n\n\n\n<p>_ <a href=\"https:\/\/www.tierslivre.net\/ateliers\/author\/mariemoscardini\/\">Marie Moscardini<\/a><\/p>\n\n\n\n<p><strong>P<\/strong><\/p>\n\n\n\n<p>_ <a href=\"https:\/\/www.tierslivre.net\/ateliers\/author\/upandolfi\/\">Ugo Pandolfi<\/a><\/p>\n\n\n\n<p><strong>Q<\/strong><\/p>\n\n\n\n<p>_ <a href=\"https:\/\/www.tierslivre.net\/ateliers\/author\/gqueyrel\/\">G\u00e9raldine Queyrel<\/a><\/p>\n\n\n\n<p><strong>R<\/strong><\/p>\n\n\n\n<p>_ <a href=\"https:\/\/www.tierslivre.net\/ateliers\/author\/frenaud\/\">Fran\u00e7oise Renaud<\/a><\/p>\n\n\n\n<p><strong>S<\/strong><\/p>\n\n\n\n<p>_ <a href=\"https:\/\/www.tierslivre.net\/ateliers\/author\/psahuc\/\">Philippe Sahuc Sa\u00fcc<\/a><\/p>\n\n\n\n<p>_ <a href=\"https:\/\/www.tierslivre.net\/ateliers\/author\/marlensauvage\/\">Marlen Sauvage<\/a><\/p>\n\n\n\n<p>_ <a href=\"https:\/\/www.tierslivre.net\/ateliers\/author\/oscelo\/\">Olivia Sc\u00e9lo<\/a><\/p>\n\n\n\n<p>_ <a href=\"https:\/\/www.tierslivre.net\/ateliers\/author\/cserre\/\">Catherine Serre<\/a><\/p>\n\n\n\n<p>_ <a href=\"https:\/\/www.tierslivre.net\/ateliers\/author\/laurent-stratos\/\">Laurent Stratos<\/a><\/p>\n\n\n\n<p><strong>T<\/strong><\/p>\n\n\n\n<p>_ <a href=\"https:\/\/www.tierslivre.net\/ateliers\/author\/marion\/\">Marion T.<\/a><\/p>\n\n\n\n<p>_ <a href=\"https:\/\/www.tierslivre.net\/ateliers\/author\/nrodot\/\">Pedro Tarel<\/a><\/p>\n\n\n\n<p><strong>V<\/strong><\/p>\n\n\n\n<p>_ <a href=\"https:\/\/www.tierslivre.net\/ateliers\/author\/lorenvi\/\">Laurent V.<\/a><\/p>\n\n\n\n<p>_ <a href=\"https:\/\/www.tierslivre.net\/ateliers\/author\/pvallens\/\">Perle Vallens<\/a><\/p>\n\n\n\n<p>_ <a href=\"https:\/\/www.tierslivre.net\/ateliers\/author\/catherinevg\/\">Catherine Veillon-Guilloux<\/a><\/p>\n\n\n\n<p>_ <a href=\"https:\/\/www.tierslivre.net\/ateliers\/author\/svissac\/\">Solange Vissac<\/a><\/p>\n\n\n\n<p><strong>W<\/strong><\/p>\n\n\n\n<p>_ <a href=\"https:\/\/www.tierslivre.net\/ateliers\/author\/swambeke\/\">Simone Wambeke<\/a><\/p>\n\n\n\n<p>_ <a href=\"https:\/\/www.tierslivre.net\/ateliers\/author\/wpaille\/\">Will<\/a><\/p>\n\n\n\n<p><strong>Y<\/strong><\/p>\n\n\n\n<p>_ <a href=\"https:\/\/www.tierslivre.net\/ateliers\/author\/soleney\/\">Sol\u00e8ne Yu<\/a><\/p>\n","protected":false},"excerpt":{"rendered":"<p>A _ Huguette Albernhe B _ No\u00eblle Baillon _ Khedidja Berassil _ Patrick Blanchon _ Muriel Boussarie _ Caroline Burgy _ St\u00e9phanie Buttay C _ Brigitte C\u00e9l\u00e9rier _ Isabelle Charreau _ Jean-Luc Chovelon _ Piero Cohen-Hadria _ Emmanuelle Cordoliani D _ Anne Dejardin _ Elise Dellas _ Juliette Derimay _ Claudine Dozoul _ Bernard Dudoignon _ Coralie Dumas E _ <a class=\"more-link\" href=\"https:\/\/www.tierslivre.net\/ateliers\/atelier-index-sommaires\/gestesusages\/index-des-autrices%c2%b7auteurs\/\">Continuer la lecture<span class=\"screen-reader-text\">index des autrices\u00b7auteurs<\/span><span class=\"meta-nav\">&rarr;<\/span><\/a><\/p>\n","protected":false},"author":1,"featured_media":0,"parent":142959,"menu_order":2,"comment_status":"closed","ping_status":"closed","template":"","meta":{"h5ap_radio_sources":[],"footnotes":""},"class_list":["post-143246","page","type-page","status-publish","hentry"],"_links":{"self":[{"href":"https:\/\/www.tierslivre.net\/ateliers\/wp-json\/wp\/v2\/pages\/143246","targetHints":{"allow":["GET"]}}],"collection":[{"href":"https:\/\/www.tierslivre.net\/ateliers\/wp-json\/wp\/v2\/pages"}],"about":[{"href":"https:\/\/www.tierslivre.net\/ateliers\/wp-json\/wp\/v2\/types\/page"}],"author":[{"embeddable":true,"href":"https:\/\/www.tierslivre.net\/ateliers\/wp-json\/wp\/v2\/users\/1"}],"replies":[{"embeddable":true,"href":"https:\/\/www.tierslivre.net\/ateliers\/wp-json\/wp\/v2\/comments?post=143246"}],"version-history":[{"count":3,"href":"https:\/\/www.tierslivre.net\/ateliers\/wp-json\/wp\/v2\/pages\/143246\/revisions"}],"predecessor-version":[{"id":146376,"href":"https:\/\/www.tierslivre.net\/ateliers\/wp-json\/wp\/v2\/pages\/143246\/revisions\/146376"}],"up":[{"embeddable":true,"href":"https:\/\/www.tierslivre.net\/ateliers\/wp-json\/wp\/v2\/pages\/142959"}],"wp:attachment":[{"href":"https:\/\/www.tierslivre.net\/ateliers\/wp-json\/wp\/v2\/media?parent=143246"}],"curies":[{"name":"wp","href":"https:\/\/api.w.org\/{rel}","templated":true}]}}