{"id":147195,"date":"2024-03-24T13:34:20","date_gmt":"2024-03-24T12:34:20","guid":{"rendered":"https:\/\/www.tierslivre.net\/ateliers\/?page_id=147195"},"modified":"2024-06-09T08:12:12","modified_gmt":"2024-06-09T06:12:12","slug":"recherches-sur-la-nouvelle-le-sommaire","status":"publish","type":"page","link":"https:\/\/www.tierslivre.net\/ateliers\/atelier-index-sommaires\/nouvelles\/recherches-sur-la-nouvelle-le-sommaire\/","title":{"rendered":"recherches sur la nouvelle, le sommaire"},"content":{"rendered":"\n<p>_ <a href=\"https:\/\/www.tierslivre.net\/spip\/spip.php?article4787\">sommaire g\u00e9n\u00e9ral du cycle sur Tiers Livre &amp; vid\u00e9o \u00abblog mode d&#8217;emploi\u00bb<\/a> ainsi qu&rsquo;archives saison 1 du cycle (printemps 2018)<\/p>\n\n\n\n<p>_ <a href=\"https:\/\/www.tierslivre.net\/ateliers\/nouvelles-une-autre-utilisation-du-wordpress\/\">petites astuces pour le blog<\/a> : s&rsquo;organiser pour les boucles 1, 2 &amp; 3, installer une table des mati\u00e8res internes aux articles, etc, deux vid\u00e9os tuto&#8230; <\/p>\n\n\n\n<h2 class=\"wp-block-heading\">boucle 1, r\u00e9cits avec livre<\/h2>\n\n\n\n<p>_ #01 |&nbsp; <a href=\"https:\/\/www.tierslivre.net\/spip\/spip.php?article5288\">de l&rsquo;art de ranger ses livres<\/a>, et <a href=\"https:\/\/www.tierslivre.net\/ateliers\/category\/nouvelles\/01-ranger-ses-livres\/\">l&rsquo;ensemble des contributions<\/a>;<\/p>\n\n\n\n<p>_ #02 | <a href=\"https:\/\/www.tierslivre.net\/spip\/spip.php?article5289\">histoire de mes librairies<\/a>, et <a href=\"https:\/\/www.tierslivre.net\/ateliers\/category\/nouvelles\/02-histoire-de-mes-librairies\/\">l&rsquo;ensemble des contributions<\/a>;<\/p>\n\n\n\n<p>_ #03 | <a href=\"https:\/\/www.tierslivre.net\/spip\/spip.php?article5290\">inventaire de choses perdues<\/a>, et <a href=\"https:\/\/www.tierslivre.net\/ateliers\/category\/nouvelles\/03-schalansky-inventaire-de-choses-perdues\/\">l&rsquo;ensemble des contributions<\/a>; <\/p>\n\n\n\n<p>_ #04 | <a href=\"https:\/\/www.tierslivre.net\/spip\/spip.php?article5291\">le livre moins ce qu&rsquo;il dit, Bergounioux<\/a>, et <a href=\"https:\/\/www.tierslivre.net\/ateliers\/category\/nouvelles\/04-le-livre-dans-sa-materialite\/\">l&rsquo;ensemble des contributions<\/a>; <\/p>\n\n\n\n<p>_ #05 | <a href=\"https:\/\/www.tierslivre.net\/spip\/spip.php?article5292\">la synth\u00e8se, quatre stations pour un livre<\/a>, et <a href=\"https:\/\/www.tierslivre.net\/ateliers\/category\/nouvelles\/05-4-stations-pour-un-livre\/\">l&rsquo;ensemble des contributions<\/a>;<\/p>\n\n\n\n<h2 class=\"wp-block-heading\">boucle 2, r\u00e9cits avec vie br\u00e8ve<\/h2>\n\n\n\n<p>_ #01 |&nbsp;<a href=\"https:\/\/www.tierslivre.net\/spip\/spip.php?article5293\">Paul Morand visite Marcel Proust<\/a>, et <a href=\"https:\/\/www.tierslivre.net\/ateliers\/category\/nouvelles-boucle-2\/boucle-2-01-paul-morand\/\">l&rsquo;ensemble des contributions<\/a>;<\/p>\n\n\n\n<p>_ #02 | <a href=\"https:\/\/www.tierslivre.net\/spip\/spip.php?article5294\">qualit\u00e9s des sans qualit\u00e9s (fragment d&rsquo;un faux Wikipedia)<\/a>, et <a href=\"https:\/\/www.tierslivre.net\/ateliers\/category\/nouvelles-boucle-2\/boucle-2-02-faux-wikipedia\/\">l&rsquo;ensemble des contributions<\/a>;<\/p>\n\n\n\n<p>_ #03 |&nbsp;<a href=\"https:\/\/www.tierslivre.net\/spip\/spip.php?article5296\">Gertrude Stein, vie de familles<\/a>, et <a href=\"https:\/\/www.tierslivre.net\/ateliers\/category\/nouvelles-boucle-2\/boucle-2-03-gertrude-stein-familles\/\">l&rsquo;ensemble des contributions<\/a>;<\/p>\n\n\n\n<p>_ #04 |&nbsp;<a href=\"https:\/\/www.tierslivre.net\/spip\/spip.php?article5297\">Michon &amp; Martel, six \u00eeles avec ab\u00eemes<\/a>, et <a href=\"https:\/\/www.tierslivre.net\/ateliers\/category\/nouvelles-boucle-2\/boucle-2-04-pierre-michon\/\">l&rsquo;ensemble des contributions<\/a>; <\/p>\n\n\n\n<h2 class=\"wp-block-heading\">nouveau cycle, vers une \u00e9co-po\u00e9tique<\/h2>\n\n\n\n<p><em>Nota : en raison de l&rsquo;int\u00e9r\u00eat et de la nouveaut\u00e9 du d\u00e9chiffrement de ce domaine, nous transformons en cycle ce qui s&rsquo;intitulait originellement \u00abboucle 3\u00bb, ce cycle sera repris et d\u00e9velopp\u00e9 apr\u00e8s l&rsquo;interruption du \u00abcycle \u00e9t\u00e9 2024\u00bb, les deux premi\u00e8res propositions un avant-go\u00fbt de ce que nous avons \u00e0 y explorer !<\/em><\/p>\n\n\n\n<p>_ #01 |&nbsp;<a href=\"https:\/\/www.tierslivre.net\/spip\/spip.php?article5299\">Annie Dillard, il y avait un silence<\/a>, et <a href=\"https:\/\/www.tierslivre.net\/ateliers\/category\/nouvelles-boucle-3\/boucle-3-01-annie-dillard-un-silence\/\">l&rsquo;ensemble des contributions<\/a>;<\/p>\n\n\n\n<p>_ #02 |&nbsp;<a href=\"https:\/\/www.tierslivre.net\/spip\/spip.php?article5301\">Ga\u00eblle Obi\u00e9gly, Sans valeur<\/a>, et <a href=\"https:\/\/www.tierslivre.net\/ateliers\/category\/nouvelles-boucle-3\/boucle-3-02-gaelle-obiegly\/\">l&rsquo;ensemble des contributions<\/a>; <\/p>\n\n\n\n<p>_ #03 |&nbsp;&#8230;<\/p>\n\n\n\n<p><\/p>\n\n\n\n<p><\/p>\n","protected":false},"excerpt":{"rendered":"<p>_ sommaire g\u00e9n\u00e9ral du cycle sur Tiers Livre &amp; vid\u00e9o \u00abblog mode d&#8217;emploi\u00bb ainsi qu&rsquo;archives saison 1 du cycle (printemps 2018) _ petites astuces pour le blog : s&rsquo;organiser pour les boucles 1, 2 &amp; 3, installer une table des mati\u00e8res internes aux articles, etc, deux vid\u00e9os tuto&#8230; boucle 1, r\u00e9cits avec livre _ #01 |&nbsp; de l&rsquo;art de ranger <a class=\"more-link\" href=\"https:\/\/www.tierslivre.net\/ateliers\/atelier-index-sommaires\/nouvelles\/recherches-sur-la-nouvelle-le-sommaire\/\">Continuer la lecture<span class=\"screen-reader-text\">recherches sur la nouvelle, le sommaire<\/span><span class=\"meta-nav\">&rarr;<\/span><\/a><\/p>\n","protected":false},"author":1,"featured_media":0,"parent":147193,"menu_order":1,"comment_status":"closed","ping_status":"closed","template":"","meta":{"h5ap_radio_sources":[],"footnotes":""},"class_list":["post-147195","page","type-page","status-publish","hentry"],"_links":{"self":[{"href":"https:\/\/www.tierslivre.net\/ateliers\/wp-json\/wp\/v2\/pages\/147195","targetHints":{"allow":["GET"]}}],"collection":[{"href":"https:\/\/www.tierslivre.net\/ateliers\/wp-json\/wp\/v2\/pages"}],"about":[{"href":"https:\/\/www.tierslivre.net\/ateliers\/wp-json\/wp\/v2\/types\/page"}],"author":[{"embeddable":true,"href":"https:\/\/www.tierslivre.net\/ateliers\/wp-json\/wp\/v2\/users\/1"}],"replies":[{"embeddable":true,"href":"https:\/\/www.tierslivre.net\/ateliers\/wp-json\/wp\/v2\/comments?post=147195"}],"version-history":[{"count":3,"href":"https:\/\/www.tierslivre.net\/ateliers\/wp-json\/wp\/v2\/pages\/147195\/revisions"}],"predecessor-version":[{"id":153986,"href":"https:\/\/www.tierslivre.net\/ateliers\/wp-json\/wp\/v2\/pages\/147195\/revisions\/153986"}],"up":[{"embeddable":true,"href":"https:\/\/www.tierslivre.net\/ateliers\/wp-json\/wp\/v2\/pages\/147193"}],"wp:attachment":[{"href":"https:\/\/www.tierslivre.net\/ateliers\/wp-json\/wp\/v2\/media?parent=147195"}],"curies":[{"name":"wp","href":"https:\/\/api.w.org\/{rel}","templated":true}]}}