{"id":147197,"date":"2024-03-24T13:35:03","date_gmt":"2024-03-24T12:35:03","guid":{"rendered":"https:\/\/www.tierslivre.net\/ateliers\/?page_id=147197"},"modified":"2024-05-24T10:35:26","modified_gmt":"2024-05-24T08:35:26","slug":"index-des-autrices-auteurs","status":"publish","type":"page","link":"https:\/\/www.tierslivre.net\/ateliers\/atelier-index-sommaires\/nouvelles\/index-des-autrices-auteurs\/","title":{"rendered":"index des autrices &#038; auteurs"},"content":{"rendered":"\n<p><strong>B<\/strong><br>_ <a href=\"https:\/\/www.tierslivre.net\/ateliers\/author\/noellebb\/\">No\u00eblle Baillon<\/a><br>_ <a href=\"https:\/\/www.tierslivre.net\/ateliers\/author\/khedidjabs\/\">Khedidja Berassil<\/a><br>_ <a href=\"https:\/\/www.tierslivre.net\/ateliers\/author\/romainbv\/\">Romain Bert-Varlez<\/a><br>_ <a href=\"https:\/\/www.tierslivre.net\/ateliers\/author\/pblanchon\/\">Patrick Blanchon<\/a><br>_ <a href=\"https:\/\/www.tierslivre.net\/ateliers\/author\/sbobin\/\">Samuel Bobin<\/a><br>_ <a href=\"https:\/\/www.tierslivre.net\/ateliers\/author\/hboivin\/\">H\u00e9l\u00e8ne Boivin<\/a><br>_ <a href=\"https:\/\/www.tierslivre.net\/ateliers\/author\/cburgy\/\">Caroline Burgy<\/a><br>_ <a href=\"https:\/\/www.tierslivre.net\/ateliers\/author\/sbuttay\/\">St\u00e9phanie Buttay<\/a><br><strong>C<\/strong><br>_ <a href=\"https:\/\/www.tierslivre.net\/ateliers\/author\/jeromece\/\">J\u00e9r\u00f4me C\u00e9<\/a><br>_ <a href=\"https:\/\/www.tierslivre.net\/ateliers\/author\/brigetoun\/\">Brigitte C\u00e9l\u00e9rier<\/a><br>_ <a href=\"https:\/\/www.tierslivre.net\/ateliers\/author\/achagnon\/\">Aline Chagnon<\/a><br>_ <a href=\"https:\/\/www.tierslivre.net\/ateliers\/author\/jluc-chovelon\/\">Jean-Luc Chovelon<\/a><br>_ <a href=\"https:\/\/www.tierslivre.net\/ateliers\/author\/mcohen\/\">Mich\u00e8le Cohen<\/a><br>_ <a href=\"https:\/\/www.tierslivre.net\/ateliers\/author\/pierodebelleville\/\">Piero Cohen-Hadria<\/a><br>_ <a href=\"https:\/\/www.tierslivre.net\/ateliers\/author\/ecordoliani\/\">Emmanuelle Cordoliani<\/a><br><strong>D<\/strong><br>_ <a href=\"https:\/\/www.tierslivre.net\/ateliers\/author\/adejardin\/\">Anne Dejardin<\/a><br>_ <a href=\"https:\/\/www.tierslivre.net\/ateliers\/author\/edellas\/\">Elise Dellas<\/a><br>_ <a href=\"https:\/\/www.tierslivre.net\/ateliers\/author\/jderimay\/\">Juliette Derimay<\/a><br>_ <a href=\"https:\/\/www.tierslivre.net\/ateliers\/author\/natachay\/\">Natacha Devie<\/a><br>_ <a href=\"https:\/\/www.tierslivre.net\/ateliers\/author\/carolinediaz\/\">Caroline Diaz<\/a><br>_ <a href=\"https:\/\/www.tierslivre.net\/ateliers\/author\/l-diez\/\">Lisa Diez<\/a><br>_ <a href=\"https:\/\/www.tierslivre.net\/ateliers\/author\/antonydnsc\/\">Anthony DS<\/a><br>_ <a href=\"https:\/\/www.tierslivre.net\/ateliers\/author\/cdumas\/\">Coralie Dumas<\/a><br>_ <a href=\"https:\/\/www.tierslivre.net\/ateliers\/author\/asdumeige\/\">Anne-Sophie Dumeige<\/a><br><strong>E<\/strong><br>_ <a href=\"https:\/\/www.tierslivre.net\/ateliers\/author\/ceschenbrenner\/\">Christine Eschenbrenner<\/a><br>_ <a href=\"https:\/\/www.tierslivre.net\/ateliers\/author\/mespinasse\/\">Monika Espinasse<\/a><br>_ <a href=\"https:\/\/www.tierslivre.net\/ateliers\/author\/neuzen\/\">Nolwenn Euzen<\/a><br><strong>G<\/strong><br>_ <a href=\"https:\/\/www.tierslivre.net\/ateliers\/author\/romainbv\/\">Jean-Marie Garnier<\/a><br>_ <a href=\"https:\/\/www.tierslivre.net\/ateliers\/author\/xgeorgin\/\">Xavier Georgin<\/a><br>_ <a href=\"https:\/\/www.tierslivre.net\/ateliers\/author\/dgodardlivet\/\">Dani\u00e8le Godard-Livet<\/a><br>_ <a href=\"https:\/\/www.tierslivre.net\/ateliers\/author\/reneec\/\">Betty Gomez<\/a><br>_ <a href=\"https:\/\/www.tierslivre.net\/ateliers\/author\/fguillaumond\/\">Fran\u00e7oise Guillaumond<\/a><br><strong>H<\/strong><br>_ <a href=\"https:\/\/www.tierslivre.net\/ateliers\/author\/nholt\/\">Nathalie Holt<\/a><br>_ <a href=\"https:\/\/www.tierslivre.net\/ateliers\/author\/laure-humbel\/\">Laure Humbel<\/a><br><strong>I<\/strong><br>_ <a href=\"https:\/\/www.tierslivre.net\/ateliers\/author\/rinterlegator\/\">Raymonde Interlegator<\/a><br>K<br>_ <a href=\"https:\/\/www.tierslivre.net\/ateliers\/author\/ckoeckx\/\">Catherine Koeckx<\/a><br><strong>L<\/strong><br>_ <a href=\"https:\/\/www.tierslivre.net\/ateliers\/author\/nolwennl\/\">Nolwenn Letanoux<\/a><br><strong>M<\/strong><br>_ <a href=\"https:\/\/www.tierslivre.net\/ateliers\/author\/emiliem\/\">\u00c9milie Marot<\/a><br>_ <a href=\"https:\/\/www.tierslivre.net\/ateliers\/author\/clarencem\/\">Clarence Massiani<\/a><br>_ <a href=\"https:\/\/www.tierslivre.net\/ateliers\/author\/mmichel\/\">Marie Michel<\/a><br><strong>P<\/strong><br>_ <a href=\"https:\/\/www.tierslivre.net\/ateliers\/author\/upandolfi\/\">Ugo Pandolfi<\/a><br>_ <a href=\"https:\/\/www.tierslivre.net\/ateliers\/author\/mathieupdc\/\">Mathieu Papion<\/a><br>_ <a href=\"https:\/\/www.tierslivre.net\/ateliers\/author\/mtpeyrin\/\">Marie-Th\u00e9r\u00e8se Peyrin<\/a><br>_ <a href=\"https:\/\/www.tierslivre.net\/ateliers\/author\/lpeyronnet\/\">Laurent Peyronnet<\/a><br><strong>R<\/strong><br>_ <a href=\"https:\/\/www.tierslivre.net\/ateliers\/author\/frenaud\/\">Fran\u00e7oise Renaud<\/a><br><strong>S<\/strong><br>_ <a href=\"https:\/\/www.tierslivre.net\/ateliers\/author\/psahuc\/\">Philippe Sahuc Sa\u00fcc<\/a><br>_ <a href=\"https:\/\/www.tierslivre.net\/ateliers\/author\/marlensauvage\/\">Marlen Sauvage<\/a><br>_ <a href=\"https:\/\/www.tierslivre.net\/ateliers\/author\/laurent-stratos\/\">Laurent Stratos<\/a><br><strong>T<\/strong><br>_ <a href=\"https:\/\/www.tierslivre.net\/ateliers\/author\/nrodot\/\">Pedro Tarel<\/a><br>_ <a href=\"https:\/\/www.tierslivre.net\/ateliers\/author\/ctran\/\">Chantal Tran<\/a><br>_ <a href=\"https:\/\/www.tierslivre.net\/ateliers\/author\/jacdeturenne\/\">Jacques de Turenne<\/a><br><strong>V<\/strong><br>_ <a href=\"https:\/\/www.tierslivre.net\/ateliers\/author\/catherinevg\/\">Catherine Veillon-Guilloux<\/a><br>_ <a href=\"https:\/\/www.tierslivre.net\/ateliers\/author\/svissac\/\">Solange Vissac<\/a><br><strong>W<\/strong><br>_ <a href=\"https:\/\/www.tierslivre.net\/ateliers\/author\/wpaille\/\">Will<\/a><br><strong>Y<\/strong><br>_ <a href=\"https:\/\/www.tierslivre.net\/ateliers\/author\/soleney\/\">Sol\u00e8ne Yu<\/a><\/p>\n","protected":false},"excerpt":{"rendered":"<p>B_ No\u00eblle Baillon_ Khedidja Berassil_ Romain Bert-Varlez_ Patrick Blanchon_ Samuel Bobin_ H\u00e9l\u00e8ne Boivin_ Caroline Burgy_ St\u00e9phanie ButtayC_ J\u00e9r\u00f4me C\u00e9_ Brigitte C\u00e9l\u00e9rier_ Aline Chagnon_ Jean-Luc Chovelon_ Mich\u00e8le Cohen_ Piero Cohen-Hadria_ Emmanuelle CordolianiD_ Anne Dejardin_ Elise Dellas_ Juliette Derimay_ Natacha Devie_ Caroline Diaz_ Lisa Diez_ Anthony DS_ Coralie Dumas_ Anne-Sophie DumeigeE_ Christine Eschenbrenner_ Monika Espinasse_ Nolwenn EuzenG_ Jean-Marie Garnier_ Xavier Georgin_ Dani\u00e8le <a class=\"more-link\" href=\"https:\/\/www.tierslivre.net\/ateliers\/atelier-index-sommaires\/nouvelles\/index-des-autrices-auteurs\/\">Continuer la lecture<span class=\"screen-reader-text\">index des autrices &#038; auteurs<\/span><span class=\"meta-nav\">&rarr;<\/span><\/a><\/p>\n","protected":false},"author":1,"featured_media":0,"parent":147193,"menu_order":2,"comment_status":"closed","ping_status":"closed","template":"","meta":{"h5ap_radio_sources":[],"footnotes":""},"class_list":["post-147197","page","type-page","status-publish","hentry"],"_links":{"self":[{"href":"https:\/\/www.tierslivre.net\/ateliers\/wp-json\/wp\/v2\/pages\/147197","targetHints":{"allow":["GET"]}}],"collection":[{"href":"https:\/\/www.tierslivre.net\/ateliers\/wp-json\/wp\/v2\/pages"}],"about":[{"href":"https:\/\/www.tierslivre.net\/ateliers\/wp-json\/wp\/v2\/types\/page"}],"author":[{"embeddable":true,"href":"https:\/\/www.tierslivre.net\/ateliers\/wp-json\/wp\/v2\/users\/1"}],"replies":[{"embeddable":true,"href":"https:\/\/www.tierslivre.net\/ateliers\/wp-json\/wp\/v2\/comments?post=147197"}],"version-history":[{"count":3,"href":"https:\/\/www.tierslivre.net\/ateliers\/wp-json\/wp\/v2\/pages\/147197\/revisions"}],"predecessor-version":[{"id":153027,"href":"https:\/\/www.tierslivre.net\/ateliers\/wp-json\/wp\/v2\/pages\/147197\/revisions\/153027"}],"up":[{"embeddable":true,"href":"https:\/\/www.tierslivre.net\/ateliers\/wp-json\/wp\/v2\/pages\/147193"}],"wp:attachment":[{"href":"https:\/\/www.tierslivre.net\/ateliers\/wp-json\/wp\/v2\/media?parent=147197"}],"curies":[{"name":"wp","href":"https:\/\/api.w.org\/{rel}","templated":true}]}}