{"id":154129,"date":"2024-06-13T13:42:08","date_gmt":"2024-06-13T11:42:08","guid":{"rendered":"https:\/\/www.tierslivre.net\/ateliers\/?page_id=154129"},"modified":"2024-08-04T12:35:46","modified_gmt":"2024-08-04T10:35:46","slug":"cycle-ete-2024-le-sommaire","status":"publish","type":"page","link":"https:\/\/www.tierslivre.net\/ateliers\/atelier-index-sommaires\/cycle-ete-2024\/cycle-ete-2024-le-sommaire\/","title":{"rendered":"cycle \u00e9t\u00e9 2024 |\u00a0le sommaire"},"content":{"rendered":"\n<p>_ <a href=\"https:\/\/www.tierslivre.net\/spip\/spip.php?article5300\">pr\u00e9sentations, inscription et liens sur Tiers Livre<\/a>;<\/p>\n\n\n\n<p>_ <a href=\"https:\/\/www.patreon.com\/posts\/anthologie-le-106122303\">acc\u00e8s aux documents d&rsquo;appui <\/a>via la lettre mail d\u00e9di\u00e9e, ou sur Patreon si vous \u00eates abonn\u00e9\u00b7e\u00b7s Tiers Livre; <\/p>\n\n\n\n<p>_ #prologue | <a href=\"https:\/\/www.tierslivre.net\/spip\/spip.php?article5302\">Peter Handke, je suis venu au monde<\/a>, et <a href=\"https:\/\/www.tierslivre.net\/ateliers\/category\/cycle-ete-2024\/00-prologue-peter-handke\/\">l&rsquo;ensemble des contributions<\/a>;<\/p>\n\n\n\n<p>_ #01\/40 |<a href=\"https:\/\/www.tierslivre.net\/spip\/spip.php?article5303\">&nbsp;infinitifs &amp; adjectifs, la cure Beinstingel<\/a>, et <a href=\"https:\/\/www.tierslivre.net\/ateliers\/category\/cycle-ete-2024\/01-infinitifs-beinstingel\/\">l&rsquo;ensemble des contributions<\/a>; <\/p>\n\n\n\n<p>_ #02\/40 |&nbsp;<a href=\"https:\/\/www.tierslivre.net\/spip\/spip.php?article5304\">Akerman plus Perec, lieu circulaire avec personnage<\/a>, et <a href=\"https:\/\/www.tierslivre.net\/ateliers\/category\/cycle-ete-2024\/03-akerman-plus-perec\/\">l&rsquo;ensemble des contributions<\/a>; <\/p>\n\n\n\n<p>_ #03\/40 |&nbsp;<a href=\"https:\/\/www.tierslivre.net\/spip\/spip.php?article5305\">Tarkos, le parpaing revisit\u00e9<\/a>, et <a href=\"https:\/\/www.tierslivre.net\/ateliers\/category\/cycle-ete-2024\/03-tarkos-le-parpaing\/\">l&rsquo;ensemble des contributions<\/a>; <\/p>\n\n\n\n<p>_ #04\/40 |&nbsp;<a href=\"https:\/\/www.tierslivre.net\/spip\/spip.php?article5306\">habiter avec Sereine Berlottier<\/a>, et <a href=\"https:\/\/www.tierslivre.net\/ateliers\/category\/cycle-ete-2024\/04-sereine-berlottier-habiter\/\">l&rsquo;ensemble des contributions<\/a>;<\/p>\n\n\n\n<p>_ #05\/40 |&nbsp;<a href=\"https:\/\/www.tierslivre.net\/spip\/spip.php?article5307\">Val\u00e8re Novarina porte son corps devant lui<\/a>, et <a href=\"https:\/\/www.tierslivre.net\/ateliers\/category\/cycle-ete-2024\/05-novarina-porte-son-corps-devant-lui\/\">l&rsquo;ensemble des contributions<\/a>;<\/p>\n\n\n\n<p>_ #06\/40 | <a href=\"https:\/\/www.tierslivre.net\/spip\/spip.php?article5308\">seul, Gustave Roud ou Aragon<\/a>, et <a href=\"https:\/\/www.tierslivre.net\/ateliers\/category\/cycle-ete-2024\/06-roud-aragon-seul\/\">l&rsquo;ensemble des contributions<\/a>; <\/p>\n\n\n\n<p>_ #07\/40 | <a href=\"https:\/\/www.tierslivre.net\/spip\/spip.php?article5309\">Kafka, avant d&rsquo;allumer la lampe<\/a>, et <a href=\"https:\/\/www.tierslivre.net\/ateliers\/category\/cycle-ete-2024\/07-kafka-le-canape-les-lumieres\/\">l&rsquo;ensemble des contributions<\/a>;<\/p>\n\n\n\n<p>_ #08\/40 | <a href=\"https:\/\/www.tierslivre.net\/spip\/spip.php?article5310\">Kafka fictions en chambre<\/a>, et <a href=\"https:\/\/www.tierslivre.net\/ateliers\/category\/cycle-ete-2024\/08-kafka-fictions-en-chambre\/\">l&rsquo;ensemble des contributions<\/a>;<\/p>\n\n\n\n<p>_ #09\/40 | T<a href=\"https:\/\/www.tierslivre.net\/spip\/spip.php?article5311\">homas Bernhard, coup de t\u00eate<\/a>, et <a href=\"https:\/\/www.tierslivre.net\/ateliers\/category\/cycle-ete-2024\/09-thomas-bernhard-coup-de-tete\/\">l&rsquo;ensemble des contributions<\/a>;<\/p>\n\n\n\n<p>_ #10\/40 |&nbsp;<a href=\"https:\/\/www.tierslivre.net\/spip\/spip.php?article5312\">Claude Simon, la main qui \u00e9crit tous les pr\u00e9sents<\/a>, et <a href=\"https:\/\/www.tierslivre.net\/ateliers\/category\/cycle-ete-2024\/10-claude-simon-portrait-au-present\/\">l&rsquo;ensemble des contributions<\/a>;<\/p>\n\n\n\n<p>_ #11\/40 |&nbsp;<a href=\"https:\/\/www.tierslivre.net\/spip\/spip.php?article5313\">Claude Simon, retour de nuit &amp; phrases flottantes<\/a>, et <a href=\"https:\/\/www.tierslivre.net\/ateliers\/category\/cycle-ete-2024\/11-claude-simon-retour-de-nuit\/\">l&rsquo;ensemble des contributions<\/a>; <\/p>\n\n\n\n<p>_ #12\/40 |&nbsp;<a href=\"https:\/\/www.tierslivre.net\/spip\/spip.php?article5314\">Claude Simon, 14 fois la ville<\/a>, et <a href=\"https:\/\/www.tierslivre.net\/ateliers\/category\/cycle-ete-2024\/12-claude-simon-14-villes\/\">l&rsquo;ensemble des contributions<\/a>; <\/p>\n\n\n\n<p>_ #13\/40 |&nbsp;<a href=\"https:\/\/www.tierslivre.net\/spip\/spip.php?article5315\">Claude Simon, 3983 signes<\/a>, et <a href=\"https:\/\/www.tierslivre.net\/ateliers\/category\/cycle-ete-2024\/13-claude-simon-3983-signes\/\">l&rsquo;ensemble des contributions<\/a>; <\/p>\n\n\n\n<p>_ #14\/40 | <a href=\"https:\/\/www.tierslivre.net\/spip\/spip.php?article5316\">Sarraute, ne me parlez pas de \u00e7a<\/a>, et <a href=\"https:\/\/www.tierslivre.net\/ateliers\/category\/cycle-ete-2024\/14-sarraute-ne-me-parlez-pas-de-ca\/\">l&rsquo;ensemble des contributions<\/a>; <\/p>\n\n\n\n<p>_ #15\/40 | <a href=\"https:\/\/www.tierslivre.net\/spip\/spip.php?article5317\">Nathalie Sarraute, vous aimez les voyages ?<\/a>, et <a href=\"https:\/\/www.tierslivre.net\/ateliers\/category\/cycle-ete-2024\/15-sarraute-vous-aimez-les-voyages\/\">l&rsquo;ensemble des contributions<\/a>; <\/p>\n\n\n\n<p>_ #16\/40 |&nbsp;<a href=\"https:\/\/www.tierslivre.net\/spip\/spip.php?article5319\">Sarraute, Tropismes IX, un face \u00e0 face<\/a>, et <a href=\"https:\/\/www.tierslivre.net\/ateliers\/category\/cycle-ete-2024\/16-sarraute-tropismes\/\">l&rsquo;ensemble des contributions<\/a>; <\/p>\n\n\n\n<p>_ #17\/40 |&nbsp;<a href=\"https:\/\/www.tierslivre.net\/spip\/spip.php?article5318\">Christian Garcin, reconstitutions avec fiction<\/a>, et <a href=\"https:\/\/www.tierslivre.net\/ateliers\/category\/cycle-ete-2024\/17-christian-garcin-reconstitutions-avec-fiction\/\">l&rsquo;ensemble des contributions<\/a>;<\/p>\n\n\n\n<p>_ #18\/40 | <a href=\"https:\/\/www.tierslivre.net\/spip\/spip.php?article5320\">Herv\u00e9 Guibert, un \u00e9clatement de la photographie<\/a>, et <a href=\"https:\/\/www.tierslivre.net\/ateliers\/category\/cycle-ete-2024\/18-herve-guibert-table-des-matieres\/\">l&rsquo;ensemble des contributions<\/a>;<\/p>\n\n\n\n<p>_ #19\/40 |&nbsp;<a href=\"https:\/\/www.tierslivre.net\/spip\/spip.php?article5321\">Annie Ernaux, r\u00e9manence des images orphelines<\/a>, et <a href=\"https:\/\/www.tierslivre.net\/ateliers\/category\/cycle-ete-2024\/19-ernaux-images-orphelines\/\">l&rsquo;ensemble des contributions<\/a>;<\/p>\n\n\n\n<p>_ #20\/40 | <a href=\"https:\/\/www.tierslivre.net\/spip\/spip.php?article5322\">Annie Ernaux, de toi<\/a>, et <a href=\"https:\/\/www.tierslivre.net\/ateliers\/category\/cycle-ete-2024\/20-annie-ernaux-de-toi\/\">l&rsquo;ensemble des contributions<\/a>;<\/p>\n\n\n\n<p>_ #21\/40 |&nbsp;<a href=\"https:\/\/www.tierslivre.net\/spip\/spip.php?article5323\">Perec, s&rsquo;annoter soi-m\u00eame<\/a>, et <a href=\"https:\/\/www.tierslivre.net\/ateliers\/category\/cycle-ete-2024\/21-perec-sannoter-soi-meme\/\">l&rsquo;ensemble des contributions<\/a>;<\/p>\n\n\n\n<p>_ #22\/40 | <a href=\"https:\/\/www.tierslivre.net\/spip\/spip.php?article5324\">Perec, lieu r\u00e9el et lieu m\u00e9moriel<\/a>, et <a href=\"https:\/\/www.tierslivre.net\/ateliers\/category\/cycle-ete-2024\/22-perec-lieu-reel-lieu-memoriel\/\">l&rsquo;ensemble des contributions<\/a>; <\/p>\n\n\n\n<p>_ #23\/40 |&nbsp;<a href=\"https:\/\/www.tierslivre.net\/spip\/spip.php?article5325\">Perec, plus bas, encore plus bas<\/a>, et <a href=\"https:\/\/www.tierslivre.net\/ateliers\/category\/cycle-ete-2024\/23-perec-plus-bas-encore-plus-bas\/\">l&rsquo;ensemble des contributions<\/a>;<\/p>\n\n\n\n<p>_ #24\/40 |&nbsp;<a href=\"https:\/\/www.tierslivre.net\/spip\/spip.php?article5326\">Paul Nizan, texte avec gens qui dorment<\/a>, et <a href=\"https:\/\/www.tierslivre.net\/ateliers\/category\/cycle-ete-2024\/24-nizan-gens-qui-dorment\/\">l&rsquo;ensemble des contributions<\/a>;<\/p>\n\n\n\n<p>_ #25\/40 |&nbsp;<a href=\"https:\/\/www.tierslivre.net\/spip\/spip.php?article5327\">Ryoko Sekiguchi, le carnet des odeurs<\/a>, et <a href=\"https:\/\/www.tierslivre.net\/ateliers\/category\/cycle-ete-2024\/25-ryoko-sekiguchi-odeurs\/\">l&rsquo;ensemble des contributions<\/a>; <\/p>\n\n\n\n<p>_ #26\/40 |&nbsp;<a href=\"https:\/\/www.tierslivre.net\/spip\/spip.php?article5328\">les bruits les voix, Manganelli 1<\/a>, et <a href=\"https:\/\/www.tierslivre.net\/ateliers\/category\/cycle-ete-2024\/26-manganelli-1-bruits-ou-voix\/\">l&rsquo;ensemble des contributions<\/a>;<\/p>\n\n\n\n<p>_ #27\/40 | <a href=\"https:\/\/www.tierslivre.net\/spip\/spip.php?article5329\">l&rsquo;imaginaire du livre, Manganelli 2<\/a>, et <a href=\"https:\/\/www.tierslivre.net\/ateliers\/category\/cycle-ete-2024\/27-manganelli-2-centurie\/\">l&rsquo;ensemble des contributions<\/a>;<\/p>\n\n\n\n<p>_ #28\/40 | <a href=\"https:\/\/www.tierslivre.net\/spip\/spip.php?article5330\">de l&rsquo;art dans nos \u00e9critures, \u00c9douard Lev\u00e9<\/a>, et <a href=\"https:\/\/www.tierslivre.net\/ateliers\/category\/cycle-ete-2024\/29-edouard-leve-oeuvres\/\">l&rsquo;ensemble des contributions<\/a>; <\/p>\n\n\n\n<p>_ #29\/40 |&nbsp;<a href=\"https:\/\/www.tierslivre.net\/spip\/spip.php?article5331\">Michaux, l&rsquo;impossible retour<\/a>, et <a href=\"https:\/\/www.tierslivre.net\/ateliers\/category\/cycle-ete-2024\/29-michaux-impossible-retour\/\">l&rsquo;ensemble des contributions<\/a>;<\/p>\n\n\n\n<p>_ #30, hors-s\u00e9rie : mise en forme individuelle et maquettage premier ensemble de textes;<\/p>\n\n\n\n<p>_ #31\/40 |&nbsp;<a href=\"https:\/\/www.tierslivre.net\/spip\/spip.php?article5332\">Kasischke, le mort qui dit je<\/a>, et <a href=\"https:\/\/www.tierslivre.net\/ateliers\/category\/cycle-ete-2024\/31-kasischke-le-mort-qui-dit-je\/\">l&rsquo;ensemble des contributions<\/a>; <\/p>\n\n\n\n<p>_ #32\/40 | <a href=\"https:\/\/www.tierslivre.net\/spip\/spip.php?article5233\">David Foster Wallace, vie de quartier<\/a>, et <a href=\"https:\/\/www.tierslivre.net\/ateliers\/category\/cycle-ete-2024\/32-david-foster-wallace-vie-de-quartier\/\">l&rsquo;ensemble des contributions<\/a>;<\/p>\n\n\n\n<p>_ #33\/40 | <a href=\"https:\/\/www.tierslivre.net\/spip\/spip.php?article5334\">Samuel Beckett, le mot phrase,<\/a> et <a href=\"https:\/\/www.tierslivre.net\/ateliers\/category\/cycle-ete-2024\/33-beckett-le-mot-phrase\/\">l&rsquo;ensemble des contributions<\/a>;<\/p>\n\n\n\n<p>_ #34\/40 | <a href=\"https:\/\/www.tierslivre.net\/spip\/spip.php?article5335\">Robert Pinget, ma\u00eetre en dialogues<\/a>, et <a href=\"https:\/\/www.tierslivre.net\/ateliers\/category\/cycle-ete-2024\/34-pinget-dialogue\/\">l&rsquo;ensemble des contributions<\/a>;<\/p>\n\n\n\n<p>_ #35\/40 |&nbsp;<a href=\"https:\/\/www.tierslivre.net\/spip\/spip.php?article5336\">Duras, la voix off, le camion<\/a>, et <a href=\"https:\/\/www.tierslivre.net\/ateliers\/category\/cycle-ete-2024\/35-duras-voix-off\/\">l&rsquo;ensemble des contributions<\/a>; <\/p>\n\n\n\n<p>_ #36\/40 | <a href=\"https:\/\/www.tierslivre.net\/spip\/spip.php?article5337\">Epstein, le cin\u00e9-\u0153il et le ralenti<\/a>, et <a href=\"https:\/\/www.tierslivre.net\/ateliers\/category\/cycle-ete-2024\/36-epstein-ralenti\/\">l&rsquo;ensemble des contributions<\/a>;<\/p>\n\n\n\n<p>_ #37\/40 |&nbsp;<a href=\"https:\/\/www.tierslivre.net\/spip\/spip.php?article5338\">Ransmayr, atlas de nous inquiets<\/a>, et <a href=\"https:\/\/www.tierslivre.net\/ateliers\/category\/cycle-ete-2024\/37-ransmayr-atlas\/\">l&rsquo;ensemble des contributions<\/a>; <\/p>\n\n\n\n<p>_ #38\/40 | <a href=\"https:\/\/www.tierslivre.net\/spip\/spip.php?article5339\">Christa Wolf, cette journ\u00e9e-l\u00e0<\/a>, et <a href=\"https:\/\/www.tierslivre.net\/ateliers\/category\/cycle-ete-2024\/38-christa-wolf-incident\/\">l&rsquo;ensemble des contributions<\/a>; <\/p>\n\n\n\n<p>_ #39\/40 | <a href=\"https:\/\/www.tierslivre.net\/spip\/spip.php?article5340\">force centrifuge de la collection, Olivier Rolin<\/a>, et <a href=\"https:\/\/www.tierslivre.net\/ateliers\/category\/cycle-ete-2024\/39-rolin-collections-accumulations\/\">l&rsquo;ensemble des contributions<\/a>;<\/p>\n\n\n\n<p>_ #40\/40 et fin ! | <a href=\"https:\/\/www.tierslivre.net\/spip\/spip.php?article5341\">Anne-James Chaton, hypoth\u00e8ses pour ne pas finir<\/a>, et <a href=\"https:\/\/www.tierslivre.net\/ateliers\/category\/cycle-ete-2024\/40-anne-james-chaton-hypotheses\/\">l&rsquo;ensemble des contributions<\/a>; <\/p>\n","protected":false},"excerpt":{"rendered":"<p>_ pr\u00e9sentations, inscription et liens sur Tiers Livre; _ acc\u00e8s aux documents d&rsquo;appui via la lettre mail d\u00e9di\u00e9e, ou sur Patreon si vous \u00eates abonn\u00e9\u00b7e\u00b7s Tiers Livre; _ #prologue | Peter Handke, je suis venu au monde, et l&rsquo;ensemble des contributions; _ #01\/40 |&nbsp;infinitifs &amp; adjectifs, la cure Beinstingel, et l&rsquo;ensemble des contributions; _ #02\/40 |&nbsp;Akerman plus Perec, lieu circulaire <a class=\"more-link\" href=\"https:\/\/www.tierslivre.net\/ateliers\/atelier-index-sommaires\/cycle-ete-2024\/cycle-ete-2024-le-sommaire\/\">Continuer la lecture<span class=\"screen-reader-text\">cycle \u00e9t\u00e9 2024 |\u00a0le sommaire<\/span><span class=\"meta-nav\">&rarr;<\/span><\/a><\/p>\n","protected":false},"author":1,"featured_media":0,"parent":154124,"menu_order":1,"comment_status":"closed","ping_status":"closed","template":"","meta":{"h5ap_radio_sources":[],"footnotes":""},"class_list":["post-154129","page","type-page","status-publish","hentry"],"_links":{"self":[{"href":"https:\/\/www.tierslivre.net\/ateliers\/wp-json\/wp\/v2\/pages\/154129","targetHints":{"allow":["GET"]}}],"collection":[{"href":"https:\/\/www.tierslivre.net\/ateliers\/wp-json\/wp\/v2\/pages"}],"about":[{"href":"https:\/\/www.tierslivre.net\/ateliers\/wp-json\/wp\/v2\/types\/page"}],"author":[{"embeddable":true,"href":"https:\/\/www.tierslivre.net\/ateliers\/wp-json\/wp\/v2\/users\/1"}],"replies":[{"embeddable":true,"href":"https:\/\/www.tierslivre.net\/ateliers\/wp-json\/wp\/v2\/comments?post=154129"}],"version-history":[{"count":3,"href":"https:\/\/www.tierslivre.net\/ateliers\/wp-json\/wp\/v2\/pages\/154129\/revisions"}],"predecessor-version":[{"id":168904,"href":"https:\/\/www.tierslivre.net\/ateliers\/wp-json\/wp\/v2\/pages\/154129\/revisions\/168904"}],"up":[{"embeddable":true,"href":"https:\/\/www.tierslivre.net\/ateliers\/wp-json\/wp\/v2\/pages\/154124"}],"wp:attachment":[{"href":"https:\/\/www.tierslivre.net\/ateliers\/wp-json\/wp\/v2\/media?parent=154129"}],"curies":[{"name":"wp","href":"https:\/\/api.w.org\/{rel}","templated":true}]}}