{"id":170983,"date":"2024-09-14T09:13:22","date_gmt":"2024-09-14T07:13:22","guid":{"rendered":"https:\/\/www.tierslivre.net\/ateliers\/?page_id=170983"},"modified":"2024-11-11T12:50:18","modified_gmt":"2024-11-11T11:50:18","slug":"vers-une-ecopoetique-le-sommaire","status":"publish","type":"page","link":"https:\/\/www.tierslivre.net\/ateliers\/atelier-index-sommaires\/vers-une-ecopoetique\/vers-une-ecopoetique-le-sommaire\/","title":{"rendered":"vers une \u00e9copo\u00e9tique, le sommaire"},"content":{"rendered":"\n<blockquote class=\"wp-block-quote is-layout-flow wp-block-quote-is-layout-flow\">\n<p>\u2022 amorc\u00e9 en tant que 3\u00e8me boucle de notre cycle <a href=\"https:\/\/www.tierslivre.net\/spip\/spip.php?article4787\">recherches sur la nouvelle<\/a>, l&rsquo;importance d&rsquo;une exploration sur ce th\u00e8me appelait un cycle sp\u00e9cifique, apr\u00e8s donc cet effleurement en juin dernier&#8230; on s&rsquo;y remet ! <br>\u2022 <a href=\"http:\/\/\u00ab Serena, Michon, Espitallier, rendez-vous \u00e0 Cotignac \u00bb  quand Jacques Serena ins\u00e8re le mot Cotignac dans une des machines-phrase de son mur Facebook, quand Pierre Michon en extirpe illico un souvenir dont il ne dira rien, tandis que je m'en vais chercher le m\u00eame toponyme dans le \u00abFrance romans\u00bb de Jean-michel Espitallier mais ne l'y trouve pas, et d\u00e9brouille-toi de tout \u00e7a dans ton impro, en \u00e9voquant au passage Claire Dutrait, L'Arbre vengeur ou Tch\u00e9khov et les plate-formes pirates...   https:\/\/www.youtube.com\/watch?v=4j5mkw-kCNY\">la page sommaire g\u00e9n\u00e9ral sur Tiers Livre<\/a>;<br>\u2022 t\u00e9l\u00e9chargement des ressources d&rsquo;appui et publication de vos contributions : <a href=\"https:\/\/www.patreon.com\/francoisbon\">via le Patreon du site<\/a>;<\/p>\n<\/blockquote>\n\n\n\n<p><strong>les propositions <\/strong><\/p>\n\n\n\n<p>\u2022 #01, <a href=\"https:\/\/www.tierslivre.net\/spip\/spip.php?article5299\">Annie Dillard, il n&rsquo;y avait que le silence<\/a>, et <a href=\"https:\/\/www.tierslivre.net\/ateliers\/category\/ecopoetique\/ecopoetique-01-annie-dillard-un-silence\/\">l&rsquo;ensemble des contributions<\/a>; <\/p>\n\n\n\n<p>\u2022 #02, <a href=\"https:\/\/www.tierslivre.net\/spip\/spip.php?article5301\">Ga\u00eblle Obi\u00e9gly, Sans valeur<\/a>, et <a href=\"https:\/\/www.tierslivre.net\/ateliers\/category\/ecopoetique\/ecopoetique-02-gaelle-obiegly\/\">l&rsquo;ensemble des contributions<\/a>; <\/p>\n\n\n\n<p>\u2022 #03, <a href=\"https:\/\/www.tierslivre.net\/spip\/spip.php?article5344\">Jean-Christophe Bailly s&rsquo;en va en son jardin<\/a>, et <a href=\"https:\/\/www.tierslivre.net\/ateliers\/category\/ecopoetique\/ecopoetique-03-bailly-jardins\/\">l&rsquo;ensemble des contributions<\/a>;<\/p>\n\n\n\n<p>\u2022 #04 | <a href=\"https:\/\/www.tierslivre.net\/spip\/spip.php?article5345\">Claire Dutrait, m\u00eame si on ne voit rien<\/a>, et <a href=\"https:\/\/www.tierslivre.net\/ateliers\/category\/ecopoetique\/ecopoetique-04-claire-dutrait-arsenic\/\">l&rsquo;ensemble des contributions<\/a>;<\/p>\n\n\n\n<p>\u2022 #05 |&nbsp;<a href=\"https:\/\/www.tierslivre.net\/spip\/spip.php?article5346\">Joy Sorman, l&rsquo;inhabitable, avant\/apr\u00e8s<\/a>, et <a href=\"https:\/\/www.tierslivre.net\/ateliers\/category\/ecopoetique\/ecopoetique-05-joy-sorman-linhabitable\/\">l&rsquo;ensemble des contributions<\/a>;<\/p>\n\n\n\n<p>\u2022 #06 |&nbsp;<a href=\"https:\/\/www.tierslivre.net\/spip\/spip.php?article5347\">Saint-John Perse, pluies, imp\u00e9ratifs, versets<\/a>, et <a href=\"https:\/\/www.tierslivre.net\/ateliers\/category\/ecopoetique\/ecopoetique-06-pluies-saint-john-perse\/\">l&rsquo;ensemble des contributions<\/a>;<\/p>\n\n\n\n<p>\u2022&nbsp;#07 | <a href=\"https:\/\/www.tierslivre.net\/spip\/spip.php?article5348\">Amandine Andr\u00e9, ni, car, ni<\/a>, et <a href=\"https:\/\/www.tierslivre.net\/ateliers\/category\/ecopoetique\/ecopoetique-07-ni-car-ni\/\">l&rsquo;ensemble des contributions<\/a>;<\/p>\n\n\n\n<p>\u2022 #08 |&nbsp;<a href=\"https:\/\/www.tierslivre.net\/spip\/spip.php?article5349\">Pierre Patrolin, la ville vue depuis l&rsquo;eau<\/a>, et <a href=\"https:\/\/www.tierslivre.net\/ateliers\/category\/ecopoetique\/ecopoetique-08-pierre-patrolin\/\">l&rsquo;ensemble des contributions<\/a>; <\/p>\n\n\n\n<p>\u2022 #09 |&nbsp;<a href=\"https:\/\/www.tierslivre.net\/spip\/spip.php?article5351\">Pierre Patrolin, enfoncement dans la substance<\/a>, et <a href=\"https:\/\/www.tierslivre.net\/ateliers\/category\/ecopoetique\/ecopoetique-09-patrolin-un-enfoncement\/\">l&rsquo;ensemble des contributions<\/a>;<\/p>\n\n\n\n<p>\u2022 #10 | Roger Caillois, Notes pour la description des min\u00e9raux noirs, et <a href=\"https:\/\/www.tierslivre.net\/ateliers\/category\/ecopoetique\/ecopoetique-10-caillois-pierres\/\">l&rsquo;ensemble des contributions<\/a>; \u00a0<\/p>\n\n\n\n<p><\/p>\n","protected":false},"excerpt":{"rendered":"<p>\u2022 amorc\u00e9 en tant que 3\u00e8me boucle de notre cycle recherches sur la nouvelle, l&rsquo;importance d&rsquo;une exploration sur ce th\u00e8me appelait un cycle sp\u00e9cifique, apr\u00e8s donc cet effleurement en juin dernier&#8230; on s&rsquo;y remet ! \u2022 la page sommaire g\u00e9n\u00e9ral sur Tiers Livre;\u2022 t\u00e9l\u00e9chargement des ressources d&rsquo;appui et publication de vos contributions : via le Patreon du site; les propositions <a class=\"more-link\" href=\"https:\/\/www.tierslivre.net\/ateliers\/atelier-index-sommaires\/vers-une-ecopoetique\/vers-une-ecopoetique-le-sommaire\/\">Continuer la lecture<span class=\"screen-reader-text\">vers une \u00e9copo\u00e9tique, le sommaire<\/span><span class=\"meta-nav\">&rarr;<\/span><\/a><\/p>\n","protected":false},"author":1,"featured_media":0,"parent":170978,"menu_order":1,"comment_status":"closed","ping_status":"closed","template":"","meta":{"h5ap_radio_sources":[],"footnotes":""},"class_list":["post-170983","page","type-page","status-publish","hentry"],"_links":{"self":[{"href":"https:\/\/www.tierslivre.net\/ateliers\/wp-json\/wp\/v2\/pages\/170983","targetHints":{"allow":["GET"]}}],"collection":[{"href":"https:\/\/www.tierslivre.net\/ateliers\/wp-json\/wp\/v2\/pages"}],"about":[{"href":"https:\/\/www.tierslivre.net\/ateliers\/wp-json\/wp\/v2\/types\/page"}],"author":[{"embeddable":true,"href":"https:\/\/www.tierslivre.net\/ateliers\/wp-json\/wp\/v2\/users\/1"}],"replies":[{"embeddable":true,"href":"https:\/\/www.tierslivre.net\/ateliers\/wp-json\/wp\/v2\/comments?post=170983"}],"version-history":[{"count":3,"href":"https:\/\/www.tierslivre.net\/ateliers\/wp-json\/wp\/v2\/pages\/170983\/revisions"}],"predecessor-version":[{"id":173839,"href":"https:\/\/www.tierslivre.net\/ateliers\/wp-json\/wp\/v2\/pages\/170983\/revisions\/173839"}],"up":[{"embeddable":true,"href":"https:\/\/www.tierslivre.net\/ateliers\/wp-json\/wp\/v2\/pages\/170978"}],"wp:attachment":[{"href":"https:\/\/www.tierslivre.net\/ateliers\/wp-json\/wp\/v2\/media?parent=170983"}],"curies":[{"name":"wp","href":"https:\/\/api.w.org\/{rel}","templated":true}]}}