{"id":179329,"date":"2025-02-05T08:53:20","date_gmt":"2025-02-05T07:53:20","guid":{"rendered":"https:\/\/www.tierslivre.net\/ateliers\/?page_id=179329"},"modified":"2025-12-02T18:31:03","modified_gmt":"2025-12-02T17:31:03","slug":"boost-lindex-auteurs","status":"publish","type":"page","link":"https:\/\/www.tierslivre.net\/ateliers\/atelier-index-sommaires\/boost\/boost-lindex-auteurs\/","title":{"rendered":"#boost | l\u2019index auteurs"},"content":{"rendered":"\n<p>_ Index cr\u00e9\u00e9 \u00e0 partir des contributions individuelles publi\u00e9es.<br>_ Voir aussi l&rsquo;ensemble des <a href=\"https:\/\/www.tierslivre.net\/ateliers\/category\/boost\/boost-les-recaps\/\">r\u00e9caps hebdo avec PDF collectifs<\/a>, avec de nombreuses contributions suppl\u00e9mentaires.<br>_ Correctifs, retards ou oubli : merci pr\u00e9venir directement ! <\/p>\n\n\n\n<p><strong>A<\/strong><br>_ <a href=\"https:\/\/www.tierslivre.net\/ateliers\/author\/halbernhe\/\">Huguette Albernhe<\/a><br>_ <a href=\"https:\/\/www.tierslivre.net\/ateliers\/author\/landersen\/\">Laurette Andersen<\/a><br>_ <a href=\"https:\/\/www.tierslivre.net\/ateliers\/author\/anhmat\/\">Anh Mat<\/a> <br>_ <a href=\"https:\/\/www.tierslivre.net\/ateliers\/author\/rebecca-armstrong\/\">Rebecca Armstrong<\/a><\/p>\n\n\n\n<p><strong>B<\/strong><br>_ <a href=\"https:\/\/www.tierslivre.net\/ateliers\/author\/sbraquehais\/\">St\u00e9phanie B.<\/a><br>_ <a href=\"https:\/\/www.tierslivre.net\/ateliers\/author\/noellebb\/\">No\u00eblle Baillon<\/a> <br>_ <a href=\"https:\/\/www.tierslivre.net\/ateliers\/author\/mleroux\/\">George Baron<\/a><br>_ <a href=\"https:\/\/www.tierslivre.net\/ateliers\/author\/hvbarroso\/\">Helena Barroso<\/a> <br>_ <a href=\"https:\/\/www.tierslivre.net\/ateliers\/author\/graciabp\/\">Gracia Bejjani<\/a><br>_ <a href=\"https:\/\/www.tierslivre.net\/ateliers\/author\/khedidjabs\/\">Khedidja Berassil<\/a><br>_ <a href=\"https:\/\/www.tierslivre.net\/ateliers\/author\/pblanchon\/\">Patrick Blanchon<\/a> <br>_ <a href=\"https:\/\/www.tierslivre.net\/ateliers\/author\/hboivin\/\">H\u00e9l\u00e8ne Boivin<\/a><br>_ <a href=\"https:\/\/www.tierslivre.net\/ateliers\/?s=sbonnery\">Serge Bonnery<\/a><br>_ <a href=\"https:\/\/www.tierslivre.net\/ateliers\/author\/cbouillot\/\">C\u00e9cile Bouillot<\/a><br>_ <a href=\"https:\/\/www.tierslivre.net\/ateliers\/author\/abrabant\/\">Annick Brabant<\/a><\/p>\n\n\n\n<p><strong>C<\/strong><br>_ <a href=\"https:\/\/www.tierslivre.net\/ateliers\/author\/ccarrot\/\">Catherine Carrot<\/a><br>_ <a href=\"https:\/\/www.tierslivre.net\/ateliers\/author\/brigetoun\/\">Brigitte C\u00e9l\u00e9rier<\/a><br>_ <a href=\"https:\/\/www.tierslivre.net\/ateliers\/author\/achagnon\/\">Aline Chagnon<\/a> <br>_ <a href=\"https:\/\/www.tierslivre.net\/ateliers\/author\/isabellec\/\">Isabelle Charreau<\/a> <br>_ <a href=\"https:\/\/www.tierslivre.net\/ateliers\/author\/mlyneclop\/\">Martine Lyne Clop<\/a><br>_ <a href=\"https:\/\/www.tierslivre.net\/ateliers\/author\/jluc-chovelon\/\">Jean-Luc Chovelon<\/a><br>_ <a href=\"\/\">Mich\u00e8le Cohen<\/a> <br>_ <a href=\"https:\/\/www.tierslivre.net\/ateliers\/author\/pierodebelleville\/\">Piero Cohen Hadria<\/a><br>_ <a href=\"https:\/\/www.tierslivre.net\/ateliers\/author\/ecordoliani\/\">Emmanuelle Cordoliani<\/a><\/p>\n\n\n\n<p><strong>D<\/strong><br>_ <a href=\"https:\/\/www.tierslivre.net\/ateliers\/author\/adejardin\/\">Anne Dejardin<\/a><br>_ <a href=\"https:\/\/www.tierslivre.net\/ateliers\/author\/jderimay\/\">Juliette Derimay<\/a><br>_ <a href=\"https:\/\/www.tierslivre.net\/ateliers\/author\/carolinediaz\/\">Caroline Diaz<\/a> <br>_ <a href=\"https:\/\/www.tierslivre.net\/ateliers\/author\/l-diez\/\">Lisa Diez<\/a><br>_ Line DP<br>_ <a href=\"https:\/\/www.la-grange.net\/\">Karl Dubost<\/a><br>_ <a href=\"https:\/\/www.tierslivre.net\/ateliers\/author\/bernardd\/\">Bernard Dudoignon<\/a><\/p>\n\n\n\n<p><strong>E<\/strong><br>_ <a href=\"https:\/\/www.tierslivre.net\/ateliers\/author\/cenuset\/\">Claude Enuset<\/a><br>_ <a href=\"https:\/\/www.tierslivre.net\/ateliers\/author\/ceschenbrenner\/\">Christine Eschenbrenner<\/a><br>_ <a href=\"https:\/\/www.tierslivre.net\/ateliers\/author\/mespinasse\/\">Monika Espinasse<\/a><\/p>\n\n\n\n<p><strong>F<\/strong><br>_ <a href=\"https:\/\/www.tierslivre.net\/ateliers\/author\/culturezen\/\">\u00c8ve Fran\u00e7ois<\/a><br>_ <a href=\"https:\/\/www.tierslivre.net\/ateliers\/author\/lfrick\/\">Louise Frick<\/a><\/p>\n\n\n\n<p><strong>G<\/strong><br>_ <a href=\"https:\/\/www.tierslivre.net\/ateliers\/author\/dgodardlivet\/\">Dani\u00e8le Godard-Livet<\/a><br>_ <a href=\"https:\/\/www.tierslivre.net\/ateliers\/author\/reneec\/\">Betty Gomez<\/a><br>_ <a href=\"https:\/\/www.tierslivre.net\/ateliers\/author\/gildag\/\">Gilda Gonfier<\/a><br>_ <a href=\"https:\/\/www.tierslivre.net\/ateliers\/author\/lgormit\/\">Lamia Gormit<\/a><br>_ <a href=\"https:\/\/www.tierslivre.net\/ateliers\/author\/jmgraas\/\">Jean-Marie Graas<\/a><br>_ <a href=\"https:\/\/www.tierslivre.net\/ateliers\/author\/sophie-grail\/\">Sophie Grail<\/a><br>_ <a href=\"https:\/\/www.tierslivre.net\/ateliers\/author\/fguillaumond\/\">Fran\u00e7oise Guillaumond<\/a><\/p>\n\n\n\n<p><strong>H<\/strong><br>_ <a href=\"https:\/\/www.tierslivre.net\/ateliers\/author\/morgannm\/\">James Hardy<\/a><br>_ <a href=\"https:\/\/www.tierslivre.net\/ateliers\/author\/ah\/\">Antoine H\u00e9gaire<\/a><br>_ <a href=\"https:\/\/www.tierslivre.net\/ateliers\/author\/jndrix\/\">Jen Hendrycks<\/a><br>_ <a href=\"https:\/\/www.tierslivre.net\/ateliers\/author\/nholt\/\">Nathalie Holt<\/a><br>_ <a href=\"https:\/\/www.tierslivre.net\/ateliers\/author\/laure-humbel\/\">Laure Humbel<\/a><\/p>\n\n\n\n<p><strong>I<\/strong><br>_ <a href=\"https:\/\/www.tierslivre.net\/ateliers\/author\/rinterlegator\/\">Raymonde Interlegator<\/a><\/p>\n\n\n\n<p>J<\/p>\n\n\n\n<p><strong>K<\/strong><br>_ <a href=\"https:\/\/www.tierslivre.net\/ateliers\/author\/emilika\/\">\u00c9milie Kah<\/a><br>_ <a href=\"https:\/\/www.tierslivre.net\/ateliers\/author\/ckoeckx\/\">Catherine Koeckx<\/a><\/p>\n\n\n\n<p><strong>L<\/strong><br>_ <a href=\"https:\/\/www.tierslivre.net\/ateliers\/author\/marion-lafage\/\">Marion Lafage<\/a> <br>_ <a href=\"https:\/\/www.tierslivre.net\/ateliers\/author\/nlarue\/\">Nicolas Larue<\/a> <br>_ <a href=\"https:\/\/www.tierslivre.net\/ateliers\/author\/pliotard\/\">Philippe Liotard<\/a><\/p>\n\n\n\n<p><strong>M<\/strong><br>_ <a href=\"https:\/\/www.tierslivre.net\/ateliers\/author\/cmarmonnier\/\">C\u00e9cile Marmonnier<\/a> <br>_ <a href=\"https:\/\/www.tierslivre.net\/ateliers\/author\/emiliem\/\">\u00c9milie Marot<\/a><br>_ <a href=\"https:\/\/www.tierslivre.net\/ateliers\/author\/clarencem\/\">Clarence Massiani<\/a><br>_ <a href=\"https:\/\/www.tierslivre.net\/ateliers\/author\/pmenard\/\">Pierre M\u00e9nard (Philippe Diaz)<\/a><br>_ <a href=\"https:\/\/www.tierslivre.net\/ateliers\/author\/amonrouzeau\/\">Alexia Monrouzeau<\/a><br>_ <a href=\"https:\/\/www.tierslivre.net\/ateliers\/author\/isabelledm\/\">Isabelle de Montfort<\/a><br>_ <a href=\"https:\/\/www.tierslivre.net\/ateliers\/author\/mariemoscardini\/\">Marie Moscardini<\/a><br>_ <a href=\"https:\/\/www.tierslivre.net\/ateliers\/author\/vmuller\/\">V\u00e9ronique M\u00fcller<\/a><\/p>\n\n\n\n<p><strong>N<\/strong><br>_ <a href=\"https:\/\/www.tierslivre.net\/ateliers\/author\/annicknay\/\">Annick Nay<\/a><\/p>\n\n\n\n<p>O<\/p>\n\n\n\n<p><strong>P<\/strong><br>_ <a href=\"https:\/\/www.tierslivre.net\/ateliers\/author\/upandolfi\/\">Ugo Pandolfi<\/a><br>_ <a href=\"https:\/\/www.tierslivre.net\/ateliers\/author\/lpeyronnet\/\">Laurent Peyronnet<\/a><br>_ <a href=\"https:\/\/www.tierslivre.net\/ateliers\/author\/cathplee\/\">Catherine Pl\u00e9e<\/a><\/p>\n\n\n\n<p>Q<\/p>\n\n\n\n<p><strong>R<\/strong><br>_ <a href=\"https:\/\/www.tierslivre.net\/ateliers\/author\/frenaud\/\">Fran\u00e7oise Renaud<\/a><br>_ <a href=\"https:\/\/www.tierslivre.net\/ateliers\/author\/crobert\/\">Catherine Robert<\/a><br>_ <a href=\"https:\/\/www.tierslivre.net\/ateliers\/author\/nrodot\/\">Nicolas Rodot<\/a><\/p>\n\n\n\n<p><strong>S<\/strong><br>_ <a href=\"https:\/\/www.tierslivre.net\/ateliers\/author\/psahuc\/\">Philippe Sahuc Sa\u00fcc<\/a><br>_ <a href=\"https:\/\/www.tierslivre.net\/ateliers\/author\/fsavarit\/\">Fabienne Savarit<\/a><br>_ <a href=\"https:\/\/www.tierslivre.net\/ateliers\/author\/oscelo\/\">Olivia Sc\u00e9lo<\/a> <br>_ <a href=\"https:\/\/www.tierslivre.net\/ateliers\/author\/cserre\/\">Catherine Serre<\/a><br>_ <a href=\"https:\/\/www.tierslivre.net\/ateliers\/author\/laurent-stratos\/\">Laurent Stratos<\/a><\/p>\n\n\n\n<p><strong>T<\/strong><br>_ <a href=\"https:\/\/www.tierslivre.net\/ateliers\/author\/pthomas\/\">Louise T.<\/a><br>_ <a href=\"https:\/\/www.tierslivre.net\/ateliers\/author\/ctemstet\/\">Carole Temstet<\/a><br>_ <a href=\"https:\/\/www.tierslivre.net\/ateliers\/author\/ctestard\/\">Christophe Testard<\/a><br>_ <a href=\"https:\/\/www.tierslivre.net\/ateliers\/author\/jacdeturenne\/\">Jacques de Turenne<\/a><\/p>\n\n\n\n<p><strong>U<\/strong><br>_ <a href=\"https:\/\/www.tierslivre.net\/ateliers\/author\/yaeluh\/\">Yael Uzan-Holveck<\/a><\/p>\n\n\n\n<p><strong>V<\/strong><br>_ <a href=\"https:\/\/www.tierslivre.net\/ateliers\/author\/pvallens\/\">Perle Vallens<\/a><br>_ <a href=\"https:\/\/www.tierslivre.net\/ateliers\/author\/svissac\/\">Solange Vissac<\/a><\/p>\n\n\n\n<p>W<\/p>\n\n\n\n<p>X<\/p>\n\n\n\n<p>Y<\/p>\n\n\n\n<p>Z<br><\/p>\n","protected":false},"excerpt":{"rendered":"<p>_ Index cr\u00e9\u00e9 \u00e0 partir des contributions individuelles publi\u00e9es._ Voir aussi l&rsquo;ensemble des r\u00e9caps hebdo avec PDF collectifs, avec de nombreuses contributions suppl\u00e9mentaires._ Correctifs, retards ou oubli : merci pr\u00e9venir directement ! A_ Huguette Albernhe_ Laurette Andersen_ Anh Mat _ Rebecca Armstrong B_ St\u00e9phanie B._ No\u00eblle Baillon _ George Baron_ Helena Barroso _ Gracia Bejjani_ Khedidja Berassil_ Patrick Blanchon _ <a class=\"more-link\" href=\"https:\/\/www.tierslivre.net\/ateliers\/atelier-index-sommaires\/boost\/boost-lindex-auteurs\/\">Continuer la lecture<span class=\"screen-reader-text\">#boost | l\u2019index auteurs<\/span><span class=\"meta-nav\">&rarr;<\/span><\/a><\/p>\n","protected":false},"author":1,"featured_media":0,"parent":180650,"menu_order":0,"comment_status":"closed","ping_status":"closed","template":"","meta":{"h5ap_radio_sources":[],"footnotes":""},"class_list":["post-179329","page","type-page","status-publish","hentry"],"_links":{"self":[{"href":"https:\/\/www.tierslivre.net\/ateliers\/wp-json\/wp\/v2\/pages\/179329","targetHints":{"allow":["GET"]}}],"collection":[{"href":"https:\/\/www.tierslivre.net\/ateliers\/wp-json\/wp\/v2\/pages"}],"about":[{"href":"https:\/\/www.tierslivre.net\/ateliers\/wp-json\/wp\/v2\/types\/page"}],"author":[{"embeddable":true,"href":"https:\/\/www.tierslivre.net\/ateliers\/wp-json\/wp\/v2\/users\/1"}],"replies":[{"embeddable":true,"href":"https:\/\/www.tierslivre.net\/ateliers\/wp-json\/wp\/v2\/comments?post=179329"}],"version-history":[{"count":3,"href":"https:\/\/www.tierslivre.net\/ateliers\/wp-json\/wp\/v2\/pages\/179329\/revisions"}],"predecessor-version":[{"id":201921,"href":"https:\/\/www.tierslivre.net\/ateliers\/wp-json\/wp\/v2\/pages\/179329\/revisions\/201921"}],"up":[{"embeddable":true,"href":"https:\/\/www.tierslivre.net\/ateliers\/wp-json\/wp\/v2\/pages\/180650"}],"wp:attachment":[{"href":"https:\/\/www.tierslivre.net\/ateliers\/wp-json\/wp\/v2\/media?parent=179329"}],"curies":[{"name":"wp","href":"https:\/\/api.w.org\/{rel}","templated":true}]}}