{"id":2,"date":"2019-05-30T07:02:34","date_gmt":"2019-05-30T05:02:34","guid":{"rendered":"http:\/\/www.tierslivre.net\/ateliers\/?page_id=2"},"modified":"2022-12-26T08:36:41","modified_gmt":"2022-12-26T07:36:41","slug":"les-propositions","status":"publish","type":"page","link":"https:\/\/www.tierslivre.net\/ateliers\/atelier-index-sommaires\/les-propositions\/","title":{"rendered":"#cycles |\u00a0\u00abpousser la langue\u00bb"},"content":{"rendered":"\n\n\n<p>De fin juin \u00e0 fin octobre 2019, cette page accueillera par ordre chronologique les 15 vid\u00e9os successives de l&rsquo;atelier en ligne, \u00e0 raison d&rsquo;une par semaine, et par ordre chronologique. <\/p>\n\n\n\n<p>Voir sur Tiers Livre la page <a href=\"http:\/\/www.tierslivre.net\/spip\/spip.php?article4843\">atelier d&rsquo;\u00e9t\u00e9 2019, pousser la langue<\/a>, pour les liens, l&rsquo;nscription ou suppl\u00e9ment pour l&rsquo;accompagnement personnalis\u00e9.  Pour m\u00e9moire, la vid\u00e9o de pr\u00e9sentation&#8230; <\/p>\n\n\n\n<figure class=\"wp-block-embed is-type-video is-provider-youtube wp-block-embed-youtube wp-embed-aspect-16-9 wp-has-aspect-ratio\"><div class=\"wp-block-embed__wrapper\">\n<iframe loading=\"lazy\" title=\"POUSSER LA LANGUE, L\u2019ATELIER E\u0301TE\u0301 2019\" width=\"800\" height=\"450\" src=\"https:\/\/www.youtube.com\/embed\/Caz4J3k6Djk?start=784\" frameborder=\"0\" allow=\"accelerometer; autoplay; clipboard-write; encrypted-media; gyroscope; picture-in-picture; web-share\" referrerpolicy=\"strict-origin-when-cross-origin\" allowfullscreen><\/iframe>\n<\/div><\/figure>\n\n\n\n<p>Et le sommaire des propositions d\u00e9j\u00e0 en ligne : <\/p>\n\n\n\n<p>\u2022 #01, <a href=\"http:\/\/www.tierslivre.net\/ateliers\/la-proposition-01-une-phrase-des-sols\/\">une phrase, des sols (Claude SImon)<\/a><\/p>\n\n\n\n<p>\u2022 #02, <a href=\"http:\/\/www.tierslivre.net\/ateliers\/proposition-02-un-parpaing-de-phrase\/\">un parpaing de phrase (Tarkos, Beckett)<\/a><\/p>\n\n\n\n<p>\u2022 interstice #1, <a href=\"http:\/\/www.tierslivre.net\/ateliers\/aquariums-zooms-3d-interstice-01\/\">aquariums &amp; zooms 3D<\/a><\/p>\n\n\n\n<p>\u2022 #03, <a href=\"http:\/\/www.tierslivre.net\/ateliers\/proposition-03-cinq-fois-sur-le-metier\/\">cinq fois sur le m\u00e9tier (Francis Ponge)<\/a><\/p>\n\n\n\n<p>\u2022 #04, <a href=\"http:\/\/www.tierslivre.net\/ateliers\/proposition-04-affinite-pour-la-description\/\">une affinit\u00e9 pour la description<\/a><\/p>\n\n\n\n<p>\u2022 #05, <a href=\"http:\/\/www.tierslivre.net\/ateliers\/proposition-05-poterne-jacques-roubaud\/\">poterne Jacques Roubaud<\/a><\/p>\n\n\n\n<p>\u2022 #06, <a href=\"http:\/\/www.tierslivre.net\/ateliers\/category\/ete-2019-06-il-elle-fenetre\/\">il elle fen\u00eatre<\/a><\/p>\n\n\n\n<p>\u2022 #07, <a href=\"http:\/\/www.tierslivre.net\/ateliers\/proposition-7-introspection-sous-verbe\/\">introspection sous verbe<\/a><\/p>\n\n\n\n<p><\/p>\n\n\n\n<p>\u2022 interstice #2, <a href=\"http:\/\/www.tierslivre.net\/ateliers\/interstice-2-a-la-recherche-des-maisons-perdues\/\">fragments retrouv\u00e9s de maison perdue<\/a><\/p>\n\n\n\n<p>\u2022 #08, <a href=\"http:\/\/www.tierslivre.net\/ateliers\/category\/ete-2019-08-nos-27-septembre\/\">si <\/a><a href=\"http:\/\/www.tierslivre.net\/ateliers\/proposition-08-nos-27-septembre-si-gorki-la-dit\/\">Gorki l&rsquo;a dit (nos 27 septembre) <\/a><\/p>\n\n\n\n<p> \u2022 #09,<a href=\"http:\/\/www.tierslivre.net\/ateliers\/proposition-09-les-hypotheses-anne-james\/\"> les hypoth\u00e8ses Anne-James<\/a><\/p>\n\n\n\n<p><\/p>\n\n\n\n<p>\u2022 #10, <strong><a href=\"https:\/\/www.tierslivre.net\/ateliers\/proposition-10-il-elle-corps-jacques-dupin\/\">je il corps (Jacques Dupin)<\/a><\/strong><\/p>\n\n\n\n<p>\u2022 #11, <a href=\"https:\/\/www.tierslivre.net\/ateliers\/proposition-11-devenir-son-propre-dictionnaire\/\">devenir son propre dictionnaire<\/a><\/p>\n\n\n\n<p>\u2022 #12, <a href=\"https:\/\/www.tierslivre.net\/ateliers\/proposition-12-loeil-interieur\/\">l&rsquo;oeil int\u00e9rieur (Danielle Collobert)<\/a><\/p>\n\n\n\n<p><\/p>\n","protected":false},"excerpt":{"rendered":"<p>De fin juin \u00e0 fin octobre 2019, cette page accueillera par ordre chronologique les 15 vid\u00e9os successives de l&rsquo;atelier en ligne, \u00e0 raison d&rsquo;une par semaine, et par ordre chronologique. Voir sur Tiers Livre la page atelier d&rsquo;\u00e9t\u00e9 2019, pousser la langue, pour les liens, l&rsquo;nscription ou suppl\u00e9ment pour l&rsquo;accompagnement personnalis\u00e9. Pour m\u00e9moire, la vid\u00e9o de pr\u00e9sentation&#8230; Et le sommaire <a class=\"more-link\" href=\"https:\/\/www.tierslivre.net\/ateliers\/atelier-index-sommaires\/les-propositions\/\">Continuer la lecture<span class=\"screen-reader-text\">#cycles |\u00a0\u00abpousser la langue\u00bb<\/span><span class=\"meta-nav\">&rarr;<\/span><\/a><\/p>\n","protected":false},"author":1,"featured_media":0,"parent":65365,"menu_order":6,"comment_status":"closed","ping_status":"open","template":"","meta":{"h5ap_radio_sources":[],"footnotes":""},"class_list":["post-2","page","type-page","status-publish","hentry"],"_links":{"self":[{"href":"https:\/\/www.tierslivre.net\/ateliers\/wp-json\/wp\/v2\/pages\/2","targetHints":{"allow":["GET"]}}],"collection":[{"href":"https:\/\/www.tierslivre.net\/ateliers\/wp-json\/wp\/v2\/pages"}],"about":[{"href":"https:\/\/www.tierslivre.net\/ateliers\/wp-json\/wp\/v2\/types\/page"}],"author":[{"embeddable":true,"href":"https:\/\/www.tierslivre.net\/ateliers\/wp-json\/wp\/v2\/users\/1"}],"replies":[{"embeddable":true,"href":"https:\/\/www.tierslivre.net\/ateliers\/wp-json\/wp\/v2\/comments?post=2"}],"version-history":[{"count":3,"href":"https:\/\/www.tierslivre.net\/ateliers\/wp-json\/wp\/v2\/pages\/2\/revisions"}],"predecessor-version":[{"id":111176,"href":"https:\/\/www.tierslivre.net\/ateliers\/wp-json\/wp\/v2\/pages\/2\/revisions\/111176"}],"up":[{"embeddable":true,"href":"https:\/\/www.tierslivre.net\/ateliers\/wp-json\/wp\/v2\/pages\/65365"}],"wp:attachment":[{"href":"https:\/\/www.tierslivre.net\/ateliers\/wp-json\/wp\/v2\/media?parent=2"}],"curies":[{"name":"wp","href":"https:\/\/api.w.org\/{rel}","templated":true}]}}