{"id":20290,"date":"2019-11-29T10:34:14","date_gmt":"2019-11-29T09:34:14","guid":{"rendered":"https:\/\/www.tierslivre.net\/ateliers\/?page_id=20290"},"modified":"2022-11-09T15:21:54","modified_gmt":"2022-11-09T14:21:54","slug":"chambery","status":"publish","type":"page","link":"https:\/\/www.tierslivre.net\/ateliers\/atelier-index-sommaires\/cycle-autobiographie\/les-ateliers-tiers-livre\/chambery\/chambery\/","title":{"rendered":"Chamb\u00e9ry 2019-2020"},"content":{"rendered":"\n<p>Bonjour \u00e0 tou.te.s. Tr\u00e8s heureux de reprendre cette ann\u00e9e nouvelle exp\u00e9rience avec Ana\u00efs Guilet et Dominique Pety.<\/p>\n\n\n\n<p>On garde concept centr\u00e9 sur ville et paysage urbain, en s&rsquo;attachant peut-\u00eatre plus aux modes de perception et narration li\u00e9s \u00e0 l&rsquo;image. <\/p>\n\n\n\n<p>C&rsquo;est donc jeudi 5 et vendredi 6, 9h-17h, si pas trop de perturbation ext\u00e9rieure, \u00e0 suivre.<\/p>\n\n\n\n<p>Merci \u00e0 celles &amp; ceux qui se sont familiaris\u00e9s avec l&rsquo;outil via l&rsquo;atelier propos\u00e9 par Ana\u00efs \u00e0 partir du livre <em>Autoportrait<\/em> d&rsquo;\u00c9douard Lev\u00e9 : toutes les contributions sous le tag <a href=\"https:\/\/www.tierslivre.net\/ateliers\/category\/ensapc-googlestreetview\/workshop-chambery-2019\/0-edouard-leve\/\">\u00c9douard Lev\u00e9<\/a>. Pensez aussi au tag g\u00e9n\u00e9ral <a href=\"https:\/\/www.tierslivre.net\/ateliers\/category\/ensapc-googlestreetview\/workshop-chambery-2019\/\">workshop Chamb\u00e9ry 2019<\/a>. <\/p>\n\n\n\n<p>Cette page nous servira de sommaire g\u00e9n\u00e9ral, \u00e0 tr\u00e8s vite !<\/p>\n\n\n\n<p>fb<\/p>\n\n\n\n<h2 class=\"wp-block-heading\">Sommaire:<\/h2>\n\n\n\n<p><strong><a href=\"https:\/\/www.tierslivre.net\/ateliers\/category\/ensapc-googlestreetview\/workshop-chambery-2019\/\">Int\u00e9gralit\u00e9 du workshop<\/a> de d\u00e9cembre 2019<\/strong><\/p>\n\n\n\n<p><a href=\"https:\/\/www.tierslivre.net\/ateliers\/category\/ensapc-googlestreetview\/workshop-chambery-2019\/0-edouard-leve\/\">#0 Edouard Lev\u00e9<\/a><\/p>\n\n\n\n<p><a href=\"https:\/\/www.tierslivre.net\/ateliers\/category\/ensapc-googlestreetview\/workshop-chambery-2019\/1limage-fantome\/\">#1 L&rsquo;image fant\u00f4me<\/a><\/p>\n\n\n\n<p><a href=\"https:\/\/www.tierslivre.net\/ateliers\/category\/ensapc-googlestreetview\/workshop-chambery-2019\/texteimageseconde\/\">#2 Texte\/image\/seconde<\/a><\/p>\n\n\n\n<p><a href=\"https:\/\/www.tierslivre.net\/ateliers\/category\/ensapc-googlestreetview\/workshop-chambery-2019\/3-expansion\/\">#3 Expansion<\/a><\/p>\n\n\n\n<p><a href=\"https:\/\/www.tierslivre.net\/ateliers\/category\/ensapc-googlestreetview\/workshop-chambery-2019\/4laphraseinfinie\/\">#4 La phrase infinie<\/a><\/p>\n\n\n\n<p><a href=\"https:\/\/www.tierslivre.net\/ateliers\/category\/ensapc-googlestreetview\/workshop-chambery-2019\/5-derives\/\">#5 D\u00e9rives<\/a><\/p>\n\n\n\n<p><a href=\"https:\/\/www.tierslivre.net\/ateliers\/category\/ensapc-googlestreetview\/workshop-chambery-2019\/6timbrespostedepaysageurbain\/\">#6 Timbres Poste de paysage urbain<\/a><\/p>\n\n\n\n<p><a href=\"https:\/\/www.tierslivre.net\/ateliers\/category\/ensapc-googlestreetview\/workshop-chambery-2019\/dictionnaire-des-photographies\/\">Photos de mots: un dictionnaire<\/a><\/p>\n\n\n\n<p><a href=\"https:\/\/www.tierslivre.net\/ateliers\/category\/ensapc-googlestreetview\/chambery-2020\/\"><strong>Int\u00e9gralit\u00e9 de l&rsquo;atelier F\u00e9vrier 2020<\/strong><\/a><\/p>\n\n\n\n<p><a href=\"https:\/\/www.tierslivre.net\/ateliers\/category\/ensapc-googlestreetview\/chambery-2020\/artaud\/\">#1 Artaud<\/a><\/p>\n\n\n\n<p><a href=\"https:\/\/www.tierslivre.net\/ateliers\/category\/ensapc-googlestreetview\/chambery-2020\/2-sarraute\/\">#2 Sarraute<\/a><\/p>\n\n\n\n<p><a href=\"https:\/\/www.tierslivre.net\/ateliers\/category\/ensapc-googlestreetview\/chambery-2020\/3-modiano\/\">#3 Modiano<\/a><\/p>\n\n\n\n<p><\/p>\n\n\n\n<p><\/p>\n\n\n\n<p><\/p>\n","protected":false},"excerpt":{"rendered":"<p>Bonjour \u00e0 tou.te.s. Tr\u00e8s heureux de reprendre cette ann\u00e9e nouvelle exp\u00e9rience avec Ana\u00efs Guilet et Dominique Pety. On garde concept centr\u00e9 sur ville et paysage urbain, en s&rsquo;attachant peut-\u00eatre plus aux modes de perception et narration li\u00e9s \u00e0 l&rsquo;image. C&rsquo;est donc jeudi 5 et vendredi 6, 9h-17h, si pas trop de perturbation ext\u00e9rieure, \u00e0 suivre. Merci \u00e0 celles &amp; ceux <a class=\"more-link\" href=\"https:\/\/www.tierslivre.net\/ateliers\/atelier-index-sommaires\/cycle-autobiographie\/les-ateliers-tiers-livre\/chambery\/chambery\/\">Continuer la lecture<span class=\"screen-reader-text\">Chamb\u00e9ry 2019-2020<\/span><span class=\"meta-nav\">&rarr;<\/span><\/a><\/p>\n","protected":false},"author":1,"featured_media":0,"parent":97593,"menu_order":3,"comment_status":"closed","ping_status":"closed","template":"","meta":{"h5ap_radio_sources":[],"footnotes":""},"class_list":["post-20290","page","type-page","status-publish","hentry"],"_links":{"self":[{"href":"https:\/\/www.tierslivre.net\/ateliers\/wp-json\/wp\/v2\/pages\/20290","targetHints":{"allow":["GET"]}}],"collection":[{"href":"https:\/\/www.tierslivre.net\/ateliers\/wp-json\/wp\/v2\/pages"}],"about":[{"href":"https:\/\/www.tierslivre.net\/ateliers\/wp-json\/wp\/v2\/types\/page"}],"author":[{"embeddable":true,"href":"https:\/\/www.tierslivre.net\/ateliers\/wp-json\/wp\/v2\/users\/1"}],"replies":[{"embeddable":true,"href":"https:\/\/www.tierslivre.net\/ateliers\/wp-json\/wp\/v2\/comments?post=20290"}],"version-history":[{"count":3,"href":"https:\/\/www.tierslivre.net\/ateliers\/wp-json\/wp\/v2\/pages\/20290\/revisions"}],"predecessor-version":[{"id":97595,"href":"https:\/\/www.tierslivre.net\/ateliers\/wp-json\/wp\/v2\/pages\/20290\/revisions\/97595"}],"up":[{"embeddable":true,"href":"https:\/\/www.tierslivre.net\/ateliers\/wp-json\/wp\/v2\/pages\/97593"}],"wp:attachment":[{"href":"https:\/\/www.tierslivre.net\/ateliers\/wp-json\/wp\/v2\/media?parent=20290"}],"curies":[{"name":"wp","href":"https:\/\/api.w.org\/{rel}","templated":true}]}}