{"id":208333,"date":"2026-04-26T07:39:29","date_gmt":"2026-04-26T05:39:29","guid":{"rendered":"https:\/\/www.tierslivre.net\/ateliers\/?page_id=208333"},"modified":"2026-04-26T07:42:36","modified_gmt":"2026-04-26T05:42:36","slug":"le-livre-comme-fiction-2-les-participant%c2%b7e%c2%b7s-au-cycle","status":"publish","type":"page","link":"https:\/\/www.tierslivre.net\/ateliers\/en-cours-le-livre-comme-fiction\/le-livre-comme-fiction-2-les-participant%c2%b7e%c2%b7s-au-cycle\/","title":{"rendered":"\u00able livre comme fiction\u00bb | 2, les participant\u00b7e\u00b7s au cycle"},"content":{"rendered":"\n<blockquote class=\"wp-block-quote is-layout-flow wp-block-quote-is-layout-flow\">\n<p>Comme pour les pr\u00e9c\u00e9dents cycles, un index des contributrices et contributeurs. <br>L&rsquo;index est compl\u00e9t\u00e9 \u00e0 mesure de la publication de vos contributions sur le WordPress.<br>Si retard, oubli ou erreur, me pr\u00e9venir sans attendre !<\/p>\n<\/blockquote>\n\n\n\n<p>A<\/p>\n\n\n\n<p>B<\/p>\n\n\n\n<p>C<\/p>\n\n\n\n<p>D<\/p>\n\n\n\n<p>E<\/p>\n\n\n\n<p>F<\/p>\n\n\n\n<p>G<\/p>\n\n\n\n<p>H<\/p>\n\n\n\n<p>I<\/p>\n\n\n\n<p>J<\/p>\n\n\n\n<p>K<\/p>\n\n\n\n<p>L<\/p>\n\n\n\n<p>M<\/p>\n\n\n\n<p>N<\/p>\n\n\n\n<p>O<\/p>\n\n\n\n<p>P<\/p>\n\n\n\n<p>Q<\/p>\n\n\n\n<p>R<\/p>\n\n\n\n<p>S<\/p>\n\n\n\n<p>T<\/p>\n\n\n\n<p>U <\/p>\n\n\n\n<p>V<\/p>\n\n\n\n<p>W<\/p>\n\n\n\n<p>X<\/p>\n\n\n\n<p>Y<\/p>\n\n\n\n<p>Z<\/p>\n","protected":false},"excerpt":{"rendered":"<p>Comme pour les pr\u00e9c\u00e9dents cycles, un index des contributrices et contributeurs. L&rsquo;index est compl\u00e9t\u00e9 \u00e0 mesure de la publication de vos contributions sur le WordPress.Si retard, oubli ou erreur, me pr\u00e9venir sans attendre ! A B C D E F G H I J K L M N O P Q R S T U V W X Y Z<\/p>\n","protected":false},"author":1,"featured_media":0,"parent":208328,"menu_order":0,"comment_status":"closed","ping_status":"closed","template":"","meta":{"h5ap_radio_sources":[],"footnotes":""},"class_list":["post-208333","page","type-page","status-publish","hentry"],"_links":{"self":[{"href":"https:\/\/www.tierslivre.net\/ateliers\/wp-json\/wp\/v2\/pages\/208333","targetHints":{"allow":["GET"]}}],"collection":[{"href":"https:\/\/www.tierslivre.net\/ateliers\/wp-json\/wp\/v2\/pages"}],"about":[{"href":"https:\/\/www.tierslivre.net\/ateliers\/wp-json\/wp\/v2\/types\/page"}],"author":[{"embeddable":true,"href":"https:\/\/www.tierslivre.net\/ateliers\/wp-json\/wp\/v2\/users\/1"}],"replies":[{"embeddable":true,"href":"https:\/\/www.tierslivre.net\/ateliers\/wp-json\/wp\/v2\/comments?post=208333"}],"version-history":[{"count":2,"href":"https:\/\/www.tierslivre.net\/ateliers\/wp-json\/wp\/v2\/pages\/208333\/revisions"}],"predecessor-version":[{"id":208337,"href":"https:\/\/www.tierslivre.net\/ateliers\/wp-json\/wp\/v2\/pages\/208333\/revisions\/208337"}],"up":[{"embeddable":true,"href":"https:\/\/www.tierslivre.net\/ateliers\/wp-json\/wp\/v2\/pages\/208328"}],"wp:attachment":[{"href":"https:\/\/www.tierslivre.net\/ateliers\/wp-json\/wp\/v2\/media?parent=208333"}],"curies":[{"name":"wp","href":"https:\/\/api.w.org\/{rel}","templated":true}]}}