{"id":21417,"date":"2019-12-20T20:27:25","date_gmt":"2019-12-20T19:27:25","guid":{"rendered":"https:\/\/www.tierslivre.net\/ateliers\/?page_id=21417"},"modified":"2020-04-02T11:12:15","modified_gmt":"2020-04-02T09:12:15","slug":"les-auteur-e-s","status":"publish","type":"page","link":"https:\/\/www.tierslivre.net\/ateliers\/atelier-index-sommaires\/et-aussi-sur-tiers-livre\/les-auteur-e-s\/","title":{"rendered":"les auteur.e.s"},"content":{"rendered":"\n<h2 class=\"wp-block-heading\">A<\/h2>\n\n\n\n<p>\u2022 <a href=\"https:\/\/www.tierslivre.net\/ateliers\/author\/halbernhe\/\">Huguette Albernhe<\/a><\/p>\n\n\n\n<p>\u2022 <a href=\"https:\/\/www.tierslivre.net\/ateliers\/author\/landersen\/\">Lorette Andersen<\/a><\/p>\n\n\n\n<h2 class=\"wp-block-heading\">B<\/h2>\n\n\n\n<p>\u2022 <a href=\"https:\/\/www.tierslivre.net\/ateliers\/author\/sbailly\/\">S\u00e9bastien Bailly<\/a><\/p>\n\n\n\n<p>\u2022 <a href=\"https:\/\/www.tierslivre.net\/ateliers\/author\/graciabp\/\">Gracia Bejjani<\/a><\/p>\n\n\n\n<p>\u2022 <a href=\"https:\/\/www.tierslivre.net\/ateliers\/author\/celineb\/\">C\u00e9line Bernard<\/a><\/p>\n\n\n\n<p>\u2022 <a href=\"https:\/\/www.tierslivre.net\/ateliers\/author\/nbleusher\/\">Nicolas Bleusher<\/a><\/p>\n\n\n\n<p>\u2022 <a href=\"https:\/\/www.tierslivre.net\/ateliers\/author\/hboivin\/\">H\u00e9l\u00e8ne Boivin<\/a><\/p>\n\n\n\n<p>\u2022 <a href=\"https:\/\/www.tierslivre.net\/ateliers\/author\/sylviab\/\">Sylvia Boumendil<\/a><\/p>\n\n\n\n<p>\u2022 <a href=\"https:\/\/www.tierslivre.net\/ateliers\/author\/mguenon\/\">Muriel Boussarie<\/a><\/p>\n\n\n\n<p>\u2022 <a href=\"https:\/\/www.tierslivre.net\/ateliers\/author\/abrabant\/\">Annick Brabant<\/a><\/p>\n\n\n\n<p>\u2022  <a href=\"https:\/\/www.tierslivre.net\/ateliers\/author\/rbrindamour\/\">Rudy Brindamour<\/a><\/p>\n\n\n\n<p>\u2022  <a href=\"https:\/\/www.tierslivre.net\/ateliers\/author\/cburgy\/\">Caroline Burgy<\/a><\/p>\n\n\n\n<h2 class=\"wp-block-heading\">C<\/h2>\n\n\n\n<p>\u2022 <a href=\"https:\/\/www.tierslivre.net\/ateliers\/author\/jeromechazot\/\">J\u00e9r\u00f4me C.<\/a><\/p>\n\n\n\n<p>\u2022 <a href=\"https:\/\/www.tierslivre.net\/ateliers\/author\/mcarre\/\">Marie C.<\/a><\/p>\n\n\n\n<p>\u2022 <a href=\"https:\/\/www.tierslivre.net\/ateliers\/author\/scagninacci\/\">Sylvia Cagninacci<\/a><\/p>\n\n\n\n<p>\u2022 <a href=\"https:\/\/www.tierslivre.net\/ateliers\/author\/brigetoun\/\">Brigitte C\u00e9l\u00e9rier<\/a><\/p>\n\n\n\n<p>\u2022 <a href=\"https:\/\/www.tierslivre.net\/ateliers\/author\/cchastan\/\">Christian Chastan<\/a><\/p>\n\n\n\n<p>\u2022 <a href=\"https:\/\/www.tierslivre.net\/ateliers\/author\/ecordoliani\/\">Emmanuelle Cordoliani<\/a><\/p>\n\n\n\n<p>\u2022 <a href=\"https:\/\/www.tierslivre.net\/ateliers\/author\/jcortese\/\">Juliette Cortese<\/a><\/p>\n\n\n\n<p>\u2022 <a href=\"https:\/\/www.tierslivre.net\/ateliers\/author\/ccourbassier\/\">Chrystel Courbassier<\/a><\/p>\n\n\n\n<h2 class=\"wp-block-heading\">D<\/h2>\n\n\n\n<p>\u2022 <a href=\"https:\/\/www.tierslivre.net\/ateliers\/author\/idartiguelongue\/\">Isabelle Dartiguelongue<\/a><\/p>\n\n\n\n<p>\u2022 <a href=\"https:\/\/www.tierslivre.net\/ateliers\/author\/adejardin\/\">Anne Dejardin<\/a><\/p>\n\n\n\n<p>\u2022 <a href=\"https:\/\/www.tierslivre.net\/ateliers\/author\/menilorac\/\">Marie-C. Delannoy<\/a><\/p>\n\n\n\n<p>\u2022 <a href=\"https:\/\/www.tierslivre.net\/ateliers\/author\/cdeligny\/\">Christiane Deligny<\/a><\/p>\n\n\n\n<p>\u2022 <a href=\"https:\/\/www.tierslivre.net\/ateliers\/author\/jderimay\/\">Juliette Derimay<\/a><\/p>\n\n\n\n<p>\u2022 <a href=\"https:\/\/www.tierslivre.net\/ateliers\/author\/cdesbois\/\">C\u00e9cile Desbois<\/a><\/p>\n\n\n\n<p>\u2022 <a href=\"https:\/\/www.tierslivre.net\/ateliers\/author\/aliced\/\">Alice Diaz<\/a><\/p>\n\n\n\n<p>\u2022 <a href=\"https:\/\/www.tierslivre.net\/ateliers\/author\/carolinediaz\/\">Caroline Diaz<\/a><\/p>\n\n\n\n<p>\u2022 <a href=\"https:\/\/www.tierslivre.net\/ateliers\/author\/fduport\/\">Fran\u00e7ois Duport<\/a><\/p>\n\n\n\n<p>\u2022 <a href=\"https:\/\/www.tierslivre.net\/ateliers\/author\/fdurif\/\">Fran\u00e7oise Durif<\/a><\/p>\n\n\n\n<h2 class=\"wp-block-heading\">E<\/h2>\n\n\n\n<p>\u2022 <a href=\"https:\/\/www.tierslivre.net\/ateliers\/author\/ceschenbrenner\/\">Christine Eschenbrenner<\/a><\/p>\n\n\n\n<p>\u2022 <a href=\"https:\/\/www.tierslivre.net\/ateliers\/author\/mespinasse\/\">Monika Espinasse<\/a><\/p>\n\n\n\n<h2 class=\"wp-block-heading\">F<\/h2>\n\n\n\n<p>\u2022 <a href=\"https:\/\/www.tierslivre.net\/ateliers\/author\/mferrand\/\">Marc Ferrand<\/a><\/p>\n\n\n\n<p>\u2022 <a href=\"https:\/\/www.tierslivre.net\/ateliers\/author\/gflaven\/\">Genevi\u00e8ve Flaven<\/a><\/p>\n\n\n\n<p>\u2022 <a href=\"https:\/\/www.tierslivre.net\/ateliers\/author\/vfrancey\/\">Vincent Francey<\/a><\/p>\n\n\n\n<p>\u2022  <a href=\"https:\/\/www.tierslivre.net\/ateliers\/author\/fdumoulin\/\">Franck<\/a><\/p>\n\n\n\n<h2 class=\"wp-block-heading\">G<\/h2>\n\n\n\n<p>\u2022 <a href=\"https:\/\/www.tierslivre.net\/ateliers\/author\/xgalaup\/\">Xavier Galaup<\/a><\/p>\n\n\n\n<p>\u2022 <a href=\"https:\/\/www.tierslivre.net\/ateliers\/author\/agentil\/\">Antoine Gentil<\/a><\/p>\n\n\n\n<p>\u2022 <a href=\"https:\/\/www.tierslivre.net\/ateliers\/author\/xgeorgin\/\">Xavier Georgin<\/a><\/p>\n\n\n\n<p>\u2022 <a href=\"https:\/\/www.tierslivre.net\/ateliers\/author\/francoiseg\/\">Fran\u00e7oise G\u00e9rard<\/a><\/p>\n\n\n\n<p>\u2022 <a href=\"https:\/\/www.tierslivre.net\/ateliers\/author\/dgodardlivet\/\">Dani\u00e8le Godard-Livet<\/a><\/p>\n\n\n\n<h2 class=\"wp-block-heading\">H<\/h2>\n\n\n\n<p>\u2022 <a href=\"https:\/\/www.tierslivre.net\/ateliers\/author\/thingrai\/\">Thibaut Hingrai<\/a><\/p>\n\n\n\n<p>\u2022 <a href=\"https:\/\/www.tierslivre.net\/ateliers\/author\/nholt\/\">Nathalie Holt<\/a><\/p>\n\n\n\n<h2 class=\"wp-block-heading\">I<\/h2>\n\n\n\n<p>\u2022 <a href=\"https:\/\/www.tierslivre.net\/ateliers\/author\/nbusquant\/\">Idalea<\/a><\/p>\n\n\n\n<p><\/p>\n\n\n\n<h2 class=\"wp-block-heading\">J<\/h2>\n\n\n\n<p>\u2022 <a href=\"https:\/\/www.tierslivre.net\/ateliers\/author\/sjaussi\/\">Sophie Jaussi<\/a><\/p>\n\n\n\n<h2 class=\"wp-block-heading\">L<\/h2>\n\n\n\n<p>\u2022 <a href=\"https:\/\/www.tierslivre.net\/ateliers\/author\/flaisne\/\">Franck Laisn\u00e9<\/a><\/p>\n\n\n\n<p>\u2022 <a href=\"https:\/\/www.tierslivre.net\/ateliers\/author\/lbaudot\/\">Laur\u00e9lia<\/a><\/p>\n\n\n\n<p>\u2022 <a href=\"https:\/\/www.tierslivre.net\/ateliers\/author\/lorenvi\/\">Laurent<\/a><\/p>\n\n\n\n<p>\u2022 <a href=\"http:\/\/www.tierslivre.net\/ateliers\/author\/clegoff\/\">Claire Legoff<\/a><\/p>\n\n\n\n<p>\u2022 <a href=\"https:\/\/www.tierslivre.net\/ateliers\/author\/pliotard\/\">Philippe Liotard<\/a><\/p>\n\n\n\n<p>\u2022 <a href=\"https:\/\/www.tierslivre.net\/ateliers\/author\/dlivet\/\">Dani\u00e8le Livet<\/a><\/p>\n\n\n\n<p>\u2022 <a href=\"https:\/\/www.tierslivre.net\/ateliers\/author\/pthomas\/\">Louise<\/a><\/p>\n\n\n\n<h2 class=\"wp-block-heading\">M<\/h2>\n\n\n\n<p>\u2022 <a href=\"https:\/\/www.tierslivre.net\/ateliers\/author\/christellem\/\">Christelle M<\/a><\/p>\n\n\n\n<p>\u2022 <a href=\"https:\/\/www.tierslivre.net\/ateliers\/author\/harrym\/\">Harry M<\/a><\/p>\n\n\n\n<p>\u2022 <a href=\"https:\/\/www.tierslivre.net\/ateliers\/author\/cmansaud\/\">Christiane Mansaud<\/a><\/p>\n\n\n\n<p>\u2022 <a href=\"https:\/\/www.tierslivre.net\/ateliers\/author\/cmarmonnier\/\">C\u00e9cile Marmonnier<\/a><\/p>\n\n\n\n<p>\u2022 <a href=\"https:\/\/www.tierslivre.net\/ateliers\/author\/vmorisset\/\">Vanessa Morisset<\/a><\/p>\n\n\n\n<p>\u2022 <a href=\"https:\/\/www.tierslivre.net\/ateliers\/author\/mariemoscardini\/\">Marie Moscardini<\/a><\/p>\n\n\n\n<h2 class=\"wp-block-heading\">N<\/h2>\n\n\n\n<p>\u2022 <a href=\"https:\/\/www.tierslivre.net\/ateliers\/author\/annicknay\/\">Annick Nay<\/a><\/p>\n\n\n\n<p>\u2022 <a href=\"https:\/\/www.tierslivre.net\/ateliers\/author\/ptoucang\/\">Michel Nonhon<\/a><\/p>\n\n\n\n<h2 class=\"wp-block-heading\">P<\/h2>\n\n\n\n<p>\u2022 <a href=\"https:\/\/www.tierslivre.net\/ateliers\/author\/gynandrep\/\">Gynandre P.<\/a><\/p>\n\n\n\n<p>\u2022 <a href=\"https:\/\/www.tierslivre.net\/ateliers\/author\/jeannecl\/\">Jeanne Paciencia<\/a><\/p>\n\n\n\n<p>\u2022 <a href=\"https:\/\/www.tierslivre.net\/ateliers\/author\/dpaillard\">Dominique Paillard<\/a><\/p>\n\n\n\n<p>\u2022 <a href=\"https:\/\/www.tierslivre.net\/ateliers\/author\/epadac\/\">Etien Papadacci<\/a><\/p>\n\n\n\n<p>\u2022 <a href=\"https:\/\/www.tierslivre.net\/ateliers\/author\/cathplee\/\">Catherine Pl\u00e9e<\/a><\/p>\n\n\n\n<p>\u2022 <a href=\"https:\/\/www.tierslivre.net\/ateliers\/author\/spollastri\/\">Sylvie Pollastri<\/a> <\/p>\n\n\n\n<h2 class=\"wp-block-heading\">R<\/h2>\n\n\n\n<p>\u2022 <a href=\"https:\/\/www.tierslivre.net\/ateliers\/author\/frenaud\/\">Fran\u00e7oise Renaud<\/a><\/p>\n\n\n\n<p>\u2022 <a href=\"https:\/\/www.tierslivre.net\/ateliers\/author\/stephanierieu\/\">St\u00e9phanie Rieu<\/a><\/p>\n\n\n\n<p>\u2022 <a href=\"https:\/\/www.tierslivre.net\/ateliers\/author\/mtollet\/\">Shirin Rooze<\/a><\/p>\n\n\n\n<h2 class=\"wp-block-heading\">S<\/h2>\n\n\n\n<p>\u2022 <a href=\"https:\/\/www.tierslivre.net\/ateliers\/author\/psahuc\/\">Philippe Sahuc Sa\u00fcc<\/a><\/p>\n\n\n\n<p>\u2022 <a href=\"https:\/\/www.tierslivre.net\/ateliers\/author\/elisabethsm\/\">Elisabeth Saint-Michel<\/a><a href=\"https:\/\/www.tierslivre.net\/ateliers\/author\/elisabeths\"> <\/a><\/p>\n\n\n\n<p>\u2022 <a href=\"https:\/\/www.tierslivre.net\/ateliers\/author\/marlensauvage\/\">Marlen Sauvage<\/a><\/p>\n\n\n\n<p>\u2022 <a href=\"https:\/\/www.tierslivre.net\/ateliers\/author\/sserpette\/\">Sylvie Serpette<\/a><\/p>\n\n\n\n<p>\u2022 <a href=\"https:\/\/www.tierslivre.net\/ateliers\/author\/cserre\/\">Catherine Serre<\/a><\/p>\n\n\n\n<p>\u2022 <a href=\"https:\/\/www.tierslivre.net\/ateliers\/author\/fsullivan\/\">Fran\u00e7oise Sullivan<\/a><\/p>\n\n\n\n<h2 class=\"wp-block-heading\">T<\/h2>\n\n\n\n<p>\u2022 <a href=\"https:\/\/www.tierslivre.net\/ateliers\/author\/tvillatte\/\">Thomas Terraqu\u00e9<\/a><\/p>\n\n\n\n<p>\u2022 <a href=\"https:\/\/www.tierslivre.net\/ateliers\/author\/jtholome\/\">J\u00e9r\u00e9mie Tholom\u00e9<\/a><\/p>\n\n\n\n<p>\u2022 <a href=\"https:\/\/www.tierslivre.net\/ateliers\/author\/vtholome\/\">Vincent Tholom\u00e9<\/a><\/p>\n\n\n\n<p>\u2022 <a href=\"https:\/\/www.tierslivre.net\/ateliers\/author\/gtorrens\/\">Guy Torrens<\/a><\/p>\n\n\n\n<p>\u2022 <a href=\"https:\/\/www.tierslivre.net\/ateliers\/author\/mtournier\/\">Mil\u00e8ne Tournier<\/a><\/p>\n\n\n\n<p>\u2022 <a href=\"https:\/\/www.tierslivre.net\/ateliers\/author\/ctran\/\">Chantal Tran<\/a><\/p>\n\n\n\n<p>\u2022 <a href=\"https:\/\/www.tierslivre.net\/ateliers\/author\/jacdeturenne\/\">Jacques de Turenne<\/a><\/p>\n\n\n\n<h2 class=\"wp-block-heading\">V<\/h2>\n\n\n\n<p>\u2022 <a href=\"https:\/\/www.tierslivre.net\/ateliers\/author\/fverstraeten\/\">Fabienne Vertraeten<\/a><\/p>\n\n\n\n<p>\u2022 <a href=\"https:\/\/www.tierslivre.net\/ateliers\/author\/svissac\/\">Solange Vissac<\/a><\/p>\n\n\n\n<h2 class=\"wp-block-heading\">W<\/h2>\n\n\n\n<p>\u2022 <a href=\"https:\/\/www.tierslivre.net\/ateliers\/author\/swambeke\/\">Simone Wambeke<\/a><\/p>\n\n\n\n<p>\u2022 <a href=\"https:\/\/www.tierslivre.net\/ateliers\/author\/avanweddingen\/\">Anne Vanweddingen<\/a><\/p>\n\n\n\n<p>\u2022 <a href=\"https:\/\/www.tierslivre.net\/ateliers\/author\/jmwarnet\/\">Jean-Manuel Warnet<\/a><\/p>\n\n\n\n<p>\u2022 <a href=\"https:\/\/www.tierslivre.net\/ateliers\/author\/wpaille\/\">Will<\/a><\/p>\n\n\n\n<h2 class=\"wp-block-heading\">Y<\/h2>\n\n\n\n<p>\u2022 <a href=\"http:\/\/www.tierslivre.net\/ateliers\/author\/lgormit\/\">Lamya Ygarmaten<\/a><\/p>\n","protected":false},"excerpt":{"rendered":"<p>A \u2022 Huguette Albernhe \u2022 Lorette Andersen B \u2022 S\u00e9bastien Bailly \u2022 Gracia Bejjani \u2022 C\u00e9line Bernard \u2022 Nicolas Bleusher \u2022 H\u00e9l\u00e8ne Boivin \u2022 Sylvia Boumendil \u2022 Muriel Boussarie \u2022 Annick Brabant \u2022 Rudy Brindamour \u2022 Caroline Burgy C \u2022 J\u00e9r\u00f4me C. \u2022 Marie C. \u2022 Sylvia Cagninacci \u2022 Brigitte C\u00e9l\u00e9rier \u2022 Christian Chastan \u2022 Emmanuelle Cordoliani \u2022 Juliette Cortese <a class=\"more-link\" href=\"https:\/\/www.tierslivre.net\/ateliers\/atelier-index-sommaires\/et-aussi-sur-tiers-livre\/les-auteur-e-s\/\">Continuer la lecture<span class=\"screen-reader-text\">les auteur.e.s<\/span><span class=\"meta-nav\">&rarr;<\/span><\/a><\/p>\n","protected":false},"author":1,"featured_media":0,"parent":21,"menu_order":0,"comment_status":"closed","ping_status":"closed","template":"","meta":{"h5ap_radio_sources":[],"footnotes":""},"class_list":["post-21417","page","type-page","status-publish","hentry"],"_links":{"self":[{"href":"https:\/\/www.tierslivre.net\/ateliers\/wp-json\/wp\/v2\/pages\/21417","targetHints":{"allow":["GET"]}}],"collection":[{"href":"https:\/\/www.tierslivre.net\/ateliers\/wp-json\/wp\/v2\/pages"}],"about":[{"href":"https:\/\/www.tierslivre.net\/ateliers\/wp-json\/wp\/v2\/types\/page"}],"author":[{"embeddable":true,"href":"https:\/\/www.tierslivre.net\/ateliers\/wp-json\/wp\/v2\/users\/1"}],"replies":[{"embeddable":true,"href":"https:\/\/www.tierslivre.net\/ateliers\/wp-json\/wp\/v2\/comments?post=21417"}],"version-history":[{"count":3,"href":"https:\/\/www.tierslivre.net\/ateliers\/wp-json\/wp\/v2\/pages\/21417\/revisions"}],"predecessor-version":[{"id":26983,"href":"https:\/\/www.tierslivre.net\/ateliers\/wp-json\/wp\/v2\/pages\/21417\/revisions\/26983"}],"up":[{"embeddable":true,"href":"https:\/\/www.tierslivre.net\/ateliers\/wp-json\/wp\/v2\/pages\/21"}],"wp:attachment":[{"href":"https:\/\/www.tierslivre.net\/ateliers\/wp-json\/wp\/v2\/media?parent=21417"}],"curies":[{"name":"wp","href":"https:\/\/api.w.org\/{rel}","templated":true}]}}