{"id":29521,"date":"2021-02-25T10:30:02","date_gmt":"2021-02-25T09:30:02","guid":{"rendered":"https:\/\/www.tierslivre.net\/ateliers\/?page_id=29521"},"modified":"2021-11-17T14:07:43","modified_gmt":"2021-11-17T13:07:43","slug":"mars-2021-un-atelier-baudelaire","status":"publish","type":"page","link":"https:\/\/www.tierslivre.net\/ateliers\/atelier-index-sommaires\/cycle-autobiographie\/les-ateliers-tiers-livre\/mars-2021-un-atelier-baudelaire\/","title":{"rendered":"mars 2021, bicentenaire Baudelaire"},"content":{"rendered":"\n<p>Chaque lundi, cinq semaines d&rsquo;affil\u00e9e, une proposition pour explorer un point pr\u00e9cis de l&rsquo;invention Baudelaire.<\/p>\n\n\n\n<p class=\"has-normal-font-size\"><strong>sommaire<\/strong><\/p>\n\n\n\n<p>\u2013 voir ici pour l&rsquo;<a href=\"https:\/\/www.tierslivre.net\/ateliers\/baudelaire-1-la-forme-dune-ville-une-parenthese\/\">ensemble des propositions et des vid\u00e9os<\/a><\/p>\n\n\n\n<p class=\"has-normal-font-size\"><strong>principe<\/strong><\/p>\n\n\n\n<p>Chaque semaine, une vid\u00e9o d\u00e9veloppe la consigne, et les enjeux pour ce qui concerne l&rsquo;oeuvre. Sur ce blog, un article reprend et r\u00e9sume la consigne, fournit les textes d&rsquo;appui.<\/p>\n\n\n\n<p class=\"has-normal-font-size\"><strong>inscription<\/strong><\/p>\n\n\n\n<p>\u2013 toutes les personnes d\u00e9j\u00e0 abonn\u00e9s au site Tiers Livre, ou ayant d\u00e9j\u00e0 particip\u00e9 \u00e0 un de ses cycles atelier d&rsquo;\u00e9criture, ainsi que nos <a href=\"https:\/\/www.patreon.com\/francoisbon\" data-type=\"URL\" data-id=\"https:\/\/www.patreon.com\/francoisbon\">contributeurs Patreon<\/a>, b\u00e9n\u00e9ficient d&rsquo;un acc\u00e8s libre au blog : si vous avez d\u00e9j\u00e0 publi\u00e9 ici, vous avez conserv\u00e9 le m\u00eame login et mot de passe, sinon, nous demander \u2013 si vous ne disposez pas encore de votre acc\u00e8s, un <a href=\"https:\/\/www.tierslivre.net\/mail\/info.htm\" data-type=\"URL\" data-id=\"https:\/\/www.tierslivre.net\/mail\/info.htm\">simple mail<\/a> et nous l&rsquo;\u00e9tablissons;<\/p>\n\n\n\n<p class=\"has-normal-font-size\"><strong>mode d&#8217;emploi<\/strong><\/p>\n\n\n\n<p>\u2013 pour publier votre texte, ou l&rsquo;\u00e9crire directement en ligne, en bas \u00e0 droite page d&rsquo;accueil, \u00abse connecter\u00bb, en utilisant votre login et mot de passe, puis \u00abajouter un article\u00bb \u2013 vous disposez alors de votre pleine libert\u00e9 d&rsquo;\u00e9dition, inclusion lien YouTube ou SoundCloud, images, mise en page du texte&#8230; n&rsquo;oubliez pas de l&rsquo;enregistrer comme \u00abbrouillon\u00bb \u00e0 intervalles r\u00e9guliers pendant la r\u00e9daction;<\/p>\n\n\n\n<p>\u2013 tr\u00e8s important : dans les cat\u00e9gories, cliquer sur \u00abbicentenaire Baudelaire\u00bb, puis sur \u00abproposition Baudelaire #1\u00bb (ou 2, 3, 4, 5 etc&#8230;)<\/p>\n\n\n\n<p>\u2013 \u00e9videmment les commentaires sont ouverts, lisez les autres auteurs, c&rsquo;est le meilleur moyen qu&rsquo;ils vous lisent \u00e0 leur tour !<\/p>\n","protected":false},"excerpt":{"rendered":"<p>Chaque lundi, cinq semaines d&rsquo;affil\u00e9e, une proposition pour explorer un point pr\u00e9cis de l&rsquo;invention Baudelaire. sommaire \u2013 voir ici pour l&rsquo;ensemble des propositions et des vid\u00e9os principe Chaque semaine, une vid\u00e9o d\u00e9veloppe la consigne, et les enjeux pour ce qui concerne l&rsquo;oeuvre. Sur ce blog, un article reprend et r\u00e9sume la consigne, fournit les textes d&rsquo;appui. inscription \u2013 toutes les <a class=\"more-link\" href=\"https:\/\/www.tierslivre.net\/ateliers\/atelier-index-sommaires\/cycle-autobiographie\/les-ateliers-tiers-livre\/mars-2021-un-atelier-baudelaire\/\">Continuer la lecture<span class=\"screen-reader-text\">mars 2021, bicentenaire Baudelaire<\/span><span class=\"meta-nav\">&rarr;<\/span><\/a><\/p>\n","protected":false},"author":1,"featured_media":0,"parent":20292,"menu_order":4,"comment_status":"closed","ping_status":"closed","template":"","meta":{"h5ap_radio_sources":[],"footnotes":""},"class_list":["post-29521","page","type-page","status-publish","hentry"],"_links":{"self":[{"href":"https:\/\/www.tierslivre.net\/ateliers\/wp-json\/wp\/v2\/pages\/29521","targetHints":{"allow":["GET"]}}],"collection":[{"href":"https:\/\/www.tierslivre.net\/ateliers\/wp-json\/wp\/v2\/pages"}],"about":[{"href":"https:\/\/www.tierslivre.net\/ateliers\/wp-json\/wp\/v2\/types\/page"}],"author":[{"embeddable":true,"href":"https:\/\/www.tierslivre.net\/ateliers\/wp-json\/wp\/v2\/users\/1"}],"replies":[{"embeddable":true,"href":"https:\/\/www.tierslivre.net\/ateliers\/wp-json\/wp\/v2\/comments?post=29521"}],"version-history":[{"count":3,"href":"https:\/\/www.tierslivre.net\/ateliers\/wp-json\/wp\/v2\/pages\/29521\/revisions"}],"predecessor-version":[{"id":30505,"href":"https:\/\/www.tierslivre.net\/ateliers\/wp-json\/wp\/v2\/pages\/29521\/revisions\/30505"}],"up":[{"embeddable":true,"href":"https:\/\/www.tierslivre.net\/ateliers\/wp-json\/wp\/v2\/pages\/20292"}],"wp:attachment":[{"href":"https:\/\/www.tierslivre.net\/ateliers\/wp-json\/wp\/v2\/media?parent=29521"}],"curies":[{"name":"wp","href":"https:\/\/api.w.org\/{rel}","templated":true}]}}