{"id":42070,"date":"2021-07-27T13:09:53","date_gmt":"2021-07-27T11:09:53","guid":{"rendered":"https:\/\/www.tierslivre.net\/ateliers\/?page_id=42070"},"modified":"2026-04-26T08:54:47","modified_gmt":"2026-04-26T06:54:47","slug":"methodo","status":"publish","type":"page","link":"https:\/\/www.tierslivre.net\/ateliers\/les-formations\/methodo\/","title":{"rendered":"conduire &#038; animer des ateliers d\u2019\u00e9criture"},"content":{"rendered":"\n<p><\/p>\n\n\n\n<blockquote class=\"wp-block-quote is-layout-flow wp-block-quote-is-layout-flow\">\n<p>Un projet d&rsquo;atelier d&rsquo;\u00e9criture ? Construire des cycles de propositions, \u00e9laborer un programme selon son public et ses partenaires ? Publier, propulser, imprimer, quels outils, quelles pratiques ? <a href=\"https:\/\/www.librairie-tiers-livre.store\/accompagnement-manuscrits-projets\/p\/audit-manuscrit-ou-projet\">Parlons-en en direct, en 1 heure incroyable tout ce qu&rsquo;on peut se dire<\/a>, plus liens et appuis.<\/p>\n<\/blockquote>\n\n\n\n<p><\/p>\n\n\n\n<p>Introduire dans cette plateforme collective une rubrique qui concerne la conduite et l&rsquo;animation d&rsquo;ateliers d&rsquo;\u00e9criture, comment on s&rsquo;y prend, questions et d\u00e9bats, nos compte-rendu d&rsquo;exp\u00e9riences&#8230; <\/p>\n\n\n\n<p>plut\u00f4t qu&rsquo;un sommaire\/index manuel, justifi\u00e9 lors de la mise en place, mais impossible \u00e0 entretenir avec le d\u00e9veloppement de la rubrique, je vous invite donc \u00e0 simplement <a href=\"https:\/\/www.tierslivre.net\/ateliers\/category\/atelier-permanent\/methodo\/\">suivre le mot-cl\u00e9 \u00abm\u00e9thodo\u00bb<\/a> \u2013 ou l&rsquo;ensemble de la <a href=\"https:\/\/www.tierslivre.net\/ateliers\/category\/ete-2021-les-cycles\/hors-serie\/la-fabrique\/\">cat\u00e9gorie \u00ab la fabrique \u00bb<\/a>, incluant journaux d&rsquo;\u00e9criture et exp\u00e9riences personnelles pour en remonter le fil des articles<\/p>\n\n\n\n<p>Pour compl\u00e9ter : <\/p>\n\n\n\n<p>_  dans l&rsquo;espace \u00abtutos\u00bb du #Patreon, le sommaire complet <a href=\"https:\/\/www.patreon.com\/posts\/sommaires-les-57345429\">m\u00e9thodologie de l&rsquo;atelier d&rsquo;\u00e9criture<\/a> (avec notamment \u00abfaire retour sur les textes en atelier d&rsquo;\u00e9criture\u00bb, la vid\u00e9o exceptionnelle d&rsquo;Emmanuelle Cordoliani \u00abpr\u00e9paration de la voix\u00bb, ou bien \u00ab21 trucs pour lire en atelier d&rsquo;\u00e9criture\u00bb<\/p>\n\n\n\n<p>_ sur Tiers Livre : <a href=\"https:\/\/www.tierslivre.net\/spip\/spip.php?article5016\">former et se former \u00e0 l&rsquo;atelier d&rsquo;\u00e9criture<\/a>, un travail du groupe de r\u00e9flexion constitu\u00e9 l&rsquo;\u00e9t\u00e9 2021;<\/p>\n\n\n\n<p>_ \u00e0 consulter aussi : <a href=\"https:\/\/www.tierslivre.net\/spip\/spip.php?article5010\">Fran\u00e7ois Bon, souvenirs concernant les ateliers d&rsquo;\u00e9criture<\/a><\/p>\n\n\n\n<p>fb<\/p>\n","protected":false},"excerpt":{"rendered":"<p>Un projet d&rsquo;atelier d&rsquo;\u00e9criture ? Construire des cycles de propositions, \u00e9laborer un programme selon son public et ses partenaires ? Publier, propulser, imprimer, quels outils, quelles pratiques ? Parlons-en en direct, en 1 heure incroyable tout ce qu&rsquo;on peut se dire, plus liens et appuis. Introduire dans cette plateforme collective une rubrique qui concerne la conduite et l&rsquo;animation d&rsquo;ateliers d&rsquo;\u00e9criture, <a class=\"more-link\" href=\"https:\/\/www.tierslivre.net\/ateliers\/les-formations\/methodo\/\">Continuer la lecture<span class=\"screen-reader-text\">conduire &#038; animer des ateliers d\u2019\u00e9criture<\/span><span class=\"meta-nav\">&rarr;<\/span><\/a><\/p>\n","protected":false},"author":335,"featured_media":0,"parent":111170,"menu_order":1,"comment_status":"closed","ping_status":"closed","template":"","meta":{"h5ap_radio_sources":[],"footnotes":""},"class_list":["post-42070","page","type-page","status-publish","hentry"],"_links":{"self":[{"href":"https:\/\/www.tierslivre.net\/ateliers\/wp-json\/wp\/v2\/pages\/42070","targetHints":{"allow":["GET"]}}],"collection":[{"href":"https:\/\/www.tierslivre.net\/ateliers\/wp-json\/wp\/v2\/pages"}],"about":[{"href":"https:\/\/www.tierslivre.net\/ateliers\/wp-json\/wp\/v2\/types\/page"}],"author":[{"embeddable":true,"href":"https:\/\/www.tierslivre.net\/ateliers\/wp-json\/wp\/v2\/users\/335"}],"replies":[{"embeddable":true,"href":"https:\/\/www.tierslivre.net\/ateliers\/wp-json\/wp\/v2\/comments?post=42070"}],"version-history":[{"count":5,"href":"https:\/\/www.tierslivre.net\/ateliers\/wp-json\/wp\/v2\/pages\/42070\/revisions"}],"predecessor-version":[{"id":208355,"href":"https:\/\/www.tierslivre.net\/ateliers\/wp-json\/wp\/v2\/pages\/42070\/revisions\/208355"}],"up":[{"embeddable":true,"href":"https:\/\/www.tierslivre.net\/ateliers\/wp-json\/wp\/v2\/pages\/111170"}],"wp:attachment":[{"href":"https:\/\/www.tierslivre.net\/ateliers\/wp-json\/wp\/v2\/media?parent=42070"}],"curies":[{"name":"wp","href":"https:\/\/api.w.org\/{rel}","templated":true}]}}