{"id":51747,"date":"2021-09-19T09:33:51","date_gmt":"2021-09-19T07:33:51","guid":{"rendered":"https:\/\/www.tierslivre.net\/ateliers\/?page_id=51747"},"modified":"2022-12-26T08:42:42","modified_gmt":"2022-12-26T07:42:42","slug":"cycle-autobiographie","status":"publish","type":"page","link":"https:\/\/www.tierslivre.net\/ateliers\/atelier-index-sommaires\/cycle-autobiographie\/","title":{"rendered":"autres cycles |\u00a0dialogue, personnages, film&#8230;"},"content":{"rendered":"\n<p>L&rsquo;atelier d&rsquo;\u00e9criture Tiers Livre devient hebdomadaire et permanent, avec une <a href=\"https:\/\/www.patreon.com\/francoisbon\">formule simplifi\u00e9e d&rsquo;abonnement mensuel<\/a>, \u00e0 entr\u00e9e-sortie libres et libre-acc\u00e8s \u00e0 cette plateforme comme aux tutos, archives, \u00e9changes Zooms ou vid\u00e9os r\u00e9serv\u00e9es.<\/p>\n\n\n\n<p>On trouvera ici, un r\u00e9capitulatif du sommaire, ainsi que es cat\u00e9gories \u00e0 utiliser pour vos mises en ligne. Fiches d&rsquo;appui et ressources compl\u00e9mentaires : imp\u00e9ratif passer par votre compte Patreon.<\/p>\n\n\n\n<p>En cas de doute, ou si cette page a&#8230; un peu de retard, toujours se r\u00e9f\u00e9rer \u00e0  <a href=\"https:\/\/www.tierslivre.net\/spip\/spip.php?article4971\">la page sommaire g\u00e9n\u00e9ral sur Tiers Livre<\/a>`<\/p>\n\n\n\n<p><strong>exercices sur le dialogue<\/strong><\/p>\n\n\n\n<p>_ #01, <a href=\"https:\/\/www.tierslivre.net\/spip\/spip.php?article5140\">du dialogue sans dialogue<\/a>, et cat\u00e9gorie <a href=\"https:\/\/www.tierslivre.net\/ateliers\/category\/dialogue-2\/01-dialogue-sans-dialogue\/\">#01-dialogue-sans-dialogue<\/a><\/p>\n\n\n\n<p>_ #02, <a href=\"https:\/\/www.tierslivre.net\/spip\/spip.php?article5142\">Wittig, Virgile, parenth\u00e8ses<\/a>, et cat\u00e9gorie <a href=\"https:\/\/www.tierslivre.net\/ateliers\/category\/dialogue-2\/02-dialogue-wittig\/\">#02-dialogue-wittig<\/a><\/p>\n\n\n\n<p>_ #03, <a href=\"https:\/\/www.tierslivre.net\/spip\/spip.php?article5143\">Du chien de Modiano<\/a>, et cat\u00e9gorie <a href=\"https:\/\/www.tierslivre.net\/ateliers\/category\/dialogue-2\/03-dialogue-modiano\/\">#03-dialogue-modiano<\/a><\/p>\n\n\n\n<p>_ #04, <a href=\"https:\/\/www.tierslivre.net\/spip\/spip.php?article5145\">Duras, voix dans le noir<\/a>, et cat\u00e9gorie <a href=\"https:\/\/www.tierslivre.net\/ateliers\/category\/dialogue-2\/04-dialogue-duras\/\">#04-dialogue-duras<\/a><\/p>\n\n\n\n<p>_ #05, <a href=\"https:\/\/www.tierslivre.net\/spip\/spip.php?article5144\">Carver et l&rsquo;homme sans mains<\/a>, et cat\u00e9gorie <a href=\"https:\/\/www.tierslivre.net\/ateliers\/category\/dialogue-2\/05-dialogue-carver\/\">#05-dialogue-carver<\/a><\/p>\n\n\n\n<p><strong>janvier \u2013 avril 2022 | vers un \u00e9crire\/film<\/strong><\/p>\n\n\n\n<p>_ 2022.04.17 |&nbsp;<a href=\"https:\/\/www.tierslivre.net\/spip\/spip.php?article5136\">couchers de soleil (Cort\u00e0zar)<\/a>, et cat\u00e9gorie <a href=\"https:\/\/www.tierslivre.net\/ateliers\/category\/ecrire-film\/08-cortazar\/\">#08-cortazar<\/a><\/p>\n\n\n\n<p>_ 2022.04.10 | <a href=\"https:\/\/www.tierslivre.net\/spip\/spip.php?article4132\">bruits \u00e0 rechercher (Michaux)<\/a> et cat\u00e9gorie<a href=\"https:\/\/www.tierslivre.net\/ateliers\/category\/ecrire-film\/07-bruits\/\"> #07-bruits<\/a><\/p>\n\n\n\n<p>_ 2022.04.03 | <a href=\"https:\/\/www.tierslivre.net\/ateliers\/category\/ecrire-film\/06-ralenti\/\">aujourd&rsquo;hui on ralentit<\/a>, et cat\u00e9gorie <a href=\"https:\/\/www.tierslivre.net\/ateliers\/category\/ecrire-film\/06-ralenti\/\">#06-ralenti<\/a><\/p>\n\n\n\n<p>_ 2022.03.20 |&nbsp;<a href=\"https:\/\/www.tierslivre.net\/spip\/spip.php?article5129\">Toussaint pousse la porte et entre<\/a>, et cat\u00e9gorie <a href=\"https:\/\/www.tierslivre.net\/ateliers\/category\/ecrire-film\/05-pousser-la-porte\/\">#05, pousser la porte<\/a><\/p>\n\n\n\n<p>_ 2022.03.06 | <a href=\"https:\/\/www.tierslivre.net\/spip\/spip.php?article5125\" data-type=\"URL\" data-id=\"https:\/\/www.tierslivre.net\/spip\/spip.php?article5125\">hors-s\u00e9rie : lavez, \u00f4 Pluies&#8230;<\/a> et cat\u00e9gorie <a href=\"https:\/\/www.tierslivre.net\/ateliers\/category\/ecrire-film\/hors-serie-imeratifs\/\">\u00e9crire-film, hors-s\u00e9rie, imp\u00e9ratifs<\/a><\/p>\n\n\n\n<p>_ 2022.01.30 | <a href=\"https:\/\/www.tierslivre.net\/spip\/spip.php?article5105\">corps, situation, mouvement (Gertrude Stein<\/a>, et cat\u00e9gorie <a href=\"https:\/\/www.tierslivre.net\/ateliers\/category\/ecrire-film\/04-corps-mouvement\/\">#04_corps-mouvement<\/a> <\/p>\n\n\n\n<p>_ 2022.01.23 | <a href=\"https:\/\/www.tierslivre.net\/spip\/spip.php?article5104\">c&rsquo;est \u00e9crit dans l&rsquo;air (Jacques Dupin)<\/a> et cat\u00e9gorie <a href=\"https:\/\/www.tierslivre.net\/ateliers\/category\/ecrire-film\/03-1-journee\/\">#03 _ 1 journ\u00e9e<\/a><\/p>\n\n\n\n<p><strong>_<\/strong> 2022.01.16 |&nbsp;<a href=\"https:\/\/www.tierslivre.net\/spip\/spip.php?article5096\">d\u00e9cortiquer une minute de film (avec R. Bellour)<\/a>, et cat\u00e9gorie <a href=\"https:\/\/www.tierslivre.net\/ateliers\/category\/ecrire-film\/02-1-minute\/\">#02 \u2013 1 minute<\/a><\/p>\n\n\n\n<p>_<strong> <\/strong>2022.01.09 | <a href=\"https:\/\/www.tierslivre.net\/spip\/spip.php?article5038\">une heure de ta vie (avec Blaise Cendrars)<\/a>, et cat\u00e9gorie <a href=\"https:\/\/www.tierslivre.net\/ateliers\/category\/ecrire-film\/01-cendrars\/\">#01 \u2013&nbsp;1 heure<\/a><\/p>\n\n\n\n<p><\/p>\n\n\n\n<p><\/p>\n","protected":false},"excerpt":{"rendered":"<p>L&rsquo;atelier d&rsquo;\u00e9criture Tiers Livre devient hebdomadaire et permanent, avec une formule simplifi\u00e9e d&rsquo;abonnement mensuel, \u00e0 entr\u00e9e-sortie libres et libre-acc\u00e8s \u00e0 cette plateforme comme aux tutos, archives, \u00e9changes Zooms ou vid\u00e9os r\u00e9serv\u00e9es. On trouvera ici, un r\u00e9capitulatif du sommaire, ainsi que es cat\u00e9gories \u00e0 utiliser pour vos mises en ligne. Fiches d&rsquo;appui et ressources compl\u00e9mentaires : imp\u00e9ratif passer par votre compte <a class=\"more-link\" href=\"https:\/\/www.tierslivre.net\/ateliers\/atelier-index-sommaires\/cycle-autobiographie\/\">Continuer la lecture<span class=\"screen-reader-text\">autres cycles |\u00a0dialogue, personnages, film&#8230;<\/span><span class=\"meta-nav\">&rarr;<\/span><\/a><\/p>\n","protected":false},"author":1,"featured_media":0,"parent":65365,"menu_order":9,"comment_status":"closed","ping_status":"closed","template":"","meta":{"h5ap_radio_sources":[],"footnotes":""},"class_list":["post-51747","page","type-page","status-publish","hentry"],"_links":{"self":[{"href":"https:\/\/www.tierslivre.net\/ateliers\/wp-json\/wp\/v2\/pages\/51747","targetHints":{"allow":["GET"]}}],"collection":[{"href":"https:\/\/www.tierslivre.net\/ateliers\/wp-json\/wp\/v2\/pages"}],"about":[{"href":"https:\/\/www.tierslivre.net\/ateliers\/wp-json\/wp\/v2\/types\/page"}],"author":[{"embeddable":true,"href":"https:\/\/www.tierslivre.net\/ateliers\/wp-json\/wp\/v2\/users\/1"}],"replies":[{"embeddable":true,"href":"https:\/\/www.tierslivre.net\/ateliers\/wp-json\/wp\/v2\/comments?post=51747"}],"version-history":[{"count":3,"href":"https:\/\/www.tierslivre.net\/ateliers\/wp-json\/wp\/v2\/pages\/51747\/revisions"}],"predecessor-version":[{"id":111178,"href":"https:\/\/www.tierslivre.net\/ateliers\/wp-json\/wp\/v2\/pages\/51747\/revisions\/111178"}],"up":[{"embeddable":true,"href":"https:\/\/www.tierslivre.net\/ateliers\/wp-json\/wp\/v2\/pages\/65365"}],"wp:attachment":[{"href":"https:\/\/www.tierslivre.net\/ateliers\/wp-json\/wp\/v2\/media?parent=51747"}],"curies":[{"name":"wp","href":"https:\/\/api.w.org\/{rel}","templated":true}]}}