{"id":58410,"date":"2021-11-20T15:47:29","date_gmt":"2021-11-20T14:47:29","guid":{"rendered":"https:\/\/www.tierslivre.net\/ateliers\/?page_id=58410"},"modified":"2025-12-07T08:57:22","modified_gmt":"2025-12-07T07:57:22","slug":"podcasts","status":"publish","type":"page","link":"https:\/\/www.tierslivre.net\/ateliers\/les-formations\/podcasts\/","title":{"rendered":"les ateliers devenus livres !"},"content":{"rendered":"\n<p><\/p>\n\n\n\n<p>Chacun des livres collectifs issus de nos cycles d&rsquo;ateliers d&rsquo;\u00e9criture est disponible sur Amazon, n&rsquo;h\u00e9sitez pas \u00e0 compl\u00e9ter votre collection, ou offrir si vous \u00eates parmi les autrices &amp; auteurs. Pour les abonn\u00e9s \u00e0 l&rsquo;atelier hebdo: l&rsquo;ensemble des PDF de ces ouvrages disponible dans l&rsquo;espace <a href=\"https:\/\/www.patreon.com\/posts\/sommaires-les-56912595\">ressources ateliers<\/a>.  <\/p>\n\n\n\n<figure class=\"wp-block-image size-full is-resized\"><img loading=\"lazy\" decoding=\"async\" width=\"313\" height=\"499\" src=\"https:\/\/www.tierslivre.net\/ateliers\/wp-content\/uploads\/2022\/09\/au_service.jpg\" alt=\"\" class=\"wp-image-92867\" style=\"width:235px;height:374px\" srcset=\"https:\/\/www.tierslivre.net\/ateliers\/wp-content\/uploads\/2022\/09\/au_service.jpg 313w, https:\/\/www.tierslivre.net\/ateliers\/wp-content\/uploads\/2022\/09\/au_service-263x420.jpg 263w\" sizes=\"auto, (max-width: 313px) 100vw, 313px\" \/><\/figure>\n\n\n\n<p>\u2022 <a href=\"https:\/\/amzn.to\/3r1A0aF\">Au service<\/a>, septembre 2022, 75 autrices &amp; auteurs pour des portraits en triptyque, avec une pr\u00e9face Fabienne Swiatly.<\/p>\n\n\n\n<figure class=\"wp-block-image\" id=\"block-85897b6b-d66c-432e-b780-1fea2622ba11\"><img decoding=\"async\" src=\"https:\/\/www.tierslivre.net\/ateliers\/wp-content\/uploads\/2022\/03\/51QyOjfBSJL-263x420.jpg\" alt=\"L\u2019attribut alt de cette image est vide, son nom de fichier est 51QyOjfBSJL-263x420.jpg.\"\/><\/figure>\n\n\n\n<p id=\"block-4f1c52d2-2ad6-43ab-90d6-564769ba45e0\">\u2022 <a href=\"https:\/\/amzn.to\/3LljQ59\">Imp\u00e9ratifs<\/a>, \u00e0 partir d&rsquo;un texte de Saint-John Perse, et dans le choc de l&rsquo;Ukraine, 51 autrices &amp; auteurs.<\/p>\n\n\n\n<figure class=\"wp-block-image size-full is-resized\"><img loading=\"lazy\" decoding=\"async\" width=\"350\" height=\"499\" src=\"https:\/\/www.tierslivre.net\/ateliers\/wp-content\/uploads\/2022\/09\/1_heure_de_ta_vie.jpg\" alt=\"\" class=\"wp-image-92868\" style=\"width:263px;height:374px\" srcset=\"https:\/\/www.tierslivre.net\/ateliers\/wp-content\/uploads\/2022\/09\/1_heure_de_ta_vie.jpg 350w, https:\/\/www.tierslivre.net\/ateliers\/wp-content\/uploads\/2022\/09\/1_heure_de_ta_vie-295x420.jpg 295w\" sizes=\"auto, (max-width: 350px) 100vw, 350px\" \/><\/figure>\n\n\n\n<p id=\"block-fc19decb-0174-4f96-9576-2e90674eb781\">\u2022 <em><a href=\"https:\/\/amzn.to\/3BKR8Y4\">1 heure de ta vie (66 fois)<\/a><\/em>, mars 2022, 66 autrices &amp; auteurs dans le d\u00e9fi d&rsquo;une heure chrono pour chaque contribution; <\/p>\n\n\n\n<figure class=\"wp-block-image\" id=\"block-1553a36d-2c43-490e-bbd8-eabb8bb09df1\"><img decoding=\"async\" src=\"https:\/\/www.tierslivre.net\/ateliers\/wp-content\/uploads\/2022\/03\/31zTzHYwdgL._SY291_BO1204203200_QL40_ML2_.jpg\" alt=\"L\u2019attribut alt de cette image est vide, son nom de fichier est 31zTzHYwdgL._SY291_BO1204203200_QL40_ML2_.jpg.\"\/><\/figure>\n\n\n\n<ul id=\"block-97d7e864-c5db-44ee-88cf-a06659b2709f\" class=\"wp-block-list\">\n<li><a href=\"https:\/\/amzn.to\/3CuZWP2\">Dans l\u2019ordre des choses<\/a>, septembre 2021, approche cr\u00e9atrice de l&rsquo;objet, en suivant Francis Ponge, 107 autrices &amp; auteurs; <\/li>\n<\/ul>\n\n\n\n<figure class=\"wp-block-image\" id=\"block-8b65eea8-ef87-454b-98d3-510a78955cec\"><img decoding=\"async\" src=\"https:\/\/www.tierslivre.net\/ateliers\/wp-content\/uploads\/2022\/03\/3138Ib0cGHS._SY291_BO1204203200_QL40_ML2_.jpg\" alt=\"L\u2019attribut alt de cette image est vide, son nom de fichier est 3138Ib0cGHS._SY291_BO1204203200_QL40_ML2_.jpg.\"\/><\/figure>\n\n\n\n<ul id=\"block-89702181-faf5-4fe4-b17c-47356b99ad7c\" class=\"wp-block-list\">\n<li>\u00a0<a href=\"https:\/\/amzn.to\/3CNr8sF\">De l\u2019eau<\/a>, juillet 2021, cent mots par contribution, un seul th\u00e8me, le prologue \u00e0 notre cycle \u00e9t\u00e9; <\/li>\n<\/ul>\n\n\n\n<figure class=\"wp-block-image\" id=\"block-0c1dff57-071b-45cf-949c-78b1432f4c74\"><img decoding=\"async\" src=\"https:\/\/www.tierslivre.net\/ateliers\/wp-content\/uploads\/2022\/03\/41gUzqUT0fL._SY291_BO1204203200_QL40_ML2_.jpg\" alt=\"L\u2019attribut alt de cette image est vide, son nom de fichier est 41gUzqUT0fL._SY291_BO1204203200_QL40_ML2_.jpg.\"\/><\/figure>\n\n\n\n<ul id=\"block-75d3dc5e-27f7-455f-b63e-7fe03af35a90\" class=\"wp-block-list\">\n<li>mai 2021,\u00a0<a href=\"https:\/\/amzn.to\/3DwQ4FP\">Pav\u00e9<\/a><\/li>\n\n\n\n<li>ao\u00fbt 2020,\u00a0<a href=\"https:\/\/amzn.to\/3kVjAxI\">Tu cherches une salle perdue<\/a><\/li>\n\n\n\n<li>juin 2019,\u00a0<a href=\"https:\/\/amzn.to\/3qWayo6\">Une histoire parall\u00e8le du cin\u00e9ma<\/a><\/li>\n<\/ul>\n\n\n\n<figure class=\"wp-block-image\" id=\"block-c6ac0044-6cdb-40be-ba6f-aeabf768b20d\"><img decoding=\"async\" src=\"https:\/\/www.tierslivre.net\/ateliers\/wp-content\/uploads\/2022\/03\/41S7lhuLPL._SY344_BO1204203200_.jpg\" alt=\"L\u2019attribut alt de cette image est vide, son nom de fichier est 41S7lhuLPL._SY344_BO1204203200_.jpg.\"\/><\/figure>\n\n\n\n<ul id=\"block-99e84bec-1292-4a5f-b60f-cc6cf34ffa8b\" class=\"wp-block-list\">\n<li>d\u00e9cembre 2018,\u00a0<a href=\"https:\/\/amzn.to\/3nBq6LM\">Je vous parlerai d\u2019une autre nuit<\/a><\/li>\n\n\n\n<li>ao\u00fbt 2017,\u00a0<a href=\"https:\/\/amzn.to\/3FvHA2n\">On ne pense pas assez aux escaliers<\/a><\/li>\n\n\n\n<li>novembre 2016,\u00a0<a href=\"https:\/\/amzn.to\/329uQQq\">Dans des maisons inconnues<\/a><\/li>\n<\/ul>\n\n\n\n<ul id=\"block-41d73e5c-539e-4091-9792-52563a665135\" class=\"wp-block-list\">\n<li>Ces livres sont \u00e0 commander directement sur Amazon via le lien ci-dessus !<\/li>\n<\/ul>\n\n\n\n<ul class=\"wp-block-list\">\n<li>hors-s\u00e9rie, Fran\u00e7ois Bon, <a href=\"https:\/\/amzn.to\/30Lm7TK\">Outils du roman (sur le creative writing \u00e0 l&rsquo;am\u00e9ricaine)<\/a><\/li>\n<\/ul>\n","protected":false},"excerpt":{"rendered":"<p>Chacun des livres collectifs issus de nos cycles d&rsquo;ateliers d&rsquo;\u00e9criture est disponible sur Amazon, n&rsquo;h\u00e9sitez pas \u00e0 compl\u00e9ter votre collection, ou offrir si vous \u00eates parmi les autrices &amp; auteurs. Pour les abonn\u00e9s \u00e0 l&rsquo;atelier hebdo: l&rsquo;ensemble des PDF de ces ouvrages disponible dans l&rsquo;espace ressources ateliers. \u2022 Au service, septembre 2022, 75 autrices &amp; auteurs pour des portraits en <a class=\"more-link\" href=\"https:\/\/www.tierslivre.net\/ateliers\/les-formations\/podcasts\/\">Continuer la lecture<span class=\"screen-reader-text\">les ateliers devenus livres !<\/span><span class=\"meta-nav\">&rarr;<\/span><\/a><\/p>\n","protected":false},"author":1,"featured_media":0,"parent":111170,"menu_order":3,"comment_status":"closed","ping_status":"closed","template":"","meta":{"h5ap_radio_sources":[],"footnotes":""},"class_list":["post-58410","page","type-page","status-publish","hentry"],"_links":{"self":[{"href":"https:\/\/www.tierslivre.net\/ateliers\/wp-json\/wp\/v2\/pages\/58410","targetHints":{"allow":["GET"]}}],"collection":[{"href":"https:\/\/www.tierslivre.net\/ateliers\/wp-json\/wp\/v2\/pages"}],"about":[{"href":"https:\/\/www.tierslivre.net\/ateliers\/wp-json\/wp\/v2\/types\/page"}],"author":[{"embeddable":true,"href":"https:\/\/www.tierslivre.net\/ateliers\/wp-json\/wp\/v2\/users\/1"}],"replies":[{"embeddable":true,"href":"https:\/\/www.tierslivre.net\/ateliers\/wp-json\/wp\/v2\/comments?post=58410"}],"version-history":[{"count":4,"href":"https:\/\/www.tierslivre.net\/ateliers\/wp-json\/wp\/v2\/pages\/58410\/revisions"}],"predecessor-version":[{"id":202225,"href":"https:\/\/www.tierslivre.net\/ateliers\/wp-json\/wp\/v2\/pages\/58410\/revisions\/202225"}],"up":[{"embeddable":true,"href":"https:\/\/www.tierslivre.net\/ateliers\/wp-json\/wp\/v2\/pages\/111170"}],"wp:attachment":[{"href":"https:\/\/www.tierslivre.net\/ateliers\/wp-json\/wp\/v2\/media?parent=58410"}],"curies":[{"name":"wp","href":"https:\/\/api.w.org\/{rel}","templated":true}]}}