{"id":7,"date":"2019-05-30T07:37:24","date_gmt":"2019-05-30T05:37:24","guid":{"rendered":"http:\/\/www.tierslivre.net\/ateliers\/?page_id=7"},"modified":"2025-07-03T16:43:21","modified_gmt":"2025-07-03T14:43:21","slug":"les-ateliers-mode-demploi","status":"publish","type":"page","link":"https:\/\/www.tierslivre.net\/ateliers\/les-ateliers-mode-demploi\/","title":{"rendered":"wordpress mode d\u2019emploi !"},"content":{"rendered":"\n<figure class=\"wp-block-embed is-type-video is-provider-youtube wp-block-embed-youtube wp-embed-aspect-16-9 wp-has-aspect-ratio\"><div class=\"wp-block-embed__wrapper\">\n<iframe loading=\"lazy\" title=\"#tuto | wordpress c&#039;est a\u0300 vous !\" width=\"800\" height=\"450\" src=\"https:\/\/www.youtube.com\/embed\/X7qyOjGTWa8\" frameborder=\"0\" allow=\"accelerometer; autoplay; clipboard-write; encrypted-media; gyroscope; picture-in-picture; web-share\" referrerpolicy=\"strict-origin-when-cross-origin\" allowfullscreen><\/iframe>\n<\/div><\/figure>\n\n\n\n<p>Vous venez de rejoindre l&rsquo;atelier hebdo de Tiers Livre ? Bienvenue dans notre plateforme collective de publication.<\/p>\n\n\n\n<p>Rappel : l&rsquo;inscription, la participation aux Zooms du lundi et la lettre d&rsquo;info passent <a href=\"https:\/\/www.patreon.com\/francoisbon\">par l&rsquo;abonnement #Patreon<\/a>. <\/p>\n\n\n\n<p>D\u00e8s que vous \u00eates pr\u00eat pour votre premi\u00e8re contribution, merci de <a href=\"https:\/\/www.tierslivre.net\/mail\/info.htm\">nous pr\u00e9venir par un simple e-mail<\/a>, et nous cr\u00e9erons aussit\u00f4t votre compte avec son login et mot de passe ! Et si vous \u00eates inscrit sur Facebook, ne manquez pas de rejoindre le <a href=\"https:\/\/www.facebook.com\/groups\/tierslivre\">groupe priv\u00e9 Tiers Livre, ateliers d&rsquo;\u00e9criture<\/a> (en r\u00e9pondant au petit questionnaire d&rsquo;entr\u00e9e, important qu&rsquo;on soit strictement entre nous !). Sit\u00f4t le compte cr\u00e9\u00e9, on clique sur \u00abajouter un article\u00bb et c&rsquo;est parti ! <\/p>\n\n\n\n<p>Vous trouverez ici quelques bases suppl\u00e9mentaires pour publier vos textes et profiter pleinement de la plateforme. Voir aussi la FAQ (questions et r\u00e9ponses les plus fr\u00e9quentes). <\/p>\n\n\n\n<p>Cette plateforme donne aussi acc\u00e8s aux archives de cycles ou workshops des ann\u00e9es pr\u00e9c\u00e9dentes. Bien s\u00fbr chaque auteur est libre \u00e0 tout moment d&rsquo;en demander le retrait ou d&rsquo;y proc\u00e9der lui-m\u00eame.<\/p>\n\n\n\n<p>Vous pouvez aussi nous poser des questions \u00e0 l&rsquo;adresse mail suivante: <a href=\"mailto:aide.ateliers@tierslivre.net\">aide.ateliers@tierslivre.net<\/a>. <\/p>\n\n\n\n<p class=\"has-large-font-size\">1 \u2013 ouvrir et param\u00e9trer sa page auteur<\/p>\n\n\n\n<p>L&rsquo;ouverture d&rsquo;une page auteur est possible \u00e0 tou.te.s les participant.e.s aux ateliers du site Tiers Livre ou d&rsquo;un workshops organis\u00e9s en collaboration avec le site. <\/p>\n\n\n\n<p>D\u00e8s inscription, votre compte est cr\u00e9\u00e9 par l&rsquo;\u00e9quipe du site, et nous vous transmettons login et mot de passe pour votre premi\u00e8re connexion, \u00e0 vous de changer ce  mot de passe \u00e0 votre convenance. <\/p>\n\n\n\n<p>Pour les personnes ayant d\u00e9j\u00e0 proc\u00e9d\u00e9 \u00e0 leur inscription au 20 juin, mais n&rsquo;ayant pas encore cr\u00e9\u00e9 leur compte auteur, merci de nous le demander par mail. <\/p>\n\n\n\n<p>L&rsquo;utilisation du site et la publication peuvent bien s\u00fbr se faire sous pseudonyme. Mais pour profiter pleinement des \u00e9changes, dialoguer avec les autres participants, rien de plus triste que le login seul !<\/p>\n\n\n\n<p>De m\u00eame, votre page auteur sera bien plus vivante si vous y ins\u00e9rez une ou des photographies (de vous-m\u00eame, mais aussi de votre lieu d&rsquo;\u00e9criture), une mini-bio avec liens vers vos autres pr\u00e9sences web (votre site principal ou autres blogs, les murs Facebook, Instagram ou YouTube&#8230;). On construit une galaxie de micro-univers, chacun \u00e9changeant avec les autres&#8230; <\/p>\n\n\n\n<p>Avec reconnaissance anticip\u00e9e : faites de cette page de pr\u00e9sentation auteur un espace convivial de rencontre. Vous disposez d&rsquo;un espace biographie, olo\u00e9s (l\u00e0 o\u00f9 vous \u00e9crivez), de liens suppl\u00e9mentaires vers votre propre site, blog ou cha\u00eene YouTube etc, photographies bien s\u00fbr. <\/p>\n\n\n\n<p class=\"has-large-font-size\">2 \u2013 vos contributions<\/p>\n\n\n\n<p>La plateforme l\u00e9gendaire et populaire WordPress est \u00e0 la fois ultra-performante et tr\u00e8s simple d&#8217;emploi. Depuis votre page auteur, vous faites \u00abcr\u00e9er un nouvel article\u00bb, et avez acc\u00e8s \u00e0 toutes les fonctionnalit\u00e9s de mise en page, insert photos et vid\u00e9os.<\/p>\n\n\n\n<p>Une fois votre premier article cr\u00e9\u00e9, vous vous sentirez comme chez vous. Suivre la proc\u00e9dure indiqu\u00e9e : ajouter un article, indiquer son titre (obligatoire&#8230; et souvent d\u00e9cisif pour la lecture), puis le contenu de l&rsquo;article. Ensuite, sur la partie gauche, vous pouvez l&rsquo;enregistrer en \u00abmode brouillon\u00bb \u2013 recommand\u00e9 aussi si vous \u00e9crivez directement en ligne, \u00e0 mesure que vous \u00e9crivez, plut\u00f4t que copier\/coller le texte issu de votre logiciel d&rsquo;\u00e9criture. <\/p>\n\n\n\n<p>L&rsquo;\u00e9tape d\u00e9cisive vient ensuite: dans la colonne de gauche, vous disposez d&rsquo;un onglet \u00abcat\u00e9gorie\u00bb \u2013 il est imp\u00e9ratif que vous ajoutiez les cat\u00e9gories correspondant \u00e0 votre article : celle concernant le cycle, celle concernant la proposition du cycle.<\/p>\n\n\n\n<p>Quand c&rsquo;est pr\u00eat, cliquer sur \u00abpublier\u00bb, c&rsquo;est tout.<\/p>\n\n\n\n<p>Vous pourrez ensuite modifier, \u00e9toffer etc. Penser, \u00e0 chaque modification, \u00e0 cliquer sur le bouton \u00abMettre \u00e0 jour\u00bb, en haut \u00e0 droite. <\/p>\n\n\n\n<p class=\"has-large-font-size\">3 \u2013 nouveau : les \u00abblocs\u00bb WordPress<\/p>\n\n\n\n<p>Les nouvelles versions de WordPress innovent par rapport \u00e0 nos habitudes bien ancr\u00e9es, en proposant une \u00e9dition par \u00abbloc\u00bb.<\/p>\n\n\n\n<p>Le bloc appara\u00eet d\u00e8s qu&rsquo;on clique sur le signe + \u00e0 droite d&rsquo;un paragraphe ou d&rsquo;une ligne en blanc. Voici l&rsquo;adresse d&rsquo;un <a href=\"https:\/\/fr.wordpress.org\/support\/article\/wordpress-editor\/\">manuel complet d&rsquo;utilisation des blocs<\/a>. <\/p>\n\n\n\n<p>C&rsquo;est ce \u00abbloc\u00bb qui va vous permettre d&rsquo;installer un fichier audio, lecture de votre texte (merci de ne pas utiliser de musiques sous droits), par exemple d\u00e9pos\u00e9e sur un compte SoundCloud, ou une vid\u00e9o YouTube. <\/p>\n\n\n\n<p>C&rsquo;est aussi le \u00abbloc\u00bb qui va vous permettre d&rsquo;ajouter et param\u00e9trer des images. <\/p>\n\n\n\n<p>Compl\u00e9ment : quand vous ins\u00e9rez une ou plusieurs photos dans votre article, en bas \u00e0 droite vous trouverez une case \u00abimage \u00e0 mettre en avant\u00bb, c&rsquo;est ici que vous choisissez celle qui s&rsquo;affichera sur la page d&rsquo;accueil, avec le r\u00e9sum\u00e9 des articles. <\/p>\n\n\n\n<p>Pensez surtout \u00e0 cocher la case \u00abcat\u00e9gories\u00bb, en sus des propositions il y a aussi un espace \u00abforum\u00bb et \u00e9change sur l&rsquo;atelier lui-m\u00eame&#8230; <\/p>\n\n\n\n<p class=\"has-large-font-size\">3 \u2013 un espace convivial et permanent<\/p>\n\n\n\n<p>Vous avez vous-m\u00eame acc\u00e8s \u00e0 la mod\u00e9ration des commentaires sous votre page. Alors profitez-en: n&rsquo;h\u00e9sitez jamais \u00e0 commenter sous les textes des autres, vous le savez bien pour vous-m\u00eame, chaque retour compte !<\/p>\n\n\n\n<p>\u00c0 chaque instant, pendant l&rsquo;atelier ou par la suite, vous gardez l&rsquo;enti\u00e8re possibilit\u00e9 de rendre vos contenus \u00abpriv\u00e9s\u00bb (ils n&rsquo;appara\u00eetront pas dans le site public) ou de les supprimer. <\/p>\n\n\n\n<p>Ne jamais h\u00e9siter \u00e0 passer par le <a href=\"https:\/\/www.facebook.com\/groups\/571548759701452\/\">groupe Facebook <\/a>en cas d&rsquo;h\u00e9sitation ou difficult\u00e9 sur les mises en ligne, il y aura toujours quelqu&rsquo;un de passage pour r\u00e9pondre ! . <\/p>\n\n\n\n<p>ATTENTION : par s\u00e9curit\u00e9, le premier de vos commentaires devra \u00eatre approuv\u00e9 par les administrateurs du site, donc petit d\u00e9lai. Ensuite pas de probl\u00e8me !<\/p>\n\n\n\n<p class=\"has-large-font-size\">ET AVERTISSEMENT <\/p>\n\n\n\n<p>Comme on est \u00e0 la fin de la page, on pr\u00e9vient pour mieux \u00e9viter : dans les commentaires comme dans les contributions, seront supprim\u00e9s par les administrateurs toute prise \u00e0 partie personnelle, ou manque de respect concernant les contributions elles-m\u00eames. Ces suppressions, effectu\u00e9es par les administrateurs sur simple demande, seront arbitraires et sans justification. <\/p>\n\n\n\n<p><\/p>\n\n\n\n<p><\/p>\n\n\n\n<p><\/p>\n","protected":false},"excerpt":{"rendered":"<p>Vous venez de rejoindre l&rsquo;atelier hebdo de Tiers Livre ? Bienvenue dans notre plateforme collective de publication. Rappel : l&rsquo;inscription, la participation aux Zooms du lundi et la lettre d&rsquo;info passent par l&rsquo;abonnement #Patreon. D\u00e8s que vous \u00eates pr\u00eat pour votre premi\u00e8re contribution, merci de nous pr\u00e9venir par un simple e-mail, et nous cr\u00e9erons aussit\u00f4t votre compte avec son login <a class=\"more-link\" href=\"https:\/\/www.tierslivre.net\/ateliers\/les-ateliers-mode-demploi\/\">Continuer la lecture<span class=\"screen-reader-text\">wordpress mode d\u2019emploi !<\/span><span class=\"meta-nav\">&rarr;<\/span><\/a><\/p>\n","protected":false},"author":1,"featured_media":0,"parent":0,"menu_order":4,"comment_status":"closed","ping_status":"closed","template":"","meta":{"h5ap_radio_sources":[],"footnotes":""},"class_list":["post-7","page","type-page","status-publish","hentry"],"_links":{"self":[{"href":"https:\/\/www.tierslivre.net\/ateliers\/wp-json\/wp\/v2\/pages\/7","targetHints":{"allow":["GET"]}}],"collection":[{"href":"https:\/\/www.tierslivre.net\/ateliers\/wp-json\/wp\/v2\/pages"}],"about":[{"href":"https:\/\/www.tierslivre.net\/ateliers\/wp-json\/wp\/v2\/types\/page"}],"author":[{"embeddable":true,"href":"https:\/\/www.tierslivre.net\/ateliers\/wp-json\/wp\/v2\/users\/1"}],"replies":[{"embeddable":true,"href":"https:\/\/www.tierslivre.net\/ateliers\/wp-json\/wp\/v2\/comments?post=7"}],"version-history":[{"count":3,"href":"https:\/\/www.tierslivre.net\/ateliers\/wp-json\/wp\/v2\/pages\/7\/revisions"}],"predecessor-version":[{"id":188219,"href":"https:\/\/www.tierslivre.net\/ateliers\/wp-json\/wp\/v2\/pages\/7\/revisions\/188219"}],"wp:attachment":[{"href":"https:\/\/www.tierslivre.net\/ateliers\/wp-json\/wp\/v2\/media?parent=7"}],"curies":[{"name":"wp","href":"https:\/\/api.w.org\/{rel}","templated":true}]}}