{"id":72532,"date":"2022-06-07T11:33:32","date_gmt":"2022-06-07T09:33:32","guid":{"rendered":"https:\/\/www.tierslivre.net\/ateliers\/?page_id=72532"},"modified":"2022-07-22T08:40:21","modified_gmt":"2022-07-22T06:40:21","slug":"40-jours-le-sommaire","status":"publish","type":"page","link":"https:\/\/www.tierslivre.net\/ateliers\/atelier-index-sommaires\/40jours\/40-jours-le-sommaire\/","title":{"rendered":"#40jours | le sommaire"},"content":{"rendered":"\n<p><strong>ici le sommaire, les infos !<\/strong><\/p>\n\n\n\n<p>Du 10 juin au 20 juillet, un exercice d&rsquo;\u00e9criture au quotidien :<\/p>\n\n\n\n<ul class=\"wp-block-list\"><li>40 | vendredi 22 juillet | <a href=\"https:\/\/www.tierslivre.net\/spip\/spip.php?article5193\">faire sa capitale, Kenneth Goldsmith<\/a> + cat\u00e9gorie <a href=\"https:\/\/www.tierslivre.net\/ateliers\/category\/40jours\/40jours-40-capitale\/\">#40-capitale<\/a><\/li><li>39 | jeudi 21 juillet | <a href=\"https:\/\/www.tierslivre.net\/spip\/spip.php?article5192\">retour enfance, Walter Benjamin<\/a> + cat\u00e9gorie <a href=\"https:\/\/www.tierslivre.net\/ateliers\/category\/40jours\/40jours-39-retour-enfance\/\">#39-enfance<\/a><\/li><li>hors-s\u00e9rie | mercredi 20 juillet | <a href=\"https:\/\/www.tierslivre.net\/spip\/spip.php?article5190\">l&rsquo;art du double<\/a> + cat\u00e9gorie <a href=\"https:\/\/www.tierslivre.net\/ateliers\/category\/40jours\/40jours-hors-serie-double\/\">#hors-serie-double<\/a><\/li><li>38 | mardi 19 juillet | <a href=\"https:\/\/www.tierslivre.net\/spip\/spip.php?article5191\">fronti\u00e8res, apr\u00e8s Perec<\/a> + cat\u00e9gorie <a href=\"https:\/\/www.tierslivre.net\/ateliers\/category\/40jours\/40jours-38-frontieres\/\">#38-frontieres<\/a><\/li><li>37 | lundi 18 juillet | <a href=\"https:\/\/www.tierslivre.net\/spip\/spip.php?article5188\">p\u00e8lerinages<\/a> + cat\u00e9gorie <a href=\"https:\/\/www.tierslivre.net\/ateliers\/category\/40jours\/40jours-37-pelerinages\/\">#37-pelerinages<\/a><\/li><li>36 |\u00a0dimanche 17 juillet |\u00a0<a href=\"https:\/\/www.tierslivre.net\/spip\/spip.php?article5189\">Novarina, Kermann, aux morts<\/a> + cat\u00e9gorie <a href=\"https:\/\/www.tierslivre.net\/ateliers\/category\/40jours\/40jours-36-aux-morts\/\">#36-aux-morts<\/a><\/li><li>35 | samedi 16 juillet | <a href=\"https:\/\/www.tierslivre.net\/spip\/spip.php?article5187\">Kafka 2, dans notre ville on b\u00e2tit continuellement<\/a> + cat\u00e9gorie <a href=\"https:\/\/www.tierslivre.net\/ateliers\/category\/40jours\/40jours-35-batir\/\">#35-batir<\/a><\/li><li>34 | vendredi 15 juillet | <a href=\"https:\/\/www.tierslivre.net\/spip\/spip.php?article5186\">Kafka 1, ce n&rsquo;\u00e9tait pas r\u00e9el<\/a> + cat\u00e9gorie <a href=\"https:\/\/www.tierslivre.net\/ateliers\/category\/40jours\/40jours-34-ce-netait-pas-reel\/\">#34-ce-netait-pas-reel<\/a><\/li><li>33 |\u00a0mercredi 13 juillet | <a href=\"https:\/\/www.tierslivre.net\/spip\/spip.php?article5185\">la ville, inqui\u00e9tude, effroi<\/a> + cat\u00e9gorie <a href=\"https:\/\/www.tierslivre.net\/ateliers\/category\/40jours\/40jours-33-inquietude-effroi\/\">#33-inquietude-effroi<\/a><\/li><li>32 | mardi 12 juillet | <a href=\"https:\/\/www.tierslivre.net\/spip\/spip.php?article5184\">la villle, biblioth\u00e8que int\u00e9rieure<\/a> + cat\u00e9gorie <a href=\"https:\/\/www.tierslivre.net\/ateliers\/category\/40jours\/40jours-32-bibliotheque\/\">#32-bibliotheque<\/a><\/li><li>31 | lundi 11 juillet | l<a href=\"https:\/\/www.tierslivre.net\/spip\/spip.php?article5183\">a ville, film muet et invent\u00e9<\/a> + cat\u00e9gorie <a href=\"https:\/\/www.tierslivre.net\/ateliers\/category\/40jours\/40jours-31-film-muet\/\">#31-film-muet<\/a><\/li><li>30 |\u00a0dimanche 10 juillet | <a href=\"https:\/\/www.tierslivre.net\/spip\/spip.php?article5182\">roman, fractionnement et expansion<\/a> + cat\u00e9gorie <a href=\"https:\/\/www.tierslivre.net\/ateliers\/category\/40jours\/40jours-30-eclatement\/\">#30-eclatement<\/a><\/li><li>29 | samedi 9 juillet | <a href=\"https:\/\/www.tierslivre.net\/spip\/spip.php?article5181\">langage et catalogue de la vie mutil\u00e9e<\/a> + cat\u00e9gorie <a href=\"https:\/\/www.tierslivre.net\/ateliers\/category\/40jours\/40jours-29-catalogue\/\">#29-catalogue<\/a><\/li><li>28 | vendredi 8 juillet | <a href=\"https:\/\/www.tierslivre.net\/spip\/spip.php?article5180\">Emmanuel Pireyre s&rsquo;ach\u00e8te un pull<\/a> + cat\u00e9gorie <a href=\"https:\/\/www.tierslivre.net\/ateliers\/category\/40jours\/40jours-28-acheter\/\">#28-acheter<\/a><\/li><li>27 | jeudi 7 juillet | <a href=\"https:\/\/www.tierslivre.net\/spip\/spip.php?article5179\">Nathalie Sarraute, fatiguer la question<\/a> + cat\u00e9gorie <a href=\"https:\/\/www.tierslivre.net\/ateliers\/category\/40jours\/40jours-27-questions\/\">#27-questions<\/a><\/li><li>26 | mercredi 6 juillet | <a href=\"https:\/\/www.patreon.com\/posts\/68742221\">Perec et l&rsquo;histoire du tueur de mots<\/a> + cat\u00e9gorie <a href=\"https:\/\/www.tierslivre.net\/ateliers\/category\/40jours\/40jours-26-histoire\/\">#26-histoire<\/a><\/li><li>25 |\u00a0mardi 5 juillet | <a href=\"https:\/\/www.tierslivre.net\/spip\/spip.php?article5177\">le visiteur du lendemain<\/a> + cat\u00e9gorie <a href=\"https:\/\/www.tierslivre.net\/ateliers\/category\/40jours\/40jours-25-serralongue\/\">#25-serralongue<\/a><\/li><li>24 | lundi 4 juillet | <a href=\"https:\/\/www.tierslivre.net\/spip\/spip.php?article5176\">la donn\u00e9e mode de visualisation du r\u00e9el<\/a> + cat\u00e9gorie <a href=\"https:\/\/www.tierslivre.net\/ateliers\/category\/40jours\/40jours-24-data\/\">#24-data<\/a><\/li><li>21bis | dimanche 3 juillet | <a href=\"https:\/\/www.youtube.com\/watch?v=nyaR3INLylw\">action par le livre<\/a> + cat\u00e9gorie <a href=\"https:\/\/www.tierslivre.net\/ateliers\/category\/40jours\/40jours-21bis-le-livre\/\">#21bis-le-livre<\/a><\/li><li>23 | samedi 2 juillet |\u00a0<a href=\"https:\/\/www.tierslivre.net\/spip\/spip.php?article5173\">quand Zbignew s&rsquo;en va tout droit<\/a> + cat\u00e9gorie <a href=\"https:\/\/www.tierslivre.net\/ateliers\/category\/40jours\/40-jours-23-tout-droit\/\">#23-tout-droit<\/a><\/li><li>22 |\u00a0vendredi 1er juillet | <a href=\"https:\/\/www.tierslivre.net\/spip\/spip.php?article5172\">Tishe ! o\u00f9 le temps tremble le vrai<\/a> + cat\u00e9gorie <a href=\"https:\/\/www.tierslivre.net\/ateliers\/category\/40jours\/40jours-22-tishe\/\">#22-tishe<\/a><\/li><li>21 | jeudi 30 juin | <a href=\"https:\/\/www.tierslivre.net\/spip\/spip.php?article5174\">agir sur le r\u00e9el pour changer le r\u00e9cit<\/a> + cat\u00e9gorie <a href=\"https:\/\/www.tierslivre.net\/ateliers\/category\/40jours\/40jours-21-agir\/\">#21-agir<\/a><\/li><li>20 | mercredi 29 juin | <a href=\"https:\/\/www.tierslivre.net\/spip\/spip.php?article5171\">donne (un au-revoir Tarkos)<\/a> + cat\u00e9gorie <a href=\"https:\/\/www.tierslivre.net\/ateliers\/category\/40jours\/40jours-20-donne\/\">#20-donne<\/a><\/li><li>19 | mardi 28 juin | <a href=\"https:\/\/www.tierslivre.net\/spip\/spip.php?article5170\">l\u00e0 pour attendre, Beckett aussi<\/a> + cat\u00e9gorie <a href=\"https:\/\/www.tierslivre.net\/ateliers\/category\/40jours\/40jours-19-attendre\/\">#19-attendre<\/a><\/li><li>18 | lundi 27 juin | <a href=\"https:\/\/www.tierslivre.net\/spip\/spip.php?article5169\">rentrer chez soi, avec Jean Rolin<\/a> + cat\u00e9gorie <a href=\"https:\/\/www.tierslivre.net\/ateliers\/category\/40jours\/40jours-18-rentrer\/\">#18-rentrer<\/a><\/li><li>17 | dimanche 26 juin | <a href=\"https:\/\/www.tierslivre.net\/spip\/spip.php?article5168\">Fabienne Swiatly, elles au service<\/a> + cat\u00e9gorie <a href=\"https:\/\/www.tierslivre.net\/ateliers\/category\/40jours\/40jours-17-elles\/\">#17-elles<\/a><\/li><li>16 | samedi 25 juin | <a href=\"https:\/\/www.youtube.com\/watch?v=mARBgBpdPvo\">C\u00e9cile Wajsbrot, si j&rsquo;\u00e9crivais non<\/a> + cat\u00e9gorie <a href=\"https:\/\/www.tierslivre.net\/ateliers\/category\/40jours\/40jours-16-ecrire\/\">#16-wajsbrot<\/a><\/li><li>15 | vendredi 24 juin | <a href=\"https:\/\/www.tierslivre.net\/spip\/spip.php?article5166\">Tarkos, c&rsquo;est quoi<\/a> + cat\u00e9gorie <a href=\"https:\/\/www.tierslivre.net\/ateliers\/category\/40jours\/40jours-15-quoi\/\">#15-quoi<\/a><\/li><li>#14bis | vendredi 24 juin | <a href=\"https:\/\/www.youtube.com\/watch?v=2_lSDFbWPv4\">Tarkos, Oratorio<\/a> + cat\u00e9gorie <a href=\"https:\/\/www.tierslivre.net\/ateliers\/category\/40jours\/40jours-14bis-oratorio\/\">#14bis-oratorio<\/a><\/li><li>#14 | jeudi 23 juin | <a href=\"https:\/\/www.tierslivre.net\/spip\/spip.php?article5165\">Tarkos #3, trousseau de cl\u00e9s<\/a> + cat\u00e9gorie <a href=\"https:\/\/www.tierslivre.net\/ateliers\/category\/40jours\/40jours-14-papiers\/\">#14-papiers<\/a><\/li><li>#13 | mercredi 22 juin | <a href=\"https:\/\/www.tierslivre.net\/spip\/spip.php?article5163\">Tarkos #2, d&rsquo;une couleu<\/a>r + cat\u00e9gorie <a href=\"https:\/\/www.tierslivre.net\/ateliers\/category\/40jours\/40jours-13-couleur\/\">#13-couleur <\/a><\/li><li>#12 | mardi 21 juin | <a href=\"https:\/\/www.tierslivre.net\/spip\/spip.php?article5162\">Tarkos #1, disjoindre la ville<\/a> + cat\u00e9gorie <a href=\"https:\/\/www.tierslivre.net\/ateliers\/category\/40jours\/12-disjoindre-la-ville\/\">#12-disjoindre-la-ville<\/a><\/li><li>#11 | lundi 20 juin | <a href=\"https:\/\/www.tierslivre.net\/spip\/spip.php?article5164\">explorateurs perdus<\/a> + cat\u00e9gorie <a href=\"https:\/\/www.tierslivre.net\/ateliers\/category\/40jours\/40jours-11-perdu\/\">#11-perdu<\/a><\/li><li>#10 | dimanche 19 juin\u00a0| <a href=\"https:\/\/www.tierslivre.net\/spip\/spip.php?article5161\">du peu de souvenir<\/a> + cat\u00e9gorie <a href=\"https:\/\/www.tierslivre.net\/ateliers\/category\/40jours\/40jours-10-peu-de-souvenir\/\">#10-peu-de-souvenir<\/a><\/li><li>#09 | samedi 18 juin | <a href=\"https:\/\/www.tierslivre.net\/spip\/spip.php?article5160\">portraits arrach\u00e9s \u00e0 la ville-flux<\/a> + cat\u00e9gorie <a href=\"https:\/\/www.tierslivre.net\/ateliers\/category\/40jours\/40jours-09-portraits-arraches\/\" data-type=\"URL\" data-id=\"https:\/\/www.tierslivre.net\/ateliers\/category\/40jours\/40jours-09-portraits-arraches\/\">#09-portraits-arraches<\/a><\/li><li>#08 | vendredi 17 juin | <a href=\"https:\/\/www.patreon.com\/posts\/67903827\">R\u00e9gine Robin protocole terminus<\/a> + cat\u00e9gorie <a href=\"https:\/\/www.tierslivre.net\/ateliers\/category\/40jours\/40jours-08-terminus\/\">#08-terminus<\/a><\/li><li>#07 | jeudi 16 juin | <a href=\"https:\/\/www.tierslivre.net\/spip\/spip.php?article5158\">descendre, descendre et descendre<\/a> + cat\u00e9gorie <a href=\"https:\/\/www.tierslivre.net\/ateliers\/category\/40jours\/40jours-07-descendre\/\">#07-descendre<\/a><\/li><li>#06 | mercredi 15 juin | <a href=\"https:\/\/www.tierslivre.net\/spip\/spip.php?article5157\">plans, guides et cartes <\/a>+ <a href=\"https:\/\/www.tierslivre.net\/ateliers\/category\/40jours\/40jours-06-cartes\/\">cat\u00e9gorie #06-cartes<\/a><\/li><li>#05 | mardi 14 juin | <a href=\"https:\/\/www.tierslivre.net\/spip\/spip.php?article5156\">cam\u00e9ra tournante<\/a> + cat\u00e9gorie <a href=\"https:\/\/www.tierslivre.net\/ateliers\/category\/40jours\/40jours-05-camera-tournante\/\">#05-camera-tournante<\/a><\/li><li> #04 | lundi 13 juin | <a href=\"https:\/\/www.tierslivre.net\/spip\/spip.php?article5155\">sols glissants<\/a> + cat\u00e9gorie <a href=\"https:\/\/www.tierslivre.net\/ateliers\/category\/40jours\/40jours-04-sols-glissants\/\">#04-sols-glissants<\/a><\/li><li> #03 | dimanche 12 juin |\u00a0<a href=\"https:\/\/www.tierslivre.net\/spip\/spip.php?article5154\">parking P\u00e9guy trois fois<\/a> + cat\u00e9gorie <a href=\"https:\/\/www.tierslivre.net\/ateliers\/category\/40jours\/40jours-03-parking-peguy\/\">#03-parking-peguy<\/a><\/li><li> #02 | samedi 11 juin | <a href=\"https:\/\/www.tierslivre.net\/ateliers\/author\/clarencem\/\">la fa\u00e7ade enlev\u00e9e<\/a> + <a href=\"https:\/\/www.tierslivre.net\/ateliers\/category\/40jours\/40jours-02-facades\/\">cat\u00e9gorie #02-facades<\/a><\/li><li> #01 | vendredi 10 juin | <a href=\"https:\/\/www.tierslivre.net\/spip\/spip.php?article5152\">zoom arri\u00e8re<\/a> + <a href=\"https:\/\/www.tierslivre.net\/ateliers\/category\/40jours\/40jours-01-zoom-arriere\/\">cat\u00e9gorie #01-zoom-arriere<\/a><\/li><li> #00 | dimanche 5 juin | <a href=\"https:\/\/www.tierslivre.net\/spip\/spip.php?article5151\">prologue : du cach\u00e9 et du singulier<\/a> + <a href=\"https:\/\/www.tierslivre.net\/ateliers\/category\/40jours\/40jours-00-prologue\/\">cat\u00e9gorie #40jours-00<\/a><\/li><\/ul>\n\n\n\n<p><\/p>\n\n\n\n<blockquote class=\"wp-block-quote is-layout-flow wp-block-quote-is-layout-flow\"><p>Et ne pas h\u00e9siter s&rsquo;inscrire \u00e0 tout moment, vous prenez le train en marche et vous rattraperez \u00e0 volont\u00e9 les exercices pr\u00e9c\u00e9dents : <\/p><p>\u2022 inscription via <a href=\"https:\/\/www.patreon.com\/francoisbon\">le Patreon niveau 3<\/a>, ou via <a href=\"https:\/\/www.librairie-tiers-livre.store\/collectifs\/les-40-jours-dfi-criture-au-quotidien-40-fois-la-ville\">la librairie du site<\/a><\/p><p>\u2022 le <a href=\"https:\/\/www.tierslivre.net\/spip\/spip.php?article5150\">sommaire g\u00e9n\u00e9ral de la s\u00e9rie #40jours<\/a> sur Tiers Livre<\/p><p><\/p><p>\u2022 pour les abonn\u00e9s Patreon (niveau atelier) : si pour vous c&rsquo;est plus simple de recevoir lettre quotidienne avec pi\u00e8ces jointes, merci de le signaler par mail ! <\/p><\/blockquote>\n","protected":false},"excerpt":{"rendered":"<p>ici le sommaire, les infos ! Du 10 juin au 20 juillet, un exercice d&rsquo;\u00e9criture au quotidien : 40 | vendredi 22 juillet | faire sa capitale, Kenneth Goldsmith + cat\u00e9gorie #40-capitale 39 | jeudi 21 juillet | retour enfance, Walter Benjamin + cat\u00e9gorie #39-enfance hors-s\u00e9rie | mercredi 20 juillet | l&rsquo;art du double + cat\u00e9gorie #hors-serie-double 38 | mardi <a class=\"more-link\" href=\"https:\/\/www.tierslivre.net\/ateliers\/atelier-index-sommaires\/40jours\/40-jours-le-sommaire\/\">Continuer la lecture<span class=\"screen-reader-text\">#40jours | le sommaire<\/span><span class=\"meta-nav\">&rarr;<\/span><\/a><\/p>\n","protected":false},"author":1,"featured_media":0,"parent":72361,"menu_order":0,"comment_status":"closed","ping_status":"closed","template":"","meta":{"h5ap_radio_sources":[],"footnotes":""},"class_list":["post-72532","page","type-page","status-publish","hentry"],"_links":{"self":[{"href":"https:\/\/www.tierslivre.net\/ateliers\/wp-json\/wp\/v2\/pages\/72532","targetHints":{"allow":["GET"]}}],"collection":[{"href":"https:\/\/www.tierslivre.net\/ateliers\/wp-json\/wp\/v2\/pages"}],"about":[{"href":"https:\/\/www.tierslivre.net\/ateliers\/wp-json\/wp\/v2\/types\/page"}],"author":[{"embeddable":true,"href":"https:\/\/www.tierslivre.net\/ateliers\/wp-json\/wp\/v2\/users\/1"}],"replies":[{"embeddable":true,"href":"https:\/\/www.tierslivre.net\/ateliers\/wp-json\/wp\/v2\/comments?post=72532"}],"version-history":[{"count":3,"href":"https:\/\/www.tierslivre.net\/ateliers\/wp-json\/wp\/v2\/pages\/72532\/revisions"}],"predecessor-version":[{"id":89437,"href":"https:\/\/www.tierslivre.net\/ateliers\/wp-json\/wp\/v2\/pages\/72532\/revisions\/89437"}],"up":[{"embeddable":true,"href":"https:\/\/www.tierslivre.net\/ateliers\/wp-json\/wp\/v2\/pages\/72361"}],"wp:attachment":[{"href":"https:\/\/www.tierslivre.net\/ateliers\/wp-json\/wp\/v2\/media?parent=72532"}],"curies":[{"name":"wp","href":"https:\/\/api.w.org\/{rel}","templated":true}]}}