{"id":72534,"date":"2022-06-07T11:43:45","date_gmt":"2022-06-07T09:43:45","guid":{"rendered":"https:\/\/www.tierslivre.net\/ateliers\/?page_id=72534"},"modified":"2023-11-06T16:03:00","modified_gmt":"2023-11-06T15:03:00","slug":"40-jours-les-auteurs","status":"publish","type":"page","link":"https:\/\/www.tierslivre.net\/ateliers\/atelier-index-sommaires\/40jours\/40-jours-les-auteurs\/","title":{"rendered":"#40jours | les auteurs"},"content":{"rendered":"\n<p>Rappel : la plateforme de publication WordPress de Tiers Livre est ouverte \u00e0 tou\u00b7te\u00b7s les abonn\u00e9\u00b7e\u00b7s aux cycles atelier. Si vous n&rsquo;avez pas encore d&rsquo;acc\u00e8s, nous le signaler par message Patreon ou mail. L&rsquo;ajout \u00e0 l&rsquo;index auteurs se fait d\u00e8s votre premi\u00e8re mise en ligne !<\/p>\n\n\n\n<ul class=\"wp-block-list\">\n<li><strong>A<\/strong><\/li>\n\n\n\n<li><a href=\"https:\/\/www.tierslivre.net\/ateliers\/author\/eayache\/\">Elsa A. (EA)<\/a><\/li>\n\n\n\n<li><a href=\"https:\/\/www.tierslivre.net\/ateliers\/author\/halbernhe\/\">Huguette Albernhe<\/a><\/li>\n\n\n\n<li><a href=\"https:\/\/www.tierslivre.net\/ateliers\/author\/rebecca-armstrong\/\">Rebecca Armstrong<\/a><\/li>\n\n\n\n<li><strong>B<\/strong><\/li>\n\n\n\n<li><a href=\"https:\/\/www.tierslivre.net\/ateliers\/author\/ibaldacchino\/\">Isabelle Baldacchino<\/a><\/li>\n\n\n\n<li><a href=\"https:\/\/www.tierslivre.net\/ateliers\/author\/hvbarroso\/\">Helena Barroso<\/a><\/li>\n\n\n\n<li><a href=\"https:\/\/www.tierslivre.net\/ateliers\/author\/graciabp\/\">Gracia Bejjani<\/a><\/li>\n\n\n\n<li><a href=\"https:\/\/www.tierslivre.net\/ateliers\/author\/filberger\/\">Fil Berger<\/a><\/li>\n\n\n\n<li><a href=\"https:\/\/www.tierslivre.net\/ateliers\/author\/celineb\/\">C\u00e9line Bernard<\/a><\/li>\n\n\n\n<li><a href=\"https:\/\/www.tierslivre.net\/ateliers\/author\/romainbv\/\">Romain Bert-Varlez<\/a><\/li>\n\n\n\n<li><a href=\"https:\/\/www.tierslivre.net\/ateliers\/author\/pblanchon\/\">Patrick Blanchon<\/a><\/li>\n\n\n\n<li><a href=\"https:\/\/www.tierslivre.net\/ateliers\/author\/bereniceb\/\">B\u00e9r\u00e9nice Bon<\/a><\/li>\n\n\n\n<li><a href=\"https:\/\/www.tierslivre.net\/ateliers\/author\/ateliers\/\">Fran\u00e7ois Bon<\/a><\/li>\n\n\n\n<li><a href=\"https:\/\/www.tierslivre.net\/ateliers\/author\/cbouillot\/\">C\u00e9cile Bouillot<\/a><\/li>\n\n\n\n<li><a href=\"https:\/\/www.tierslivre.net\/ateliers\/author\/mguenon\/\">Muriel Boussarie<\/a><\/li>\n\n\n\n<li><a href=\"https:\/\/www.tierslivre.net\/ateliers\/author\/camillec\/\">Camille C. Br\u00e9chaire<\/a><\/li>\n\n\n\n<li><a href=\"https:\/\/www.tierslivre.net\/ateliers\/author\/fbreton\/\">Fran\u00e7oise Breton<\/a><\/li>\n\n\n\n<li><strong>C<\/strong><\/li>\n\n\n\n<li><a href=\"https:\/\/www.tierslivre.net\/ateliers\/author\/jeromece\/\">J\u00e9r\u00f4me C\u00e9<\/a><\/li>\n\n\n\n<li><a href=\"https:\/\/www.tierslivre.net\/ateliers\/author\/pierodebelleville\/\">Piero Cohen Hadria<\/a><\/li>\n\n\n\n<li><a href=\"https:\/\/www.tierslivre.net\/ateliers\/author\/jluc-chovelon\/\">Jean-Luc Chovelon<\/a><\/li>\n\n\n\n<li><a href=\"https:\/\/www.tierslivre.net\/ateliers\/author\/ecordoliani\/\">Emmanuelle Cordoliani<\/a><\/li>\n\n\n\n<li><a href=\"https:\/\/www.tierslivre.net\/ateliers\/author\/jcortese\/\">Juliette Cortese<\/a><\/li>\n\n\n\n<li><a href=\"https:\/\/www.tierslivre.net\/ateliers\/author\/ecourtieu\/\">Emmanuel Courtieu<\/a><\/li>\n\n\n\n<li><strong>D<\/strong><\/li>\n\n\n\n<li><a href=\"https:\/\/www.tierslivre.net\/ateliers\/author\/adejardin\/\">Anne Dejardin<\/a><\/li>\n\n\n\n<li><a href=\"https:\/\/www.tierslivre.net\/ateliers\/author\/cdeligny\/\">Christiane Deligny<\/a><\/li>\n\n\n\n<li><a href=\"https:\/\/www.tierslivre.net\/ateliers\/author\/edellas\/\">Elvire Dellas<\/a><\/li>\n\n\n\n<li><a href=\"https:\/\/www.tierslivre.net\/ateliers\/author\/jderimay\/\">Juliette Derimay<\/a><\/li>\n\n\n\n<li><a href=\"https:\/\/www.tierslivre.net\/ateliers\/author\/gdestruhaut\/\">Ghislaine Destruhaut<\/a><\/li>\n\n\n\n<li><a href=\"https:\/\/www.tierslivre.net\/ateliers\/author\/aliced\/\">Alice Diaz<\/a><\/li>\n\n\n\n<li><a href=\"https:\/\/www.tierslivre.net\/ateliers\/author\/carolinediaz\/\">Caroline Diaz<\/a><\/li>\n\n\n\n<li><a href=\"https:\/\/www.tierslivre.net\/ateliers\/author\/pmenard\/\">Philippe Diaz<\/a><\/li>\n\n\n\n<li><a href=\"https:\/\/www.tierslivre.net\/ateliers\/author\/l-diez\/\">Lisa Diez<\/a><\/li>\n\n\n\n<li><a href=\"https:\/\/www.tierslivre.net\/ateliers\/author\/ldondi\/\">Laura Dondi<\/a><\/li>\n\n\n\n<li><a href=\"https:\/\/www.tierslivre.net\/ateliers\/author\/claudine-dozoul\/\">Claudine Dozoul<\/a><\/li>\n\n\n\n<li><a href=\"https:\/\/www.tierslivre.net\/ateliers\/author\/ldipietro\/\">Line DP<\/a><\/li>\n\n\n\n<li><a href=\"https:\/\/www.tierslivre.net\/ateliers\/author\/bernardd\/\">Bernard Dudoignon<\/a><\/li>\n\n\n\n<li><strong>E<\/strong><\/li>\n\n\n\n<li><a href=\"https:\/\/www.tierslivre.net\/ateliers\/author\/ceschenbrenner\/\">Christine Eschenbrenner<\/a><\/li>\n\n\n\n<li><a href=\"https:\/\/www.tierslivre.net\/ateliers\/author\/neuzen\/\">Nolwenn Euzen<\/a><\/li>\n\n\n\n<li><strong>F<\/strong><\/li>\n\n\n\n<li><a href=\"https:\/\/www.tierslivre.net\/ateliers\/author\/bfc020751\/\">Brigitte F.<\/a><\/li>\n\n\n\n<li><a href=\"https:\/\/www.tierslivre.net\/ateliers\/author\/gflaven\/\">Genevi\u00e8ve Flaven<\/a><\/li>\n\n\n\n<li><a href=\"https:\/\/www.tierslivre.net\/ateliers\/author\/vfrancey\/\">Vincent Francey<\/a><\/li>\n\n\n\n<li><strong>G<\/strong><\/li>\n\n\n\n<li><a href=\"https:\/\/www.tierslivre.net\/ateliers\/author\/menilorac\/\">Marie-Caroline Gallot<\/a><\/li>\n\n\n\n<li><a href=\"https:\/\/www.tierslivre.net\/ateliers\/author\/ireneg\/\">Ir\u00e8ne Garmendia<\/a><\/li>\n\n\n\n<li><a href=\"https:\/\/www.tierslivre.net\/ateliers\/author\/xgeorgin\/\">Xavier Georgin<\/a><\/li>\n\n\n\n<li><a href=\"https:\/\/www.tierslivre.net\/ateliers\/author\/dgodardlivet\/\">Dani\u00e8le Godard-Livet<\/a><\/li>\n\n\n\n<li><a href=\"https:\/\/www.tierslivre.net\/ateliers\/author\/h.gosselin\/\">H\u00e9l\u00e8ne Gosselin<\/a><\/li>\n\n\n\n<li><a href=\"https:\/\/www.tierslivre.net\/ateliers\/author\/jmgraas\/\">Jean-Marie Graas<\/a><\/li>\n\n\n\n<li><a href=\"https:\/\/www.tierslivre.net\/ateliers\/author\/sophie-grail\/\">Sophie Grail<\/a><\/li>\n\n\n\n<li><strong>H<\/strong><\/li>\n\n\n\n<li><a href=\"https:\/\/www.tierslivre.net\/ateliers\/author\/morgannm\/\">James Hardy<\/a><\/li>\n\n\n\n<li><a href=\"https:\/\/www.tierslivre.net\/ateliers\/author\/jndrix\/\">Jen Hendrycks<\/a><\/li>\n\n\n\n<li><a href=\"https:\/\/www.tierslivre.net\/ateliers\/author\/shertig\/\">Sandrine Hertig<\/a><\/li>\n\n\n\n<li><a href=\"https:\/\/www.tierslivre.net\/ateliers\/author\/veroh\/\">V\u00e9ronique Hilly<\/a><\/li>\n\n\n\n<li><a href=\"https:\/\/www.tierslivre.net\/ateliers\/author\/nholt\/\">Nathalie Holt<\/a><\/li>\n\n\n\n<li><a href=\"https:\/\/www.tierslivre.net\/ateliers\/author\/elise-hl\/\">\u00c9lise Hugueny-L\u00e9ger<\/a><\/li>\n\n\n\n<li><a href=\"https:\/\/www.tierslivre.net\/ateliers\/author\/laure-humbel\/\">Laure Humbel<\/a><\/li>\n\n\n\n<li><a href=\"https:\/\/www.tierslivre.net\/ateliers\/author\/shutin\/\">Sophie Hutin<\/a><\/li>\n\n\n\n<li><strong>J<\/strong><\/li>\n\n\n\n<li><a href=\"https:\/\/www.tierslivre.net\/ateliers\/author\/julideb\/\">Julid\u00e9<\/a><\/li>\n\n\n\n<li><strong>K<\/strong><\/li>\n\n\n\n<li><a href=\"https:\/\/www.tierslivre.net\/ateliers\/author\/gabykast\/\">Gaby Kast<\/a><\/li>\n\n\n\n<li><a href=\"https:\/\/www.tierslivre.net\/ateliers\/author\/jkeating\/\">Juliette Keating<\/a><\/li>\n\n\n\n<li><a href=\"https:\/\/www.tierslivre.net\/ateliers\/author\/yasminak\/\">Yasmina Khaznawi<\/a><\/li>\n\n\n\n<li><a href=\"https:\/\/www.tierslivre.net\/ateliers\/author\/ckoeckx\/\">Catherine Koeckx<\/a><\/li>\n\n\n\n<li><strong>L<\/strong><\/li>\n\n\n\n<li><a href=\"https:\/\/www.tierslivre.net\/ateliers\/author\/alabayle\/\">Aur\u00e9lia Labayle<\/a><\/li>\n\n\n\n<li><a href=\"https:\/\/www.tierslivre.net\/ateliers\/author\/pliotard\/\">Philippe Liotard<\/a><\/li>\n\n\n\n<li><strong>M<\/strong><\/li>\n\n\n\n<li><a href=\"https:\/\/www.tierslivre.net\/ateliers\/author\/emiliem\/\">\u00c9milie Marot<\/a><\/li>\n\n\n\n<li><a href=\"https:\/\/www.tierslivre.net\/ateliers\/author\/clarencem\/\">Clarence Massiani<\/a><\/li>\n\n\n\n<li><a href=\"https:\/\/www.tierslivre.net\/ateliers\/author\/dmasson\/\">Dani\u00e8le Masson<\/a><\/li>\n\n\n\n<li><a href=\"https:\/\/www.tierslivre.net\/ateliers\/author\/tristanmat\/\">Tristan Mat<\/a><\/li>\n\n\n\n<li><a href=\"https:\/\/www.tierslivre.net\/ateliers\/author\/Nathalie_Mo\/\">Nathalie Moine<\/a><\/li>\n\n\n\n<li><a href=\"https:\/\/www.tierslivre.net\/ateliers\/author\/amonrouzeau\/\">Alexia Monrouzeau<\/a><\/li>\n\n\n\n<li><a href=\"https:\/\/www.tierslivre.net\/ateliers\/author\/mariemoscardini\/\">Marie Moscardini<\/a><\/li>\n\n\n\n<li><strong>P<\/strong><\/li>\n\n\n\n<li><a href=\"https:\/\/www.tierslivre.net\/ateliers\/author\/upandolfi\/\">Ugo Pandolfi<\/a><\/li>\n\n\n\n<li><a href=\"https:\/\/www.tierslivre.net\/ateliers\/author\/mtpeyrin\/\">Marie-Th\u00e9r\u00e8se Peyrin<\/a><\/li>\n\n\n\n<li><a href=\"https:\/\/www.tierslivre.net\/ateliers\/author\/lpeyronnet\/\">Laurent Peyronnet<\/a><\/li>\n\n\n\n<li><a href=\"https:\/\/www.tierslivre.net\/ateliers\/author\/cathplee\/\">Catherine Pl\u00e9e<\/a><\/li>\n\n\n\n<li><a href=\"https:\/\/www.tierslivre.net\/ateliers\/author\/annapp\/\">Anna Proto Pisani<\/a><\/li>\n\n\n\n<li><strong>Q<\/strong><\/li>\n\n\n\n<li><a href=\"https:\/\/www.tierslivre.net\/ateliers\/author\/gqueyrel\/\">G\u00e9raldine Queyrel<\/a><\/li>\n\n\n\n<li><strong>R<\/strong><\/li>\n\n\n\n<li><a href=\"https:\/\/www.tierslivre.net\/ateliers\/author\/frenaud\/\">Fran\u00e7oise Renaud<\/a><\/li>\n\n\n\n<li><strong>S<\/strong><\/li>\n\n\n\n<li><a href=\"https:\/\/www.tierslivre.net\/ateliers\/author\/berangeres\/\">B\u00e9rang\u00e8re Sabatier<\/a><\/li>\n\n\n\n<li><a href=\"https:\/\/www.tierslivre.net\/ateliers\/author\/psablonnieres\/\">Pascale Sablonni\u00e8res<\/a><\/li>\n\n\n\n<li><a href=\"https:\/\/www.tierslivre.net\/ateliers\/author\/psahuc\/\">Philippe Sahuc Sa\u00fcc<\/a><\/li>\n\n\n\n<li><a href=\"https:\/\/www.tierslivre.net\/ateliers\/author\/oscelo\/\">Olivia Sc\u00e9lo<\/a><\/li>\n\n\n\n<li><a href=\"https:\/\/www.tierslivre.net\/ateliers\/author\/michael-saludo\/\">Michael Saludo<\/a><\/li>\n\n\n\n<li><a href=\"https:\/\/www.tierslivre.net\/ateliers\/author\/fsavarit\/\">Fabienne Savarit<\/a><\/li>\n\n\n\n<li><a href=\"https:\/\/www.tierslivre.net\/ateliers\/author\/sserpette\/\">Sylvie Serpette<\/a><\/li>\n\n\n\n<li><a href=\"https:\/\/www.tierslivre.net\/ateliers\/author\/cserre\/\">Catherine Serre<\/a><\/li>\n\n\n\n<li><a href=\"https:\/\/www.tierslivre.net\/ateliers\/author\/ysoboy\/\">Yan St-Onge<\/a><\/li>\n\n\n\n<li><a href=\"https:\/\/www.tierslivre.net\/ateliers\/author\/laurent-stratos\/\">Laurent Stratos<\/a><\/li>\n\n\n\n<li><strong>T<\/strong><\/li>\n\n\n\n<li><a href=\"https:\/\/www.tierslivre.net\/ateliers\/author\/marion\/\">Marion T.<\/a><\/li>\n\n\n\n<li><a href=\"https:\/\/www.tierslivre.net\/ateliers\/author\/gregoryt\/\">Gr\u00e9gory Tilleul<\/a><\/li>\n\n\n\n<li><a href=\"https:\/\/www.tierslivre.net\/ateliers\/author\/lea-toto\/\">L\u00e9a Toto<\/a><\/li>\n\n\n\n<li><a href=\"https:\/\/www.tierslivre.net\/ateliers\/author\/mtournier\/\">Mil\u00e8ne Tournier<\/a><\/li>\n\n\n\n<li><a href=\"https:\/\/www.tierslivre.net\/ateliers\/author\/marietutello\/\">Marie Tutello<\/a><\/li>\n\n\n\n<li><strong>V<\/strong><\/li>\n\n\n\n<li><a href=\"https:\/\/www.tierslivre.net\/ateliers\/author\/svissac\/\">Solange Vissac<\/a><\/li>\n\n\n\n<li><strong>Y<\/strong><\/li>\n\n\n\n<li><a href=\"https:\/\/www.tierslivre.net\/ateliers\/author\/lgormit\/\">Lamya Ygarmaten (Lamia Gormit)<\/a><\/li>\n\n\n\n<li><strong>W<\/strong><\/li>\n\n\n\n<li><a href=\"https:\/\/www.tierslivre.net\/ateliers\/author\/swambeke\/\">Simone Wambeke<\/a><\/li>\n\n\n\n<li><a href=\"https:\/\/www.tierslivre.net\/ateliers\/author\/wpaille\/\">Will<\/a><\/li>\n<\/ul>\n","protected":false},"excerpt":{"rendered":"<p>Rappel : la plateforme de publication WordPress de Tiers Livre est ouverte \u00e0 tou\u00b7te\u00b7s les abonn\u00e9\u00b7e\u00b7s aux cycles atelier. Si vous n&rsquo;avez pas encore d&rsquo;acc\u00e8s, nous le signaler par message Patreon ou mail. L&rsquo;ajout \u00e0 l&rsquo;index auteurs se fait d\u00e8s votre premi\u00e8re mise en ligne !<\/p>\n","protected":false},"author":1,"featured_media":0,"parent":72361,"menu_order":0,"comment_status":"closed","ping_status":"closed","template":"","meta":{"h5ap_radio_sources":[],"footnotes":""},"class_list":["post-72534","page","type-page","status-publish","hentry"],"_links":{"self":[{"href":"https:\/\/www.tierslivre.net\/ateliers\/wp-json\/wp\/v2\/pages\/72534","targetHints":{"allow":["GET"]}}],"collection":[{"href":"https:\/\/www.tierslivre.net\/ateliers\/wp-json\/wp\/v2\/pages"}],"about":[{"href":"https:\/\/www.tierslivre.net\/ateliers\/wp-json\/wp\/v2\/types\/page"}],"author":[{"embeddable":true,"href":"https:\/\/www.tierslivre.net\/ateliers\/wp-json\/wp\/v2\/users\/1"}],"replies":[{"embeddable":true,"href":"https:\/\/www.tierslivre.net\/ateliers\/wp-json\/wp\/v2\/comments?post=72534"}],"version-history":[{"count":3,"href":"https:\/\/www.tierslivre.net\/ateliers\/wp-json\/wp\/v2\/pages\/72534\/revisions"}],"predecessor-version":[{"id":139725,"href":"https:\/\/www.tierslivre.net\/ateliers\/wp-json\/wp\/v2\/pages\/72534\/revisions\/139725"}],"up":[{"embeddable":true,"href":"https:\/\/www.tierslivre.net\/ateliers\/wp-json\/wp\/v2\/pages\/72361"}],"wp:attachment":[{"href":"https:\/\/www.tierslivre.net\/ateliers\/wp-json\/wp\/v2\/media?parent=72534"}],"curies":[{"name":"wp","href":"https:\/\/api.w.org\/{rel}","templated":true}]}}