{"id":91328,"date":"2022-09-02T17:48:58","date_gmt":"2022-09-02T15:48:58","guid":{"rendered":"https:\/\/www.tierslivre.net\/ateliers\/?page_id=91328"},"modified":"2022-09-28T11:56:38","modified_gmt":"2022-09-28T09:56:38","slug":"photofictions-les-autrices%c2%b7auteurs","status":"publish","type":"page","link":"https:\/\/www.tierslivre.net\/ateliers\/atelier-index-sommaires\/photofictions\/photofictions-les-autrices%c2%b7auteurs\/","title":{"rendered":"#photofictions | les autrices\u00b7auteurs"},"content":{"rendered":"\n<p>La liste des autrices\u00b7auteurs du nouveau cycle \u00abphotofictions\u00bb seront int\u00e9gr\u00e9\u00b7e\u00b7s \u00e0 mesure de leur premi\u00e8re publication. En cas d&rsquo;oubli ou erreur lien, merci le signaler&nbsp;!<\/p>\n\n\n\n<p>\u2013 <a href=\"https:\/\/www.tierslivre.net\/ateliers\/author\/maouezig\/\">Gwen Abgrall Servettaz<\/a><br>\u2013 <a href=\"https:\/\/www.tierslivre.net\/ateliers\/author\/halbernhe\/\">Huguette Albernhe<\/a><br>\u2013 <a href=\"https:\/\/www.tierslivre.net\/ateliers\/author\/hvbarroso\/\">Helena Barroso<\/a><br>\u2013 <a href=\"https:\/\/www.tierslivre.net\/ateliers\/author\/cbouillot\/\">C\u00e9cile Bouillot<\/a><br>\u2013 <a href=\"https:\/\/www.tierslivre.net\/ateliers\/author\/filberger\/\">Fil Berger<\/a><br>\u2013 <a href=\"https:\/\/www.tierslivre.net\/ateliers\/author\/romainbv\/\">Romain Bert Varlez<\/a><br>\u2013 <a href=\"https:\/\/www.tierslivre.net\/ateliers\/author\/pblanchon\/\">Patrick Blanchon<\/a><br>\u2013 <a href=\"https:\/\/www.tierslivre.net\/ateliers\/author\/mguenon\/\">Muriel Boussarie<\/a><br>\u2013 <a href=\"https:\/\/www.tierslivre.net\/ateliers\/author\/abrabant\/\">Annick Brabant<\/a><br>\u2013 <a href=\"https:\/\/www.tierslivre.net\/ateliers\/author\/fbreton\/\">Fran\u00e7oise Breton<\/a><br>\u2013 <a href=\"https:\/\/www.tierslivre.net\/ateliers\/author\/mcohen\/\">Mich\u00e8le C.<\/a><br>\u2013 <a href=\"https:\/\/www.tierslivre.net\/ateliers\/author\/cecile-camatte\/\">C\u00e9cile Camatte<\/a><br>\u2013 <a href=\"https:\/\/www.tierslivre.net\/ateliers\/author\/jeromece\/\">J\u00e9r\u00f4me C\u00e9<\/a><br>\u2013 <a href=\"https:\/\/www.tierslivre.net\/ateliers\/author\/brigetoun\/\">Brigitte C\u00e9l\u00e9rier<\/a><br>\u2013 <a href=\"https:\/\/www.tierslivre.net\/ateliers\/author\/jluc-chovelon\/\">Jean-Luc Chovelon<\/a><br>\u2013\u00a0 <a href=\"https:\/\/www.tierslivre.net\/ateliers\/author\/pierodebelleville\/\">Piero Cohen Hadria<\/a><br>\u2013 <a href=\"https:\/\/www.tierslivre.net\/ateliers\/author\/ecordoliani\/\">Emmanuelle Cordoliani<\/a><br>\u2013 <a href=\"https:\/\/www.tierslivre.net\/ateliers\/author\/jcortese\/\">Juliette Cortese<\/a><br>\u2013 <a href=\"https:\/\/www.tierslivre.net\/ateliers\/author\/sandrine-cuzzucoli\/\">Sandrine Cuzzucoli<\/a><br>\u2013 <a href=\"https:\/\/www.tierslivre.net\/ateliers\/author\/lur6nt\/\">Laurent D.<\/a><br>\u2013 <a href=\"https:\/\/www.tierslivre.net\/ateliers\/author\/idartiguelongue\/\">Isabelle Dartiguelongue<\/a><br>\u2013 <a href=\"https:\/\/www.tierslivre.net\/ateliers\/author\/adejardin\/\">Anne Dejardin<\/a><br>\u2013 <a href=\"https:\/\/www.tierslivre.net\/ateliers\/author\/cdeligny\/\">Christiane Deligny<\/a><br>\u2013 <a href=\"https:\/\/www.tierslivre.net\/ateliers\/author\/jderimay\/\">Juliette Derimay<\/a><br>\u2013 <a href=\"https:\/\/www.tierslivre.net\/ateliers\/author\/carolinediaz\/\">Caroline Diaz<\/a><br>\u2013 <a href=\"https:\/\/www.tierslivre.net\/ateliers\/author\/l-diez\/\">Lisa Diez<\/a><br>\u2013 <a href=\"https:\/\/www.tierslivre.net\/ateliers\/author\/ldipietro\/\">Line D.P.<\/a><br>\u2013 <a href=\"https:\/\/www.tierslivre.net\/ateliers\/author\/asdumeige\/\">Anne-Sophie Dumeige<\/a><br>\u2013 <a href=\"https:\/\/www.tierslivre.net\/ateliers\/author\/bernardd\/\">Bernard Dudoignon<\/a><br>\u2013 <a href=\"https:\/\/www.tierslivre.net\/ateliers\/author\/neuzen\/\">Nolwenn Euzen<\/a><br>\u2013 <a href=\"https:\/\/www.tierslivre.net\/ateliers\/author\/vfrancey\/\">Vincent Francey<\/a><br>\u2013 <a href=\"https:\/\/www.tierslivre.net\/ateliers\/author\/menilorac\/\">Marie-Caroline Gallot<\/a><br>\u2013 <a href=\"#65 | GINA PANE ENFONCE UN RAYON DE SOLEIL  histoire de la litt\u00e9rature volume 2 pr\u00e9figuration  \u2022 sommaire de la s\u00e9rie au quotidien https:\/\/www.tierslivre.net\/spip\/spip.php?article5175\">Ir\u00e8ne Garmendia<\/a><br>\u2013 <a href=\"https:\/\/www.tierslivre.net\/ateliers\/author\/dgodardlivet\/\">Dani\u00e8le Godard-Livet<\/a><br>\u2013 <a href=\"https:\/\/www.tierslivre.net\/ateliers\/author\/bpelissou\/\">Betty Gomez<\/a><br>\u2013 <a href=\"https:\/\/www.tierslivre.net\/ateliers\/author\/jmgraas\/\">Jean-Marie Graas<\/a><br>\u2013 <a href=\"https:\/\/www.tierslivre.net\/ateliers\/author\/sophie-grail\/\">Sophie Grail<\/a><br>\u2013 <a href=\"https:\/\/www.tierslivre.net\/ateliers\/author\/jndrix\/\">Jen Hendryckx<\/a><br>\u2013 <a href=\"https:\/\/www.tierslivre.net\/ateliers\/author\/nholt\/\">Nathalie Holt<\/a> <br>\u2013 <a href=\"https:\/\/www.tierslivre.net\/ateliers\/author\/elise-hl\/\">\u00c9lise Hugueny-L\u00e9ger<\/a><br>\u2013 <a href=\"https:\/\/www.tierslivre.net\/ateliers\/author\/laure-humbel\/\">Laure Humbel<\/a><br>\u2013 <a href=\"https:\/\/www.tierslivre.net\/ateliers\/author\/ckoeckx\/\">Catherine Koeckx<\/a><br>\u2013 <a href=\"https:\/\/www.tierslivre.net\/ateliers\/author\/flaisne\/\">Franck Laisn\u00e9<\/a><br>\u2013 <a href=\"https:\/\/www.tierslivre.net\/ateliers\/author\/clegoff\/\">Claire Le Goff<\/a><br>\u2013 <a href=\"https:\/\/www.tierslivre.net\/ateliers\/author\/vmuller\/\">V\u00e9ronique M.<\/a><br>\u2013 <a href=\"https:\/\/www.tierslivre.net\/ateliers\/author\/tristanmat\/\">Tristan Mat<\/a><br>\u2013 <a href=\"https:\/\/www.tierslivre.net\/ateliers\/author\/christiane-mansaud\/\">Christiane Mansaud<\/a><br>\u2013 <a href=\"https:\/\/www.tierslivre.net\/ateliers\/author\/clarencem\/\">Clarence Massiani<\/a><br>\u2013 <a href=\"https:\/\/www.tierslivre.net\/ateliers\/author\/mariemoscardini\/\">Marie Moscardini<\/a><br>\u2013 <a href=\"https:\/\/www.tierslivre.net\/ateliers\/author\/upandolfi\/\">Ugo Pandolfi<\/a><br>\u2013 <a href=\"https:\/\/www.tierslivre.net\/ateliers\/author\/cathplee\/\">Catherine Pl\u00e9e<\/a><br>\u2013 <a href=\"https:\/\/www.tierslivre.net\/ateliers\/author\/gqueyrel\/\">G\u00e9raldine Queyrel<\/a><br>\u2013 <a href=\"https:\/\/www.tierslivre.net\/ateliers\/author\/aravet\/\">Antoine Ravet<\/a><br>\u2013 <a href=\"https:\/\/www.tierslivre.net\/ateliers\/author\/frenaud\/\">Fran\u00e7oise Renaud<\/a><br>\u2013 <a href=\"https:\/\/www.tierslivre.net\/ateliers\/author\/psablonnieres\/\">Pascale Sablonni\u00e8res<\/a><br>\u2013 <a href=\"https:\/\/www.tierslivre.net\/ateliers\/author\/psahuc\/\">Philippe Sahuc Sa\u00fcc<\/a><br>\u2013 <a href=\"https:\/\/www.tierslivre.net\/ateliers\/author\/oscelo\/\">Olivia Sc\u00e9lo<\/a><br>\u2013\u00a0<a href=\"https:\/\/www.tierslivre.net\/ateliers\/author\/cserre\/\">Catherine Serre<\/a><br>\u2013 <a href=\"https:\/\/www.tierslivre.net\/ateliers\/author\/laurent-stratos\/\">Laurent Stratos<\/a><br>\u2013 <a href=\"https:\/\/www.tierslivre.net\/ateliers\/author\/marion\/\">Marion T.<\/a><br>\u2013 <a href=\"https:\/\/www.tierslivre.net\/ateliers\/author\/jacdeturenne\/\">Jacques de Turenne<\/a><br>\u2013 <a href=\"https:\/\/www.tierslivre.net\/ateliers\/author\/marietutello\/\">Marie Tutello<\/a><br>\u2013 <a href=\"https:\/\/www.tierslivre.net\/ateliers\/author\/lorenvi\/\">Laurent V.<\/a><br>\u2013 <a href=\"https:\/\/www.tierslivre.net\/ateliers\/author\/pvallens\/\">Perle Vallens<\/a><br>\u2013\u00a0<a href=\"http:\/\/taban.canalblog.com\/archives\/2015\/05\/10\/32033451.html\">Xavier Waechter<\/a><br>\u2013 <a href=\"https:\/\/www.tierslivre.net\/ateliers\/author\/wpaille\/\">Will<\/a><br>\u2013 <\/p>\n","protected":false},"excerpt":{"rendered":"<p>La liste des autrices\u00b7auteurs du nouveau cycle \u00abphotofictions\u00bb seront int\u00e9gr\u00e9\u00b7e\u00b7s \u00e0 mesure de leur premi\u00e8re publication. En cas d&rsquo;oubli ou erreur lien, merci le signaler&nbsp;! \u2013 Gwen Abgrall Servettaz\u2013 Huguette Albernhe\u2013 Helena Barroso\u2013 C\u00e9cile Bouillot\u2013 Fil Berger\u2013 Romain Bert Varlez\u2013 Patrick Blanchon\u2013 Muriel Boussarie\u2013 Annick Brabant\u2013 Fran\u00e7oise Breton\u2013 Mich\u00e8le C.\u2013 C\u00e9cile Camatte\u2013 J\u00e9r\u00f4me C\u00e9\u2013 Brigitte C\u00e9l\u00e9rier\u2013 Jean-Luc Chovelon\u2013\u00a0 Piero Cohen <a class=\"more-link\" href=\"https:\/\/www.tierslivre.net\/ateliers\/atelier-index-sommaires\/photofictions\/photofictions-les-autrices%c2%b7auteurs\/\">Continuer la lecture<span class=\"screen-reader-text\">#photofictions | les autrices\u00b7auteurs<\/span><span class=\"meta-nav\">&rarr;<\/span><\/a><\/p>\n","protected":false},"author":1,"featured_media":0,"parent":91324,"menu_order":2,"comment_status":"closed","ping_status":"closed","template":"","meta":{"h5ap_radio_sources":[],"footnotes":""},"class_list":["post-91328","page","type-page","status-publish","hentry"],"_links":{"self":[{"href":"https:\/\/www.tierslivre.net\/ateliers\/wp-json\/wp\/v2\/pages\/91328","targetHints":{"allow":["GET"]}}],"collection":[{"href":"https:\/\/www.tierslivre.net\/ateliers\/wp-json\/wp\/v2\/pages"}],"about":[{"href":"https:\/\/www.tierslivre.net\/ateliers\/wp-json\/wp\/v2\/types\/page"}],"author":[{"embeddable":true,"href":"https:\/\/www.tierslivre.net\/ateliers\/wp-json\/wp\/v2\/users\/1"}],"replies":[{"embeddable":true,"href":"https:\/\/www.tierslivre.net\/ateliers\/wp-json\/wp\/v2\/comments?post=91328"}],"version-history":[{"count":3,"href":"https:\/\/www.tierslivre.net\/ateliers\/wp-json\/wp\/v2\/pages\/91328\/revisions"}],"predecessor-version":[{"id":93899,"href":"https:\/\/www.tierslivre.net\/ateliers\/wp-json\/wp\/v2\/pages\/91328\/revisions\/93899"}],"up":[{"embeddable":true,"href":"https:\/\/www.tierslivre.net\/ateliers\/wp-json\/wp\/v2\/pages\/91324"}],"wp:attachment":[{"href":"https:\/\/www.tierslivre.net\/ateliers\/wp-json\/wp\/v2\/media?parent=91328"}],"curies":[{"name":"wp","href":"https:\/\/api.w.org\/{rel}","templated":true}]}}