{"id":97506,"date":"2022-11-09T11:17:06","date_gmt":"2022-11-09T10:17:06","guid":{"rendered":"https:\/\/www.tierslivre.net\/ateliers\/?page_id=97506"},"modified":"2022-12-26T08:36:06","modified_gmt":"2022-12-26T07:36:06","slug":"hiver-2021-de-lautobiographie-comme-fiction","status":"publish","type":"page","link":"https:\/\/www.tierslivre.net\/ateliers\/atelier-index-sommaires\/hiver-2021-de-lautobiographie-comme-fiction\/","title":{"rendered":"#cycles | de l\u2019autobiographie comme fiction"},"content":{"rendered":"\n<p><\/p>\n\n\n\n<p>_ 2021.12.12 |&nbsp;<a href=\"https:\/\/www.tierslivre.net\/spip\/spip.php?article5033\">Annie Ernaux, la voix narratrice<\/a>, et cat\u00e9gorie <a href=\"https:\/\/www.tierslivre.net\/ateliers\/category\/atelier-permanent\/autobiographies-13\/\">autobiographies #13<\/a><\/p>\n\n\n\n<p>_ 2021.12.05 |&nbsp;<a href=\"https:\/\/www.tierslivre.net\/spip\/spip.php?article5032\">Madeleine sans les tweets<\/a>, et cat\u00e9gorie <a href=\"https:\/\/www.tierslivre.net\/ateliers\/category\/atelier-permanent\/autobiographies-12\/\" data-type=\"URL\" data-id=\"https:\/\/www.tierslivre.net\/ateliers\/category\/atelier-permanent\/autobiographies-12\/\">autobiographies #12<\/a><\/p>\n\n\n\n<p>_ 2021.11.28 | <a href=\"https:\/\/www.tierslivre.net\/spip\/spip.php?article5026\">Gertrude Stein, robes, chapeaux, bo\u00eetes, ombrelle<\/a>, et cat\u00e9gorie <a href=\"https:\/\/www.tierslivre.net\/ateliers\/category\/atelier-permanent\/autobiographies-11\/\">autobiographies #11<\/a><\/p>\n\n\n\n<p>_ 2021.11.21 | <a href=\"https:\/\/www.tierslivre.net\/spip\/spip.php?article5024\">Anne-James Chaton, elle + elle + elle<\/a>, et cat\u00e9gorie <a href=\"https:\/\/www.tierslivre.net\/ateliers\/category\/atelier-permanent\/autobiographies-10\/\">autobiographies #10<\/a><\/p>\n\n\n\n<p>_ 2021.11.14 |&nbsp;<a href=\"https:\/\/www.tierslivre.net\/spip\/spip.php?article5023\">Echenoz passe-muraille<\/a>, et cat\u00e9gorie <a href=\"https:\/\/www.tierslivre.net\/ateliers\/category\/atelier-permanent\/autobiographies-09\/\">autobiographies #09<\/a><\/p>\n\n\n\n<p>_ 2021.11.07 | <a href=\"https:\/\/www.tierslivre.net\/spip\/spip.php?article5022\">lieux point-virgule lieux<\/a>, et cat\u00e9gorie <a href=\"https:\/\/www.tierslivre.net\/ateliers\/category\/atelier-permanent\/autobiographies-08\/\">autobiographies #08<\/a><\/p>\n\n\n\n<p>_ 2021.10.31 |&nbsp;<a href=\"https:\/\/www.tierslivre.net\/spip\/spip.php?article5021\">portes (mais avec Proust &amp; Perec)<\/a>, et cat\u00e9gorie <a href=\"https:\/\/www.tierslivre.net\/ateliers\/category\/atelier-permanent\/autobiographies-07\/\">autobiographies #07<\/a> <\/p>\n\n\n\n<div data-wp-interactive=\"core\/file\" class=\"wp-block-file\"><object data-wp-bind--hidden=\"!state.hasPdfPreview\" hidden class=\"wp-block-file__embed\" data=\"https:\/\/www.tierslivre.net\/ateliers\/wp-content\/uploads\/2021\/11\/portes_V2.pdf\" type=\"application\/pdf\" style=\"width:100%;height:600px\" aria-label=\"Contenu embarqu\u00e9 portes_V2.\"><\/object><a id=\"wp-block-file--media-264631dc-a948-496b-8137-7fca9f93757b\" href=\"https:\/\/www.tierslivre.net\/ateliers\/wp-content\/uploads\/2021\/11\/portes_V2.pdf\">portes_V2<\/a><a href=\"https:\/\/www.tierslivre.net\/ateliers\/wp-content\/uploads\/2021\/11\/portes_V2.pdf\" class=\"wp-block-file__button wp-element-button\" download aria-describedby=\"wp-block-file--media-264631dc-a948-496b-8137-7fca9f93757b\">T\u00e9l\u00e9charger<\/a><\/div>\n\n\n\n<p>_ 2021.10.24 |<a href=\"https:\/\/www.tierslivre.net\/spip\/spip.php?article5020\"> long voyage de nuit (Claude Simon, Marguerite Duras)<\/a> et cat\u00e9gorie a<a href=\"https:\/\/www.tierslivre.net\/ateliers\/category\/atelier-permanent\/autobiographies-06\/\">utobiographies #06<\/a><\/p>\n\n\n\n<p>_ 2021.10.17 |  <a href=\"https:\/\/www.tierslivre.net\/spip\/spip.php?article5017\">strat\u00e9gies pour la r\u00e9\u00e9criture: la m\u00e9thode Echenoz<\/a>, et cat\u00e9gorie <a href=\"https:\/\/www.tierslivre.net\/ateliers\/category\/atelier-permanent\/autobiographies-05-reecriture\/\">autobiorgaphies #05<\/a><\/p>\n\n\n\n<p>_ 2021.10.10 | <a href=\"https:\/\/www.tierslivre.net\/spip\/spip.php?article5015\">ouvrir les lieux, le carnet d&rsquo;adresses<\/a>, et cat\u00e9gorie <a href=\"https:\/\/www.tierslivre.net\/ateliers\/category\/atelier-permanent\/autobiographies-04\/\">autobiographies #04<\/a><\/p>\n\n\n\n<p>_ 2021.10.03 | <a href=\"https:\/\/www.tierslivre.net\/spip\/spip.php?article5014\">des arbres comme \u00e9criture, avec Sumana Roy<\/a>, et cat\u00e9gorie <a href=\"https:\/\/www.tierslivre.net\/ateliers\/category\/atelier-permanent\/autobiographie-03\/\">autobiographies #03<\/a><\/p>\n\n\n\n<p>_ 2021.09.26 | <a href=\"https:\/\/www.tierslivre.net\/spip\/spip.php?article5013\">portraits crach\u00e9s, avec Yves Pag\u00e8s<\/a>, et cat\u00e9gorie <a href=\"https:\/\/www.tierslivre.net\/ateliers\/category\/atelier-permanent\/autobiographie-02\/\">autobiographies #02<\/a><\/p>\n\n\n\n<p>_ 2021.09.19 | <a href=\"https:\/\/www.tierslivre.net\/spip\/spip.php?article5009\"> images int\u00e9rieures, avec Danielle Collobert<\/a> et cat\u00e9gorie <a href=\"https:\/\/www.tierslivre.net\/ateliers\/category\/atelier-permanent\/autobiographie-01\/\">autobiographies #01<\/a><\/p>\n","protected":false},"excerpt":{"rendered":"<p>_ 2021.12.12 |&nbsp;Annie Ernaux, la voix narratrice, et cat\u00e9gorie autobiographies #13 _ 2021.12.05 |&nbsp;Madeleine sans les tweets, et cat\u00e9gorie autobiographies #12 _ 2021.11.28 | Gertrude Stein, robes, chapeaux, bo\u00eetes, ombrelle, et cat\u00e9gorie autobiographies #11 _ 2021.11.21 | Anne-James Chaton, elle + elle + elle, et cat\u00e9gorie autobiographies #10 _ 2021.11.14 |&nbsp;Echenoz passe-muraille, et cat\u00e9gorie autobiographies #09 _ 2021.11.07 | lieux <a class=\"more-link\" href=\"https:\/\/www.tierslivre.net\/ateliers\/atelier-index-sommaires\/hiver-2021-de-lautobiographie-comme-fiction\/\">Continuer la lecture<span class=\"screen-reader-text\">#cycles | de l\u2019autobiographie comme fiction<\/span><span class=\"meta-nav\">&rarr;<\/span><\/a><\/p>\n","protected":false},"author":1,"featured_media":0,"parent":65365,"menu_order":5,"comment_status":"closed","ping_status":"closed","template":"","meta":{"h5ap_radio_sources":[],"footnotes":""},"class_list":["post-97506","page","type-page","status-publish","hentry"],"_links":{"self":[{"href":"https:\/\/www.tierslivre.net\/ateliers\/wp-json\/wp\/v2\/pages\/97506","targetHints":{"allow":["GET"]}}],"collection":[{"href":"https:\/\/www.tierslivre.net\/ateliers\/wp-json\/wp\/v2\/pages"}],"about":[{"href":"https:\/\/www.tierslivre.net\/ateliers\/wp-json\/wp\/v2\/types\/page"}],"author":[{"embeddable":true,"href":"https:\/\/www.tierslivre.net\/ateliers\/wp-json\/wp\/v2\/users\/1"}],"replies":[{"embeddable":true,"href":"https:\/\/www.tierslivre.net\/ateliers\/wp-json\/wp\/v2\/comments?post=97506"}],"version-history":[{"count":2,"href":"https:\/\/www.tierslivre.net\/ateliers\/wp-json\/wp\/v2\/pages\/97506\/revisions"}],"predecessor-version":[{"id":111175,"href":"https:\/\/www.tierslivre.net\/ateliers\/wp-json\/wp\/v2\/pages\/97506\/revisions\/111175"}],"up":[{"embeddable":true,"href":"https:\/\/www.tierslivre.net\/ateliers\/wp-json\/wp\/v2\/pages\/65365"}],"wp:attachment":[{"href":"https:\/\/www.tierslivre.net\/ateliers\/wp-json\/wp\/v2\/media?parent=97506"}],"curies":[{"name":"wp","href":"https:\/\/api.w.org\/{rel}","templated":true}]}}